{"id":343037,"date":"2023-09-11T16:55:57","date_gmt":"2023-09-11T14:55:57","guid":{"rendered":"https:\/\/dev.sysvol.hu\/belso\/termek\/szegecsfej-56-mm-sf25\/"},"modified":"2025-10-12T15:01:09","modified_gmt":"2025-10-12T13:01:09","slug":"szegecsfej-56-mm-sf25","status":"publish","type":"product","link":"https:\/\/cipokellekek.hu\/en\/uzlet\/szegecsek\/dupla-szegecsek\/szegecsfej-56-mm-sf25\/","title":{"rendered":"Szegecsfej (5,6 mm) (SF2,5)"},"content":{"rendered":"<div class=\"note note-1\">A: 5,6 mm Hozz\u00e1 tartoz\u00f3 szegecsl\u00e1b: SL2,5<\/div>\n<div class=\"note note-2\">A minim\u00e1lisan rendelhet\u0151 mennyis\u00e9g bizonyos sz\u00edn vagy m\u00e9ret eset\u00e9n, a gy\u00e1rt\u00e1si minimum figyelembev\u00e9tele miatt v\u00e1ltozhat.<\/div>\n<div class=\"note note-3\"><\/div>","protected":false},"excerpt":{"rendered":"<p>A: 5,6 mm Hozz\u00e1 tartoz\u00f3 szegecsl\u00e1b: SL2,5<\/p>","protected":false},"featured_media":351389,"comment_status":"closed","ping_status":"closed","template":"","meta":{"_seopress_robots_primary_cat":"none","_seopress_titles_title":"Szegecsfej (5,6 mm) (SF2,5)","_seopress_titles_desc":"A: 5,6 mm Hozz\u00e1 tartoz\u00f3 szegecsl\u00e1b: SL2,5","_seopress_robots_index":""},"product_brand":[],"product_cat":[2179,2178],"product_tag":[2364,2363,2295],"class_list":{"0":"post-343037","1":"product","2":"type-product","3":"status-publish","4":"has-post-thumbnail","6":"product_cat-dupla-szegecsek","7":"product_cat-szegecsek","8":"product_tag-bordiszmu-es-ruhagyartas","9":"product_tag-cipogyartas-es-cipojavitas","10":"product_tag-nyomdaipar","11":"pa_anyag-rez","12":"pa_anyag-vas","13":"pa_szin-arany","14":"pa_szin-bronz-antik","15":"pa_szin-bronzex","16":"pa_szin-ezust-antik","17":"pa_szin-fekete-nikkel","18":"pa_szin-fenyes-sargarez","19":"pa_szin-festett-ral","20":"pa_szin-matt-nikkel","21":"pa_szin-nikkel","22":"pa_szin-nikkelmentes-nikkel","23":"pa_szin-rozsaszin-arany","24":"pa_szin-sargarez-antik","26":"first","27":"instock","28":"purchasable","29":"product-type-variable"},"_links":{"self":[{"href":"https:\/\/cipokellekek.hu\/en\/wp-json\/wp\/v2\/product\/343037","targetHints":{"allow":["GET"]}}],"collection":[{"href":"https:\/\/cipokellekek.hu\/en\/wp-json\/wp\/v2\/product"}],"about":[{"href":"https:\/\/cipokellekek.hu\/en\/wp-json\/wp\/v2\/types\/product"}],"replies":[{"embeddable":true,"href":"https:\/\/cipokellekek.hu\/en\/wp-json\/wp\/v2\/comments?post=343037"}],"wp:featuredmedia":[{"embeddable":true,"href":"https:\/\/cipokellekek.hu\/en\/wp-json\/wp\/v2\/media\/351389"}],"wp:attachment":[{"href":"https:\/\/cipokellekek.hu\/en\/wp-json\/wp\/v2\/media?parent=343037"}],"wp:term":[{"taxonomy":"product_brand","embeddable":true,"href":"https:\/\/cipokellekek.hu\/en\/wp-json\/wp\/v2\/product_brand?post=343037"},{"taxonomy":"product_cat","embeddable":true,"href":"https:\/\/cipokellekek.hu\/en\/wp-json\/wp\/v2\/product_cat?post=343037"},{"taxonomy":"product_tag","embeddable":true,"href":"https:\/\/cipokellekek.hu\/en\/wp-json\/wp\/v2\/product_tag?post=343037"}],"curies":[{"name":"wp","href":"https:\/\/api.w.org\/{rel}","templated":true}]}}