{"id":343021,"date":"2023-09-11T16:54:42","date_gmt":"2023-09-11T14:54:42","guid":{"rendered":"https:\/\/dev.sysvol.hu\/belso\/termek\/szegecsfej-4-mm-sf15\/"},"modified":"2025-10-12T15:08:17","modified_gmt":"2025-10-12T13:08:17","slug":"szegecsfej-4-mm-sf15","status":"publish","type":"product","link":"https:\/\/cipokellekek.hu\/en\/uzlet\/szegecsek\/dupla-szegecsek\/szegecsfej-4-mm-sf15\/","title":{"rendered":"Szegecsfej (4 mm) (SF1,5)"},"content":{"rendered":"<div class=\"note note-1\">Vas alap\u00fa mini szegecs. A: 4 mm Hozz\u00e1 tartoz\u00f3 szegecsl\u00e1b: SL1,5<\/div>\n<div class=\"note note-2\"><\/div>\n<div class=\"note note-3\"><\/div>","protected":false},"excerpt":{"rendered":"<p>Vas alap\u00fa mini szegecs. A: 4 mm Hozz\u00e1 tartoz\u00f3 szegecsl\u00e1b: SL1,5<\/p>","protected":false},"featured_media":351385,"comment_status":"closed","ping_status":"closed","template":"","meta":{"_seopress_robots_primary_cat":"none","_seopress_titles_title":"Szegecsfej (4 mm) (SF1,5)","_seopress_titles_desc":"Vas alap\u00fa mini szegecs. A: 4 mm Hozz\u00e1 tartoz\u00f3 szegecsl\u00e1b: SL1,5","_seopress_robots_index":""},"product_brand":[],"product_cat":[2179,2178],"product_tag":[2364,2363,2295],"class_list":{"0":"post-343021","1":"product","2":"type-product","3":"status-publish","4":"has-post-thumbnail","6":"product_cat-dupla-szegecsek","7":"product_cat-szegecsek","8":"product_tag-bordiszmu-es-ruhagyartas","9":"product_tag-cipogyartas-es-cipojavitas","10":"product_tag-nyomdaipar","11":"pa_szin-fenyes-sargarez","12":"pa_szin-nikkel","14":"first","15":"instock","16":"purchasable","17":"product-type-variable"},"_links":{"self":[{"href":"https:\/\/cipokellekek.hu\/en\/wp-json\/wp\/v2\/product\/343021","targetHints":{"allow":["GET"]}}],"collection":[{"href":"https:\/\/cipokellekek.hu\/en\/wp-json\/wp\/v2\/product"}],"about":[{"href":"https:\/\/cipokellekek.hu\/en\/wp-json\/wp\/v2\/types\/product"}],"replies":[{"embeddable":true,"href":"https:\/\/cipokellekek.hu\/en\/wp-json\/wp\/v2\/comments?post=343021"}],"wp:featuredmedia":[{"embeddable":true,"href":"https:\/\/cipokellekek.hu\/en\/wp-json\/wp\/v2\/media\/351385"}],"wp:attachment":[{"href":"https:\/\/cipokellekek.hu\/en\/wp-json\/wp\/v2\/media?parent=343021"}],"wp:term":[{"taxonomy":"product_brand","embeddable":true,"href":"https:\/\/cipokellekek.hu\/en\/wp-json\/wp\/v2\/product_brand?post=343021"},{"taxonomy":"product_cat","embeddable":true,"href":"https:\/\/cipokellekek.hu\/en\/wp-json\/wp\/v2\/product_cat?post=343021"},{"taxonomy":"product_tag","embeddable":true,"href":"https:\/\/cipokellekek.hu\/en\/wp-json\/wp\/v2\/product_tag?post=343021"}],"curies":[{"name":"wp","href":"https:\/\/api.w.org\/{rel}","templated":true}]}}