{"id":343001,"date":"2023-09-11T16:54:42","date_gmt":"2023-09-11T14:54:42","guid":{"rendered":"https:\/\/dev.sysvol.hu\/belso\/termek\/ontott-szabalyzo-25-mm-2462\/"},"modified":"2025-10-12T10:50:44","modified_gmt":"2025-10-12T08:50:44","slug":"ontott-szabalyzo-25-mm-2462","status":"publish","type":"product","link":"https:\/\/cipokellekek.hu\/en\/uzlet\/szabalyzok\/ontott-szabalyzo-25-mm-2462\/","title":{"rendered":"\u00d6nt\u00f6tt szab\u00e1lyz\u00f3 (25 mm) (2462)"},"content":{"rendered":"<div class=\"note note-1\">Mell\u00e9ny-, k\u00f6t\u00e9ny-, nadr\u00e1gp\u00e1nt\u00a0 szab\u00e1lyz\u00f3 csat. M\u00e9ret: 30 mm x 30 mm, 25 mm sz\u00e9les p\u00e1nthoz.<\/div>\n<div class=\"note note-2\">A minim\u00e1lisan rendelhet\u0151 mennyis\u00e9g bizonyos sz\u00edn vagy m\u00e9ret eset\u00e9n, a gy\u00e1rt\u00e1si minimum figyelembev\u00e9tele miatt v\u00e1ltozhat.<\/div>\n<div class=\"note note-3\"><\/div>","protected":false},"excerpt":{"rendered":"<p>Mell\u00e9ny-, k\u00f6t\u00e9ny-, nadr\u00e1gp\u00e1nt\u00a0 szab\u00e1lyz\u00f3 csat. M\u00e9ret: 30 mm x 30 mm, 25 mm sz\u00e9les p\u00e1nthoz.<\/p>","protected":false},"featured_media":351384,"comment_status":"closed","ping_status":"closed","template":"","meta":{"_seopress_robots_primary_cat":"none","_seopress_titles_title":"\u00d6nt\u00f6tt szab\u00e1lyz\u00f3 (25 mm) (2462)","_seopress_titles_desc":"Mell\u00e9ny-, k\u00f6t\u00e9ny-, nadr\u00e1gp\u00e1nt\u00a0 szab\u00e1lyz\u00f3 csat. M\u00e9ret: 30 mm x 30 mm, 25 mm sz\u00e9les p\u00e1nthoz.","_seopress_robots_index":""},"product_brand":[],"product_cat":[2177],"product_tag":[2364],"class_list":{"0":"post-343001","1":"product","2":"type-product","3":"status-publish","4":"has-post-thumbnail","6":"product_cat-szabalyzok","7":"product_tag-bordiszmu-es-ruhagyartas","8":"pa_szin-arany","9":"pa_szin-bronz-antik","10":"pa_szin-bronzex","11":"pa_szin-fekete-nikkel","12":"pa_szin-fenyes-sargarez","13":"pa_szin-kezi-szatinalt-sargarez-antik","14":"pa_szin-matt-nikkel","15":"pa_szin-nikkel","16":"pa_szin-nikkel-antik","17":"pa_szin-nikkelmentes-arany","18":"pa_szin-nikkelmentes-fekete-nikkel","19":"pa_szin-nikkelmentes-matt-nikkel","20":"pa_szin-nikkelmentes-nikkel","21":"pa_szin-nikkelmentes-nikkel-antik","22":"pa_szin-nikkelmentes-vilagos-arany","23":"pa_szin-rozsaszin-arany","24":"pa_szin-sargarez-antik","25":"pa_szin-vilagos-arany","26":"pa_szin-vilagos-sargarez-antik","28":"first","29":"instock","30":"purchasable","31":"product-type-variable"},"_links":{"self":[{"href":"https:\/\/cipokellekek.hu\/en\/wp-json\/wp\/v2\/product\/343001","targetHints":{"allow":["GET"]}}],"collection":[{"href":"https:\/\/cipokellekek.hu\/en\/wp-json\/wp\/v2\/product"}],"about":[{"href":"https:\/\/cipokellekek.hu\/en\/wp-json\/wp\/v2\/types\/product"}],"replies":[{"embeddable":true,"href":"https:\/\/cipokellekek.hu\/en\/wp-json\/wp\/v2\/comments?post=343001"}],"wp:featuredmedia":[{"embeddable":true,"href":"https:\/\/cipokellekek.hu\/en\/wp-json\/wp\/v2\/media\/351384"}],"wp:attachment":[{"href":"https:\/\/cipokellekek.hu\/en\/wp-json\/wp\/v2\/media?parent=343001"}],"wp:term":[{"taxonomy":"product_brand","embeddable":true,"href":"https:\/\/cipokellekek.hu\/en\/wp-json\/wp\/v2\/product_brand?post=343001"},{"taxonomy":"product_cat","embeddable":true,"href":"https:\/\/cipokellekek.hu\/en\/wp-json\/wp\/v2\/product_cat?post=343001"},{"taxonomy":"product_tag","embeddable":true,"href":"https:\/\/cipokellekek.hu\/en\/wp-json\/wp\/v2\/product_tag?post=343001"}],"curies":[{"name":"wp","href":"https:\/\/api.w.org\/{rel}","templated":true}]}}