{"id":342951,"date":"2023-09-11T16:54:42","date_gmt":"2023-09-11T14:54:42","guid":{"rendered":"https:\/\/dev.sysvol.hu\/belso\/termek\/ontott-szabalyzo-40-50-mm-2503\/"},"modified":"2025-10-12T10:46:35","modified_gmt":"2025-10-12T08:46:35","slug":"ontott-szabalyzo-40-50-mm-2503","status":"publish","type":"product","link":"https:\/\/cipokellekek.hu\/en\/uzlet\/szabalyzok\/ontott-szabalyzo-40-50-mm-2503\/","title":{"rendered":"\u00d6nt\u00f6tt szab\u00e1lyz\u00f3 (40-50 mm) (2503)"},"content":{"rendered":"<div class=\"note note-1\">T\u00e1skap\u00e1nt szab\u00e1lyz\u00f3 zamakb\u00f3l. Bels\u0151 sz\u00e9less\u00e9g: 20 vagy 25 mm<\/div>\n<div class=\"note note-2\">A minim\u00e1lisan rendelhet\u0151 mennyis\u00e9g bizonyos sz\u00edn vagy m\u00e9ret eset\u00e9n, a gy\u00e1rt\u00e1si minimum figyelembev\u00e9tele miatt v\u00e1ltozhat.<\/div>\n<div class=\"note note-3\"><\/div>","protected":false},"excerpt":{"rendered":"<p>T\u00e1skap\u00e1nt szab\u00e1lyz\u00f3 zamakb\u00f3l. Bels\u0151 sz\u00e9less\u00e9g: 20 vagy 25 mm<\/p>","protected":false},"featured_media":351382,"comment_status":"closed","ping_status":"closed","template":"","meta":{"_seopress_robots_primary_cat":"none","_seopress_titles_title":"\u00d6nt\u00f6tt szab\u00e1lyz\u00f3 (40-50 mm) (2503)","_seopress_titles_desc":"T\u00e1skap\u00e1nt szab\u00e1lyz\u00f3 zamakb\u00f3l. Bels\u0151 sz\u00e9less\u00e9g: 20 vagy 25 mm","_seopress_robots_index":""},"product_brand":[],"product_cat":[2177],"product_tag":[2364],"class_list":{"0":"post-342951","1":"product","2":"type-product","3":"status-publish","4":"has-post-thumbnail","6":"product_cat-szabalyzok","7":"product_tag-bordiszmu-es-ruhagyartas","8":"pa_meret-1871","9":"pa_meret-1872","10":"pa_szin-arany","11":"pa_szin-bronz-antik","12":"pa_szin-bronzex","13":"pa_szin-fekete-nikkel","14":"pa_szin-fenyes-sargarez","15":"pa_szin-kezi-szatinalt-sargarez-antik","16":"pa_szin-matt-nikkel","17":"pa_szin-nikkel","18":"pa_szin-nikkel-antik","19":"pa_szin-nikkelmentes-arany","20":"pa_szin-nikkelmentes-fekete-nikkel","21":"pa_szin-nikkelmentes-matt-nikkel","22":"pa_szin-nikkelmentes-nikkel","23":"pa_szin-nikkelmentes-nikkel-antik","24":"pa_szin-nikkelmentes-vilagos-arany","25":"pa_szin-rozsaszin-arany","26":"pa_szin-sargarez-antik","27":"pa_szin-vilagos-arany","28":"pa_szin-vilagos-sargarez-antik","30":"first","31":"instock","32":"featured","33":"purchasable","34":"product-type-variable"},"_links":{"self":[{"href":"https:\/\/cipokellekek.hu\/en\/wp-json\/wp\/v2\/product\/342951","targetHints":{"allow":["GET"]}}],"collection":[{"href":"https:\/\/cipokellekek.hu\/en\/wp-json\/wp\/v2\/product"}],"about":[{"href":"https:\/\/cipokellekek.hu\/en\/wp-json\/wp\/v2\/types\/product"}],"replies":[{"embeddable":true,"href":"https:\/\/cipokellekek.hu\/en\/wp-json\/wp\/v2\/comments?post=342951"}],"wp:featuredmedia":[{"embeddable":true,"href":"https:\/\/cipokellekek.hu\/en\/wp-json\/wp\/v2\/media\/351382"}],"wp:attachment":[{"href":"https:\/\/cipokellekek.hu\/en\/wp-json\/wp\/v2\/media?parent=342951"}],"wp:term":[{"taxonomy":"product_brand","embeddable":true,"href":"https:\/\/cipokellekek.hu\/en\/wp-json\/wp\/v2\/product_brand?post=342951"},{"taxonomy":"product_cat","embeddable":true,"href":"https:\/\/cipokellekek.hu\/en\/wp-json\/wp\/v2\/product_cat?post=342951"},{"taxonomy":"product_tag","embeddable":true,"href":"https:\/\/cipokellekek.hu\/en\/wp-json\/wp\/v2\/product_tag?post=342951"}],"curies":[{"name":"wp","href":"https:\/\/api.w.org\/{rel}","templated":true}]}}