{"id":342944,"date":"2023-09-11T16:54:42","date_gmt":"2023-09-11T14:54:42","guid":{"rendered":"https:\/\/dev.sysvol.hu\/belso\/termek\/ontott-szabalyzo-20-25-30-mm-50419\/"},"modified":"2025-10-12T10:42:48","modified_gmt":"2025-10-12T08:42:48","slug":"ontott-szabalyzo-20-25-30-mm-50419","status":"publish","type":"product","link":"https:\/\/cipokellekek.hu\/en\/uzlet\/szabalyzok\/ontott-szabalyzo-20-25-30-mm-50419\/","title":{"rendered":"\u00d6nt\u00f6tt szab\u00e1lyz\u00f3 (20-25-30 mm) (50419)"},"content":{"rendered":"<div class=\"note note-1\">T\u00e1skap\u00e1nt szab\u00e1lyz\u00f3 zamakb\u00f3l.<\/div>\n<div class=\"note note-2\">A minim\u00e1lisan rendelhet\u0151 mennyis\u00e9g bizonyos sz\u00edn vagy m\u00e9ret eset\u00e9n, a gy\u00e1rt\u00e1si minimum figyelembev\u00e9tele miatt v\u00e1ltozhat.<\/div>\n<div class=\"note note-3\"><\/div>","protected":false},"excerpt":{"rendered":"<p>T\u00e1skap\u00e1nt szab\u00e1lyz\u00f3 zamakb\u00f3l.<\/p>","protected":false},"featured_media":351381,"comment_status":"closed","ping_status":"closed","template":"","meta":{"_seopress_robots_primary_cat":"none","_seopress_titles_title":"\u00d6nt\u00f6tt szab\u00e1lyz\u00f3 (20-25-30 mm) (50419)","_seopress_titles_desc":"","_seopress_robots_index":""},"product_brand":[],"product_cat":[2177],"product_tag":[2364],"class_list":{"0":"post-342944","1":"product","2":"type-product","3":"status-publish","4":"has-post-thumbnail","6":"product_cat-szabalyzok","7":"product_tag-bordiszmu-es-ruhagyartas","8":"pa_meret-1903","9":"pa_meret-1906","10":"pa_meret-1870","11":"pa_szin-arany","12":"pa_szin-nikkel","14":"first","15":"instock","16":"purchasable","17":"product-type-variable"},"_links":{"self":[{"href":"https:\/\/cipokellekek.hu\/en\/wp-json\/wp\/v2\/product\/342944","targetHints":{"allow":["GET"]}}],"collection":[{"href":"https:\/\/cipokellekek.hu\/en\/wp-json\/wp\/v2\/product"}],"about":[{"href":"https:\/\/cipokellekek.hu\/en\/wp-json\/wp\/v2\/types\/product"}],"replies":[{"embeddable":true,"href":"https:\/\/cipokellekek.hu\/en\/wp-json\/wp\/v2\/comments?post=342944"}],"wp:featuredmedia":[{"embeddable":true,"href":"https:\/\/cipokellekek.hu\/en\/wp-json\/wp\/v2\/media\/351381"}],"wp:attachment":[{"href":"https:\/\/cipokellekek.hu\/en\/wp-json\/wp\/v2\/media?parent=342944"}],"wp:term":[{"taxonomy":"product_brand","embeddable":true,"href":"https:\/\/cipokellekek.hu\/en\/wp-json\/wp\/v2\/product_brand?post=342944"},{"taxonomy":"product_cat","embeddable":true,"href":"https:\/\/cipokellekek.hu\/en\/wp-json\/wp\/v2\/product_cat?post=342944"},{"taxonomy":"product_tag","embeddable":true,"href":"https:\/\/cipokellekek.hu\/en\/wp-json\/wp\/v2\/product_tag?post=342944"}],"curies":[{"name":"wp","href":"https:\/\/api.w.org\/{rel}","templated":true}]}}