{"id":342883,"date":"2023-09-11T16:54:42","date_gmt":"2023-09-11T14:54:42","guid":{"rendered":"https:\/\/dev.sysvol.hu\/belso\/termek\/hegesztett-szabalyzo-vashuzalbol-20-50-mm-50127-hegesztve\/"},"modified":"2025-10-12T10:36:06","modified_gmt":"2025-10-12T08:36:06","slug":"hegesztett-szabalyzo-vashuzalbol-20-50-mm-50127-hegesztve","status":"publish","type":"product","link":"https:\/\/cipokellekek.hu\/en\/uzlet\/szabalyzok\/hegesztett-szabalyzo-vashuzalbol-20-50-mm-50127-hegesztve\/","title":{"rendered":"Hegesztett szab\u00e1lyz\u00f3 vashuzalb\u00f3l (20-50 mm) (50127 HEGESZTVE)"},"content":{"rendered":"<div class=\"note note-1\">Hegesztett szab\u00e1lyz\u00f3 nagy terhel\u00e9s\u0171 t\u00e1sk\u00e1k, hevederek, kutyafelszerel\u00e9sek k\u00e9sz\u00edt\u00e9s\u00e9hez. Alapanyag: vashuzal<\/div>\n<div class=\"note note-2\">A minim\u00e1lisan rendelhet\u0151 mennyis\u00e9g bizonyos sz\u00edn vagy m\u00e9ret eset\u00e9n, a gy\u00e1rt\u00e1si minimum figyelembev\u00e9tele miatt v\u00e1ltozhat.<\/div>\n<div class=\"note note-3\"><\/div>","protected":false},"excerpt":{"rendered":"<p>Hegesztett szab\u00e1lyz\u00f3 nagy terhel\u00e9s\u0171 t\u00e1sk\u00e1k, hevederek, kutyafelszerel\u00e9sek k\u00e9sz\u00edt\u00e9s\u00e9hez. Alapanyag: vashuzal<\/p>","protected":false},"featured_media":351379,"comment_status":"closed","ping_status":"closed","template":"","meta":{"_seopress_robots_primary_cat":"none","_seopress_titles_title":"Hegesztett szab\u00e1lyz\u00f3 vashuzalb\u00f3l (20-50 mm) (50127 HEGESZTVE)","_seopress_titles_desc":"Hegesztett szab\u00e1lyz\u00f3 nagy terhel\u00e9s\u0171 t\u00e1sk\u00e1k, hevederek, kutyafelszerel\u00e9sek k\u00e9sz\u00edt\u00e9s\u00e9hez. Alapanyag: vashuzal","_seopress_robots_index":""},"product_brand":[],"product_cat":[2177],"product_tag":[2364],"class_list":{"0":"post-342883","1":"product","2":"type-product","3":"status-publish","4":"has-post-thumbnail","6":"product_cat-szabalyzok","7":"product_tag-bordiszmu-es-ruhagyartas","8":"pa_meret-1903","9":"pa_meret-1906","10":"pa_meret-1870","11":"pa_meret-1871","12":"pa_meret-1872","13":"pa_szin-arany","14":"pa_szin-bronz-antik","15":"pa_szin-bronzex","16":"pa_szin-ezust-antik","17":"pa_szin-fekete-nikkel","18":"pa_szin-fenyes-sargarez","19":"pa_szin-matt-nikkel","20":"pa_szin-nikkel","21":"pa_szin-nikkelmentes-nikkel","22":"pa_szin-rozsaszin-arany","23":"pa_szin-sargarez-antik","25":"first","26":"instock","27":"purchasable","28":"product-type-variable"},"_links":{"self":[{"href":"https:\/\/cipokellekek.hu\/en\/wp-json\/wp\/v2\/product\/342883","targetHints":{"allow":["GET"]}}],"collection":[{"href":"https:\/\/cipokellekek.hu\/en\/wp-json\/wp\/v2\/product"}],"about":[{"href":"https:\/\/cipokellekek.hu\/en\/wp-json\/wp\/v2\/types\/product"}],"replies":[{"embeddable":true,"href":"https:\/\/cipokellekek.hu\/en\/wp-json\/wp\/v2\/comments?post=342883"}],"wp:featuredmedia":[{"embeddable":true,"href":"https:\/\/cipokellekek.hu\/en\/wp-json\/wp\/v2\/media\/351379"}],"wp:attachment":[{"href":"https:\/\/cipokellekek.hu\/en\/wp-json\/wp\/v2\/media?parent=342883"}],"wp:term":[{"taxonomy":"product_brand","embeddable":true,"href":"https:\/\/cipokellekek.hu\/en\/wp-json\/wp\/v2\/product_brand?post=342883"},{"taxonomy":"product_cat","embeddable":true,"href":"https:\/\/cipokellekek.hu\/en\/wp-json\/wp\/v2\/product_cat?post=342883"},{"taxonomy":"product_tag","embeddable":true,"href":"https:\/\/cipokellekek.hu\/en\/wp-json\/wp\/v2\/product_tag?post=342883"}],"curies":[{"name":"wp","href":"https:\/\/api.w.org\/{rel}","templated":true}]}}