{"id":342827,"date":"2023-09-11T16:54:42","date_gmt":"2023-09-11T14:54:42","guid":{"rendered":"https:\/\/dev.sysvol.hu\/belso\/termek\/szabalyzo-vashuzalbol-20-50-mm-50127\/"},"modified":"2025-10-12T10:32:49","modified_gmt":"2025-10-12T08:32:49","slug":"szabalyzo-vashuzalbol-20-50-mm-50127","status":"publish","type":"product","link":"https:\/\/cipokellekek.hu\/en\/uzlet\/szabalyzok\/szabalyzo-vashuzalbol-20-50-mm-50127\/","title":{"rendered":"Szab\u00e1lyz\u00f3 vashuzalb\u00f3l (20-50 mm) (50127)"},"content":{"rendered":"<div class=\"note note-1\">Szab\u00e1lyz\u00f3 hegeszt\u00e9s n\u00e9lk\u00fcl, norm\u00e1l terhel\u00e9s eset\u00e9re, vashuzalb\u00f3l. M\u00e9retek: 20&#215;3,1 mm; 25&#215;2,8 mm, 30&#215;2,5 mm; 40&#215;2,8 mm; 50&#215;2,8 mm<\/div>\n<div class=\"note note-2\">A minim\u00e1lisan rendelhet\u0151 mennyis\u00e9g bizonyos sz\u00edn vagy m\u00e9ret eset\u00e9n, a gy\u00e1rt\u00e1si minimum figyelembev\u00e9tele miatt v\u00e1ltozhat.<\/div>\n<div class=\"note note-3\"><\/div>","protected":false},"excerpt":{"rendered":"<p>Szab\u00e1lyz\u00f3 hegeszt\u00e9s n\u00e9lk\u00fcl, norm\u00e1l terhel\u00e9s eset\u00e9re, vashuzalb\u00f3l. M\u00e9retek: 20&#215;3,1 mm; 25&#215;2,8 mm, 30&#215;2,5 mm; 40&#215;2,8 mm; 50&#215;2,8 mm<\/p>","protected":false},"featured_media":351378,"comment_status":"closed","ping_status":"closed","template":"","meta":{"_seopress_robots_primary_cat":"none","_seopress_titles_title":"Szab\u00e1lyz\u00f3 vashuzalb\u00f3l (20-50 mm) (50127)","_seopress_titles_desc":"Szab\u00e1lyz\u00f3 hegeszt\u00e9s n\u00e9lk\u00fcl, norm\u00e1l terhel\u00e9s eset\u00e9re, vashuzalb\u00f3l. M\u00e9retek: 20x3,1 mm; 25x2,8 mm, 30x2,5 mm; 40x2,8 mm; 50x2,8 mm","_seopress_robots_index":""},"product_brand":[],"product_cat":[2177],"product_tag":[2364],"class_list":{"0":"post-342827","1":"product","2":"type-product","3":"status-publish","4":"has-post-thumbnail","6":"product_cat-szabalyzok","7":"product_tag-bordiszmu-es-ruhagyartas","8":"pa_meret-1903","9":"pa_meret-1906","10":"pa_meret-1870","11":"pa_meret-1871","12":"pa_meret-1872","13":"pa_szin-arany","14":"pa_szin-bronz-antik","15":"pa_szin-bronzex","16":"pa_szin-ezust-antik","17":"pa_szin-fekete-nikkel","18":"pa_szin-fenyes-sargarez","19":"pa_szin-matt-nikkel","20":"pa_szin-nikkel","21":"pa_szin-nikkelmentes-nikkel","22":"pa_szin-rozsaszin-arany","23":"pa_szin-sargarez-antik","25":"first","26":"instock","27":"purchasable","28":"product-type-variable"},"_links":{"self":[{"href":"https:\/\/cipokellekek.hu\/en\/wp-json\/wp\/v2\/product\/342827","targetHints":{"allow":["GET"]}}],"collection":[{"href":"https:\/\/cipokellekek.hu\/en\/wp-json\/wp\/v2\/product"}],"about":[{"href":"https:\/\/cipokellekek.hu\/en\/wp-json\/wp\/v2\/types\/product"}],"replies":[{"embeddable":true,"href":"https:\/\/cipokellekek.hu\/en\/wp-json\/wp\/v2\/comments?post=342827"}],"wp:featuredmedia":[{"embeddable":true,"href":"https:\/\/cipokellekek.hu\/en\/wp-json\/wp\/v2\/media\/351378"}],"wp:attachment":[{"href":"https:\/\/cipokellekek.hu\/en\/wp-json\/wp\/v2\/media?parent=342827"}],"wp:term":[{"taxonomy":"product_brand","embeddable":true,"href":"https:\/\/cipokellekek.hu\/en\/wp-json\/wp\/v2\/product_brand?post=342827"},{"taxonomy":"product_cat","embeddable":true,"href":"https:\/\/cipokellekek.hu\/en\/wp-json\/wp\/v2\/product_cat?post=342827"},{"taxonomy":"product_tag","embeddable":true,"href":"https:\/\/cipokellekek.hu\/en\/wp-json\/wp\/v2\/product_tag?post=342827"}],"curies":[{"name":"wp","href":"https:\/\/api.w.org\/{rel}","templated":true}]}}