{"id":342672,"date":"2023-09-11T16:54:42","date_gmt":"2023-09-11T14:54:42","guid":{"rendered":"https:\/\/dev.sysvol.hu\/belso\/termek\/normal-patent-50023-normal\/"},"modified":"2025-10-14T11:25:40","modified_gmt":"2025-10-14T09:25:40","slug":"normal-patent-50023-normal","status":"publish","type":"product","link":"https:\/\/cipokellekek.hu\/en\/uzlet\/patentok\/normal-patent-50023-normal\/","title":{"rendered":"Norm\u00e1l patent (50023\/NORM\u00c1L)"},"content":{"rendered":"<div class=\"note note-1\">\n<div class=\"note note-2\">Javasolt norm\u00e1l er\u0151ss\u00e9get ig\u00e9nyl\u0151, ruh\u00e1zati term\u00e9kekhez, keszty\u0171kh\u00f6z.<\/div>\n<p>A minim\u00e1lisan rendelhet\u0151 mennyis\u00e9g bizonyos sz\u00edn vagy m\u00e9ret eset\u00e9n, a gy\u00e1rt\u00e1si minimum figyelembev\u00e9tele miatt v\u00e1ltozhat.<\/p>\n<\/div>\n<div class=\"note note-3\"><\/div>","protected":false},"excerpt":{"rendered":"<div class=\"note note-2\">Javasolt norm\u00e1l er\u0151ss\u00e9get ig\u00e9nyl\u0151, ruh\u00e1zati term\u00e9kekhez, keszty\u0171kh\u00f6z.<\/div>\n<p>A minim\u00e1lisan rendelhet\u0151 mennyis\u00e9g bizonyos sz\u00edn vagy m\u00e9ret eset\u00e9n, a gy\u00e1rt\u00e1si minimum figyelembev\u00e9tele miatt v\u00e1ltozhat.<\/p>","protected":false},"featured_media":351377,"comment_status":"closed","ping_status":"closed","template":"","meta":{"_seopress_robots_primary_cat":"none","_seopress_titles_title":"Norm\u00e1l patent (50023\/NORM\u00c1L)","_seopress_titles_desc":"Javasolt norm\u00e1l er\u0151ss\u00e9get ig\u00e9nyl\u0151, ruh\u00e1zati term\u00e9kekhez, keszty\u0171kh\u00f6z.","_seopress_robots_index":""},"product_brand":[],"product_cat":[2174],"product_tag":[2364],"class_list":{"0":"post-342672","1":"product","2":"type-product","3":"status-publish","4":"has-post-thumbnail","6":"product_cat-patentok","7":"product_tag-bordiszmu-es-ruhagyartas","8":"pa_anyag-rez","9":"pa_anyag-vas","10":"pa_meret-2176","11":"pa_meret-2175","12":"pa_meret-2171","13":"pa_meret-1900","14":"pa_meret-2172","15":"pa_meret-2173","16":"pa_meret-1903","17":"pa_szin-arany","18":"pa_szin-bronz-antik","19":"pa_szin-bronzex","20":"pa_szin-ezust-antik","21":"pa_szin-fekete-nikkel","22":"pa_szin-fenyes-sargarez","23":"pa_szin-matt-nikkel","24":"pa_szin-nikkel","25":"pa_szin-nikkelmentes-nikkel","26":"pa_szin-rozsaszin-arany","27":"pa_szin-sargarez-antik","29":"first","30":"instock","31":"purchasable","32":"product-type-variable"},"_links":{"self":[{"href":"https:\/\/cipokellekek.hu\/en\/wp-json\/wp\/v2\/product\/342672","targetHints":{"allow":["GET"]}}],"collection":[{"href":"https:\/\/cipokellekek.hu\/en\/wp-json\/wp\/v2\/product"}],"about":[{"href":"https:\/\/cipokellekek.hu\/en\/wp-json\/wp\/v2\/types\/product"}],"replies":[{"embeddable":true,"href":"https:\/\/cipokellekek.hu\/en\/wp-json\/wp\/v2\/comments?post=342672"}],"wp:featuredmedia":[{"embeddable":true,"href":"https:\/\/cipokellekek.hu\/en\/wp-json\/wp\/v2\/media\/351377"}],"wp:attachment":[{"href":"https:\/\/cipokellekek.hu\/en\/wp-json\/wp\/v2\/media?parent=342672"}],"wp:term":[{"taxonomy":"product_brand","embeddable":true,"href":"https:\/\/cipokellekek.hu\/en\/wp-json\/wp\/v2\/product_brand?post=342672"},{"taxonomy":"product_cat","embeddable":true,"href":"https:\/\/cipokellekek.hu\/en\/wp-json\/wp\/v2\/product_cat?post=342672"},{"taxonomy":"product_tag","embeddable":true,"href":"https:\/\/cipokellekek.hu\/en\/wp-json\/wp\/v2\/product_tag?post=342672"}],"curies":[{"name":"wp","href":"https:\/\/api.w.org\/{rel}","templated":true}]}}