{"id":342539,"date":"2023-09-11T16:54:42","date_gmt":"2023-09-11T14:54:42","guid":{"rendered":"https:\/\/dev.sysvol.hu\/belso\/termek\/eros-patent-50023-eros\/"},"modified":"2025-10-11T21:54:13","modified_gmt":"2025-10-11T19:54:13","slug":"eros-patent-50023-eros","status":"publish","type":"product","link":"https:\/\/cipokellekek.hu\/en\/uzlet\/patentok\/eros-patent-50023-eros\/","title":{"rendered":"Er\u0151s patent (50023\/ER\u0150S)"},"content":{"rendered":"<div class=\"note note-1\">A minim\u00e1lisan rendelhet\u0151 mennyis\u00e9g bizonyos sz\u00edn vagy m\u00e9ret eset\u00e9n, a gy\u00e1rt\u00e1si minimum figyelembev\u00e9tele miatt v\u00e1ltozhat.<\/div>\n<div class=\"note note-2\">Javasolt er\u0151s tart\u00e1st ig\u00e9nyl\u0151 b\u0151r term\u00e9kekhez, kab\u00e1tokhoz, t\u00e1sk\u00e1khoz.<\/div>\n<div class=\"note note-3\"><\/div>","protected":false},"excerpt":{"rendered":"<p>A minim\u00e1lisan rendelhet\u0151 mennyis\u00e9g bizonyos sz\u00edn vagy m\u00e9ret eset\u00e9n, a gy\u00e1rt\u00e1si minimum figyelembev\u00e9tele miatt v\u00e1ltozhat.<\/p>","protected":false},"featured_media":351376,"comment_status":"closed","ping_status":"closed","template":"","meta":{"_seopress_robots_primary_cat":"none","_seopress_titles_title":"Er\u0151s patent (50023\/ER\u0150S)","_seopress_titles_desc":"A minim\u00e1lisan rendelhet\u0151 mennyis\u00e9g bizonyos sz\u00edn vagy m\u00e9ret eset\u00e9n, a gy\u00e1rt\u00e1si minimum figyelembev\u00e9tele miatt v\u00e1ltozhat.","_seopress_robots_index":""},"product_brand":[],"product_cat":[2174],"product_tag":[2364],"class_list":{"0":"post-342539","1":"product","2":"type-product","3":"status-publish","4":"has-post-thumbnail","6":"product_cat-patentok","7":"product_tag-bordiszmu-es-ruhagyartas","8":"pa_anyag-rez","9":"pa_anyag-vas","10":"pa_meret-2171","11":"pa_meret-1900","12":"pa_meret-2133","13":"pa_meret-2172","14":"pa_meret-2173","15":"pa_meret-1903","16":"pa_szin-arany","17":"pa_szin-bronz-antik","18":"pa_szin-bronzex","19":"pa_szin-ezust-antik","20":"pa_szin-fekete-nikkel","21":"pa_szin-fenyes-sargarez","22":"pa_szin-matt-nikkel","23":"pa_szin-nikkel","24":"pa_szin-nikkelmentes-nikkel","25":"pa_szin-rozsaszin-arany","26":"pa_szin-sargarez-antik","28":"first","29":"instock","30":"purchasable","31":"product-type-variable"},"_links":{"self":[{"href":"https:\/\/cipokellekek.hu\/en\/wp-json\/wp\/v2\/product\/342539","targetHints":{"allow":["GET"]}}],"collection":[{"href":"https:\/\/cipokellekek.hu\/en\/wp-json\/wp\/v2\/product"}],"about":[{"href":"https:\/\/cipokellekek.hu\/en\/wp-json\/wp\/v2\/types\/product"}],"replies":[{"embeddable":true,"href":"https:\/\/cipokellekek.hu\/en\/wp-json\/wp\/v2\/comments?post=342539"}],"wp:featuredmedia":[{"embeddable":true,"href":"https:\/\/cipokellekek.hu\/en\/wp-json\/wp\/v2\/media\/351376"}],"wp:attachment":[{"href":"https:\/\/cipokellekek.hu\/en\/wp-json\/wp\/v2\/media?parent=342539"}],"wp:term":[{"taxonomy":"product_brand","embeddable":true,"href":"https:\/\/cipokellekek.hu\/en\/wp-json\/wp\/v2\/product_brand?post=342539"},{"taxonomy":"product_cat","embeddable":true,"href":"https:\/\/cipokellekek.hu\/en\/wp-json\/wp\/v2\/product_cat?post=342539"},{"taxonomy":"product_tag","embeddable":true,"href":"https:\/\/cipokellekek.hu\/en\/wp-json\/wp\/v2\/product_tag?post=342539"}],"curies":[{"name":"wp","href":"https:\/\/api.w.org\/{rel}","templated":true}]}}