{"id":342538,"date":"2023-09-11T16:54:31","date_gmt":"2023-09-11T14:54:31","guid":{"rendered":"https:\/\/dev.sysvol.hu\/belso\/termek\/felvarrhato-gumis-disz-50491\/"},"modified":"2025-10-11T21:34:52","modified_gmt":"2025-10-11T19:34:52","slug":"felvarrhato-gumis-disz-50491","status":"publish","type":"product","link":"https:\/\/cipokellekek.hu\/en\/uzlet\/muanyagok\/felvarrhato-gumis-disz-50491\/","title":{"rendered":"Felvarrhat\u00f3 gumis d\u00edsz (50491)"},"content":{"rendered":"<div class=\"note note-1\">Felvarrhat\u00f3 d\u00edsz puha gumi anyagb\u00f3l, egyedi mint\u00e1ra, tetsz\u0151leges m\u00e9retben, log\u00f3val vagy an\u00e9lk\u00fcl. (A k\u00e9pen szerepl\u0151 d\u00edsz referencia, megrendel\u00e9sre k\u00e9sz\u00fclt, egyedi elk\u00e9pzel\u00e9s alapj\u00e1n.)<\/div>\n<div class=\"note note-2\">\u00c9rdekl\u0151d\u00e9s eset\u00e9n k\u00fcldje el nek\u00fcnk elk\u00e9pzel\u00e9s\u00e9t, log\u00f3j\u00e1t!<\/div>\n<div class=\"note note-3\"><\/div>","protected":false},"excerpt":{"rendered":"<p>Felvarrhat\u00f3 d\u00edsz puha gumi anyagb\u00f3l, egyedi mint\u00e1ra, tetsz\u0151leges m\u00e9retben, log\u00f3val vagy an\u00e9lk\u00fcl. (A k\u00e9pen szerepl\u0151 d\u00edsz referencia, megrendel\u00e9sre k\u00e9sz\u00fclt, egyedi elk\u00e9pzel\u00e9s alapj\u00e1n.)<\/p>","protected":false},"featured_media":351375,"comment_status":"closed","ping_status":"closed","template":"","meta":{"_seopress_robots_primary_cat":"none","_seopress_titles_title":"Felvarrhat\u00f3 gumis d\u00edsz (50491)","_seopress_titles_desc":"Felvarrhat\u00f3 d\u00edsz puha gumi anyagb\u00f3l, egyedi mint\u00e1ra, tetsz\u0151leges m\u00e9retben, log\u00f3val vagy an\u00e9lk\u00fcl. (A k\u00e9pen szerepl\u0151 d\u00edsz referencia)","_seopress_robots_index":""},"product_brand":[],"product_cat":[2170],"product_tag":[2363],"class_list":{"0":"post-342538","1":"product","2":"type-product","3":"status-publish","4":"has-post-thumbnail","6":"product_cat-muanyagok","7":"product_tag-cipogyartas-es-cipojavitas","9":"first","10":"instock","11":"purchasable","12":"product-type-simple"},"_links":{"self":[{"href":"https:\/\/cipokellekek.hu\/en\/wp-json\/wp\/v2\/product\/342538","targetHints":{"allow":["GET"]}}],"collection":[{"href":"https:\/\/cipokellekek.hu\/en\/wp-json\/wp\/v2\/product"}],"about":[{"href":"https:\/\/cipokellekek.hu\/en\/wp-json\/wp\/v2\/types\/product"}],"replies":[{"embeddable":true,"href":"https:\/\/cipokellekek.hu\/en\/wp-json\/wp\/v2\/comments?post=342538"}],"wp:featuredmedia":[{"embeddable":true,"href":"https:\/\/cipokellekek.hu\/en\/wp-json\/wp\/v2\/media\/351375"}],"wp:attachment":[{"href":"https:\/\/cipokellekek.hu\/en\/wp-json\/wp\/v2\/media?parent=342538"}],"wp:term":[{"taxonomy":"product_brand","embeddable":true,"href":"https:\/\/cipokellekek.hu\/en\/wp-json\/wp\/v2\/product_brand?post=342538"},{"taxonomy":"product_cat","embeddable":true,"href":"https:\/\/cipokellekek.hu\/en\/wp-json\/wp\/v2\/product_cat?post=342538"},{"taxonomy":"product_tag","embeddable":true,"href":"https:\/\/cipokellekek.hu\/en\/wp-json\/wp\/v2\/product_tag?post=342538"}],"curies":[{"name":"wp","href":"https:\/\/api.w.org\/{rel}","templated":true}]}}