{"id":342527,"date":"2023-09-11T16:54:31","date_gmt":"2023-09-11T14:54:31","guid":{"rendered":"https:\/\/dev.sysvol.hu\/belso\/termek\/bevarrhato-ovalis-bujtato-50496\/"},"modified":"2025-10-11T21:31:39","modified_gmt":"2025-10-11T19:31:39","slug":"bevarrhato-ovalis-bujtato-50496","status":"publish","type":"product","link":"https:\/\/cipokellekek.hu\/en\/uzlet\/muanyagok\/bevarrhato-ovalis-bujtato-50496\/","title":{"rendered":"Bevarrhat\u00f3 ov\u00e1lis b\u00fajtat\u00f3 (50496)"},"content":{"rendered":"<div class=\"note note-1\">Bevarrhat\u00f3 ov\u00e1lis b\u00fajtat\u00f3 t\u00f6bb m\u00e9retben, fekete \u00e9s feh\u00e9r sz\u00ednben.<\/div>\n<div class=\"note note-2\"><\/div>\n<div class=\"note note-3\"><\/div>","protected":false},"excerpt":{"rendered":"<p>Bevarrhat\u00f3 ov\u00e1lis b\u00fajtat\u00f3 t\u00f6bb m\u00e9retben, fekete \u00e9s feh\u00e9r sz\u00ednben.<\/p>","protected":false},"featured_media":351374,"comment_status":"closed","ping_status":"closed","template":"","meta":{"_seopress_robots_primary_cat":"none","_seopress_titles_title":"Bevarrhat\u00f3 ov\u00e1lis b\u00fajtat\u00f3 (50496)","_seopress_titles_desc":"Bevarrhat\u00f3 ov\u00e1lis b\u00fajtat\u00f3 t\u00f6bb m\u00e9retben, fekete \u00e9s feh\u00e9r sz\u00ednben.","_seopress_robots_index":""},"product_brand":[],"product_cat":[2170],"product_tag":[2363],"class_list":{"0":"post-342527","1":"product","2":"type-product","3":"status-publish","4":"has-post-thumbnail","6":"product_cat-muanyagok","7":"product_tag-cipogyartas-es-cipojavitas","8":"pa_meret-1898","9":"pa_meret-1899","10":"pa_meret-1901","11":"pa_meret-1903","12":"pa_meret-1870","13":"pa_szin-feher","14":"pa_szin-fekete","16":"first","17":"instock","18":"purchasable","19":"product-type-variable"},"_links":{"self":[{"href":"https:\/\/cipokellekek.hu\/en\/wp-json\/wp\/v2\/product\/342527","targetHints":{"allow":["GET"]}}],"collection":[{"href":"https:\/\/cipokellekek.hu\/en\/wp-json\/wp\/v2\/product"}],"about":[{"href":"https:\/\/cipokellekek.hu\/en\/wp-json\/wp\/v2\/types\/product"}],"replies":[{"embeddable":true,"href":"https:\/\/cipokellekek.hu\/en\/wp-json\/wp\/v2\/comments?post=342527"}],"wp:featuredmedia":[{"embeddable":true,"href":"https:\/\/cipokellekek.hu\/en\/wp-json\/wp\/v2\/media\/351374"}],"wp:attachment":[{"href":"https:\/\/cipokellekek.hu\/en\/wp-json\/wp\/v2\/media?parent=342527"}],"wp:term":[{"taxonomy":"product_brand","embeddable":true,"href":"https:\/\/cipokellekek.hu\/en\/wp-json\/wp\/v2\/product_brand?post=342527"},{"taxonomy":"product_cat","embeddable":true,"href":"https:\/\/cipokellekek.hu\/en\/wp-json\/wp\/v2\/product_cat?post=342527"},{"taxonomy":"product_tag","embeddable":true,"href":"https:\/\/cipokellekek.hu\/en\/wp-json\/wp\/v2\/product_tag?post=342527"}],"curies":[{"name":"wp","href":"https:\/\/api.w.org\/{rel}","templated":true}]}}