{"id":342514,"date":"2023-09-11T16:54:31","date_gmt":"2023-09-11T14:54:31","guid":{"rendered":"https:\/\/dev.sysvol.hu\/belso\/termek\/ovalis-bevarrhato-bujtato-hgp-096\/"},"modified":"2025-10-11T21:29:13","modified_gmt":"2025-10-11T19:29:13","slug":"ovalis-bevarrhato-bujtato-hgp-096","status":"publish","type":"product","link":"https:\/\/cipokellekek.hu\/en\/uzlet\/muanyagok\/ovalis-bevarrhato-bujtato-hgp-096\/","title":{"rendered":"Ov\u00e1lis bevarrhat\u00f3 b\u00fajtat\u00f3 (HGP-096)"},"content":{"rendered":"<div class=\"note note-1\">Bevarrhat\u00f3 ov\u00e1lis b\u00fajtat\u00f3 t\u00f6bb m\u00e9retben, fekete \u00e9s feh\u00e9r sz\u00ednben.<\/div>\n<div class=\"note note-2\">A minim\u00e1lisan rendelhet\u0151 mennyis\u00e9g bizonyos sz\u00edn vagy m\u00e9ret eset\u00e9n, a gy\u00e1rt\u00e1si minimum figyelembev\u00e9tele miatt v\u00e1ltozhat.<\/div>\n<div class=\"note note-3\"><\/div>","protected":false},"excerpt":{"rendered":"<p>Bevarrhat\u00f3 ov\u00e1lis b\u00fajtat\u00f3 t\u00f6bb m\u00e9retben, fekete \u00e9s feh\u00e9r sz\u00ednben.<\/p>","protected":false},"featured_media":352864,"comment_status":"closed","ping_status":"closed","template":"","meta":{"_seopress_robots_primary_cat":"none","_seopress_titles_title":"Ov\u00e1lis bevarrhat\u00f3 b\u00fajtat\u00f3 (HGP-096)","_seopress_titles_desc":"Bevarrhat\u00f3 ov\u00e1lis b\u00fajtat\u00f3 t\u00f6bb m\u00e9retben, fekete \u00e9s feh\u00e9r sz\u00ednben.","_seopress_robots_index":""},"product_brand":[],"product_cat":[2170],"product_tag":[2363],"class_list":{"0":"post-342514","1":"product","2":"type-product","3":"status-publish","4":"has-post-thumbnail","6":"product_cat-muanyagok","7":"product_tag-cipogyartas-es-cipojavitas","8":"pa_meret-1901","9":"pa_meret-1903","10":"pa_meret-1906","11":"pa_meret-1870","12":"pa_meret-1871","13":"pa_meret-1872","14":"pa_szin-feher","15":"pa_szin-fekete","17":"first","18":"instock","19":"purchasable","20":"product-type-variable"},"_links":{"self":[{"href":"https:\/\/cipokellekek.hu\/en\/wp-json\/wp\/v2\/product\/342514","targetHints":{"allow":["GET"]}}],"collection":[{"href":"https:\/\/cipokellekek.hu\/en\/wp-json\/wp\/v2\/product"}],"about":[{"href":"https:\/\/cipokellekek.hu\/en\/wp-json\/wp\/v2\/types\/product"}],"replies":[{"embeddable":true,"href":"https:\/\/cipokellekek.hu\/en\/wp-json\/wp\/v2\/comments?post=342514"}],"wp:featuredmedia":[{"embeddable":true,"href":"https:\/\/cipokellekek.hu\/en\/wp-json\/wp\/v2\/media\/352864"}],"wp:attachment":[{"href":"https:\/\/cipokellekek.hu\/en\/wp-json\/wp\/v2\/media?parent=342514"}],"wp:term":[{"taxonomy":"product_brand","embeddable":true,"href":"https:\/\/cipokellekek.hu\/en\/wp-json\/wp\/v2\/product_brand?post=342514"},{"taxonomy":"product_cat","embeddable":true,"href":"https:\/\/cipokellekek.hu\/en\/wp-json\/wp\/v2\/product_cat?post=342514"},{"taxonomy":"product_tag","embeddable":true,"href":"https:\/\/cipokellekek.hu\/en\/wp-json\/wp\/v2\/product_tag?post=342514"}],"curies":[{"name":"wp","href":"https:\/\/api.w.org\/{rel}","templated":true}]}}