{"id":342506,"date":"2023-09-11T16:54:31","date_gmt":"2023-09-11T14:54:31","guid":{"rendered":"https:\/\/dev.sysvol.hu\/belso\/termek\/esd-sarga-50255h\/"},"modified":"2025-10-11T21:23:50","modified_gmt":"2025-10-11T19:23:50","slug":"esd-sarga-50255h","status":"publish","type":"product","link":"https:\/\/cipokellekek.hu\/en\/uzlet\/muanyagok\/esd-sarga-50255h\/","title":{"rendered":"ESD s\u00e1rga (50255H)"},"content":{"rendered":"<div class=\"note note-1\">ESD feliratos szegecsfej, t\u00f6bb m\u00e9ret\u0171, hozz\u00e1 tartoz\u00f3 l\u00e1bbal.<\/div>\n<div class=\"note note-2\"><\/div>\n<div class=\"note note-3\"><\/div>","protected":false},"excerpt":{"rendered":"<p>ESD feliratos szegecsfej, t\u00f6bb m\u00e9ret\u0171, hozz\u00e1 tartoz\u00f3 l\u00e1bbal.<\/p>","protected":false},"featured_media":351371,"comment_status":"closed","ping_status":"closed","template":"","meta":{"_seopress_robots_primary_cat":"none","_seopress_titles_title":"ESD s\u00e1rga (50255H)","_seopress_titles_desc":"ESD feliratos szegecsfej, t\u00f6bb m\u00e9ret\u0171, hozz\u00e1 tartoz\u00f3 l\u00e1bbal.","_seopress_robots_index":""},"product_brand":[],"product_cat":[2170],"product_tag":[2364,2363],"class_list":{"0":"post-342506","1":"product","2":"type-product","3":"status-publish","4":"has-post-thumbnail","6":"product_cat-muanyagok","7":"product_tag-bordiszmu-es-ruhagyartas","8":"product_tag-cipogyartas-es-cipojavitas","10":"first","11":"instock","12":"purchasable","13":"product-type-simple"},"_links":{"self":[{"href":"https:\/\/cipokellekek.hu\/en\/wp-json\/wp\/v2\/product\/342506","targetHints":{"allow":["GET"]}}],"collection":[{"href":"https:\/\/cipokellekek.hu\/en\/wp-json\/wp\/v2\/product"}],"about":[{"href":"https:\/\/cipokellekek.hu\/en\/wp-json\/wp\/v2\/types\/product"}],"replies":[{"embeddable":true,"href":"https:\/\/cipokellekek.hu\/en\/wp-json\/wp\/v2\/comments?post=342506"}],"wp:featuredmedia":[{"embeddable":true,"href":"https:\/\/cipokellekek.hu\/en\/wp-json\/wp\/v2\/media\/351371"}],"wp:attachment":[{"href":"https:\/\/cipokellekek.hu\/en\/wp-json\/wp\/v2\/media?parent=342506"}],"wp:term":[{"taxonomy":"product_brand","embeddable":true,"href":"https:\/\/cipokellekek.hu\/en\/wp-json\/wp\/v2\/product_brand?post=342506"},{"taxonomy":"product_cat","embeddable":true,"href":"https:\/\/cipokellekek.hu\/en\/wp-json\/wp\/v2\/product_cat?post=342506"},{"taxonomy":"product_tag","embeddable":true,"href":"https:\/\/cipokellekek.hu\/en\/wp-json\/wp\/v2\/product_tag?post=342506"}],"curies":[{"name":"wp","href":"https:\/\/api.w.org\/{rel}","templated":true}]}}