{"id":342473,"date":"2023-09-11T16:54:31","date_gmt":"2023-09-11T14:54:31","guid":{"rendered":"https:\/\/dev.sysvol.hu\/belso\/termek\/bevarrahato-szogletes-bujtato-hgp-311\/"},"modified":"2025-10-11T21:14:54","modified_gmt":"2025-10-11T19:14:54","slug":"bevarrahato-szogletes-bujtato-hgp-311","status":"publish","type":"product","link":"https:\/\/cipokellekek.hu\/en\/uzlet\/muanyagok\/bevarrahato-szogletes-bujtato-hgp-311\/","title":{"rendered":"Bevarrahat\u00f3 sz\u00f6gletes b\u00fajtat\u00f3 (HGP-311)"},"content":{"rendered":"<div class=\"note note-1\">Bevarrhat\u00f3 sz\u00f6gletes b\u00fajtat\u00f3 t\u00f6bb m\u00e9retben, melyek a p\u00e1ntsz\u00e9less\u00e9ghez igazodnak. A sz\u00ednes opci\u00f3kat, illetve azok pontos \u00e1rnyalatait \u00e9rdekl\u0151d\u00e9s eset\u00e9n egyeztetj\u00fck.<\/div>\n<div class=\"note note-2\">A minim\u00e1lisan rendelhet\u0151 mennyis\u00e9g bizonyos sz\u00edn vagy m\u00e9ret eset\u00e9n, a gy\u00e1rt\u00e1si minimum figyelembev\u00e9tele miatt v\u00e1ltozhat.<\/div>\n<div class=\"note note-3\"><\/div>","protected":false},"excerpt":{"rendered":"<p>Bevarrhat\u00f3 sz\u00f6gletes b\u00fajtat\u00f3 t\u00f6bb m\u00e9retben, melyek a p\u00e1ntsz\u00e9less\u00e9ghez igazodnak. A sz\u00ednes opci\u00f3kat, illetve azok pontos \u00e1rnyalatait \u00e9rdekl\u0151d\u00e9s eset\u00e9n egyeztetj\u00fck.<\/p>","protected":false},"featured_media":351368,"comment_status":"closed","ping_status":"closed","template":"","meta":{"_seopress_robots_primary_cat":"none","_seopress_titles_title":"Bevarrahat\u00f3 sz\u00f6gletes b\u00fajtat\u00f3 (HGP-311)","_seopress_titles_desc":"Bevarrhat\u00f3 sz\u00f6gletes b\u00fajtat\u00f3 t\u00f6bb m\u00e9retben, melyek a p\u00e1ntsz\u00e9less\u00e9ghez igazodnak. A sz\u00ednes opci\u00f3kat \u00e9s azok pontos \u00e1rnyalatait \u00e9rdekl\u0151d\u00e9s eset\u00e9n egyeztetj\u00fck.","_seopress_robots_index":""},"product_brand":[],"product_cat":[2170],"product_tag":[2363],"class_list":{"0":"post-342473","1":"product","2":"type-product","3":"status-publish","4":"has-post-thumbnail","6":"product_cat-muanyagok","7":"product_tag-cipogyartas-es-cipojavitas","8":"pa_meret-1904","9":"pa_meret-1906","10":"pa_meret-1870","11":"pa_szin-feher","12":"pa_szin-fekete","13":"pa_szin-szines","15":"first","16":"instock","17":"purchasable","18":"product-type-variable"},"_links":{"self":[{"href":"https:\/\/cipokellekek.hu\/en\/wp-json\/wp\/v2\/product\/342473","targetHints":{"allow":["GET"]}}],"collection":[{"href":"https:\/\/cipokellekek.hu\/en\/wp-json\/wp\/v2\/product"}],"about":[{"href":"https:\/\/cipokellekek.hu\/en\/wp-json\/wp\/v2\/types\/product"}],"replies":[{"embeddable":true,"href":"https:\/\/cipokellekek.hu\/en\/wp-json\/wp\/v2\/comments?post=342473"}],"wp:featuredmedia":[{"embeddable":true,"href":"https:\/\/cipokellekek.hu\/en\/wp-json\/wp\/v2\/media\/351368"}],"wp:attachment":[{"href":"https:\/\/cipokellekek.hu\/en\/wp-json\/wp\/v2\/media?parent=342473"}],"wp:term":[{"taxonomy":"product_brand","embeddable":true,"href":"https:\/\/cipokellekek.hu\/en\/wp-json\/wp\/v2\/product_brand?post=342473"},{"taxonomy":"product_cat","embeddable":true,"href":"https:\/\/cipokellekek.hu\/en\/wp-json\/wp\/v2\/product_cat?post=342473"},{"taxonomy":"product_tag","embeddable":true,"href":"https:\/\/cipokellekek.hu\/en\/wp-json\/wp\/v2\/product_tag?post=342473"}],"curies":[{"name":"wp","href":"https:\/\/api.w.org\/{rel}","templated":true}]}}