{"id":342472,"date":"2023-09-11T16:54:31","date_gmt":"2023-09-11T14:54:31","guid":{"rendered":"https:\/\/dev.sysvol.hu\/belso\/termek\/szogletes-zsinorszorito-1-lyukas-c-7300\/"},"modified":"2025-10-11T21:12:03","modified_gmt":"2025-10-11T19:12:03","slug":"szogletes-zsinorszorito-1-lyukas-c-7300","status":"publish","type":"product","link":"https:\/\/cipokellekek.hu\/en\/uzlet\/muanyagok\/szogletes-zsinorszorito-1-lyukas-c-7300\/","title":{"rendered":"Sz\u00f6gletes zsin\u00f3rszor\u00edt\u00f3 1 lyukas (C-7300)"},"content":{"rendered":"<div class=\"note note-1\">Sz\u00f6gletes zsin\u00f3rszor\u00edt\u00f3 fekete sz\u00ednben. M\u00e9rete 21&#215;14 mm, furat 4,8 mm.<\/div>\n<div class=\"note note-2\"><\/div>\n<div class=\"note note-3\"><\/div>","protected":false},"excerpt":{"rendered":"<p>Sz\u00f6gletes zsin\u00f3rszor\u00edt\u00f3 fekete sz\u00ednben. M\u00e9rete 21&#215;14 mm, furat 4,8 mm.<\/p>","protected":false},"featured_media":351367,"comment_status":"closed","ping_status":"closed","template":"","meta":{"_seopress_robots_primary_cat":"none","_seopress_titles_title":"Sz\u00f6gletes zsin\u00f3rszor\u00edt\u00f3 1 lyukas (C-7300)","_seopress_titles_desc":"Sz\u00f6gletes zsin\u00f3rszor\u00edt\u00f3 fekete sz\u00ednben. M\u00e9rete 21\u00d714 mm, furat 4,8 mm.","_seopress_robots_index":""},"product_brand":[],"product_cat":[2170],"product_tag":[2364,2363],"class_list":{"0":"post-342472","1":"product","2":"type-product","3":"status-publish","4":"has-post-thumbnail","6":"product_cat-muanyagok","7":"product_tag-bordiszmu-es-ruhagyartas","8":"product_tag-cipogyartas-es-cipojavitas","10":"first","11":"instock","12":"purchasable","13":"product-type-simple"},"_links":{"self":[{"href":"https:\/\/cipokellekek.hu\/en\/wp-json\/wp\/v2\/product\/342472","targetHints":{"allow":["GET"]}}],"collection":[{"href":"https:\/\/cipokellekek.hu\/en\/wp-json\/wp\/v2\/product"}],"about":[{"href":"https:\/\/cipokellekek.hu\/en\/wp-json\/wp\/v2\/types\/product"}],"replies":[{"embeddable":true,"href":"https:\/\/cipokellekek.hu\/en\/wp-json\/wp\/v2\/comments?post=342472"}],"wp:featuredmedia":[{"embeddable":true,"href":"https:\/\/cipokellekek.hu\/en\/wp-json\/wp\/v2\/media\/351367"}],"wp:attachment":[{"href":"https:\/\/cipokellekek.hu\/en\/wp-json\/wp\/v2\/media?parent=342472"}],"wp:term":[{"taxonomy":"product_brand","embeddable":true,"href":"https:\/\/cipokellekek.hu\/en\/wp-json\/wp\/v2\/product_brand?post=342472"},{"taxonomy":"product_cat","embeddable":true,"href":"https:\/\/cipokellekek.hu\/en\/wp-json\/wp\/v2\/product_cat?post=342472"},{"taxonomy":"product_tag","embeddable":true,"href":"https:\/\/cipokellekek.hu\/en\/wp-json\/wp\/v2\/product_tag?post=342472"}],"curies":[{"name":"wp","href":"https:\/\/api.w.org\/{rel}","templated":true}]}}