{"id":342471,"date":"2023-09-11T16:54:31","date_gmt":"2023-09-11T14:54:31","guid":{"rendered":"https:\/\/dev.sysvol.hu\/belso\/termek\/ovalis-zsinorszorito-2-lyukas-50090\/"},"modified":"2025-10-11T21:09:33","modified_gmt":"2025-10-11T19:09:33","slug":"ovalis-zsinorszorito-2-lyukas-50090","status":"publish","type":"product","link":"https:\/\/cipokellekek.hu\/en\/uzlet\/muanyagok\/ovalis-zsinorszorito-2-lyukas-50090\/","title":{"rendered":"Ov\u00e1lis zsin\u00f3rszor\u00edt\u00f3 2 lyukas (50090)"},"content":{"rendered":"<div class=\"note note-1\">Ov\u00e1lis zsin\u00f3rszor\u00edt\u00f3 fekete sz\u00ednben. M\u00e9rete: 25 mm sz\u00e9les, furat 5 mm.<\/div>\n<div class=\"note note-2\"><\/div>\n<div class=\"note note-3\"><\/div>","protected":false},"excerpt":{"rendered":"<p>Ov\u00e1lis zsin\u00f3rszor\u00edt\u00f3 fekete sz\u00ednben. M\u00e9rete: 25 mm sz\u00e9les, furat 5 mm.<\/p>","protected":false},"featured_media":351366,"comment_status":"closed","ping_status":"closed","template":"","meta":{"_seopress_robots_primary_cat":"none","_seopress_titles_title":"Ov\u00e1lis zsin\u00f3rszor\u00edt\u00f3 2 lyukas (50090)","_seopress_titles_desc":"Ov\u00e1lis zsin\u00f3rszor\u00edt\u00f3 fekete sz\u00ednben. M\u00e9rete: 25 mm sz\u00e9les, furat 5 mm.","_seopress_robots_index":""},"product_brand":[],"product_cat":[2170],"product_tag":[2364,2363],"class_list":{"0":"post-342471","1":"product","2":"type-product","3":"status-publish","4":"has-post-thumbnail","6":"product_cat-muanyagok","7":"product_tag-bordiszmu-es-ruhagyartas","8":"product_tag-cipogyartas-es-cipojavitas","10":"first","11":"instock","12":"purchasable","13":"product-type-simple"},"_links":{"self":[{"href":"https:\/\/cipokellekek.hu\/en\/wp-json\/wp\/v2\/product\/342471","targetHints":{"allow":["GET"]}}],"collection":[{"href":"https:\/\/cipokellekek.hu\/en\/wp-json\/wp\/v2\/product"}],"about":[{"href":"https:\/\/cipokellekek.hu\/en\/wp-json\/wp\/v2\/types\/product"}],"replies":[{"embeddable":true,"href":"https:\/\/cipokellekek.hu\/en\/wp-json\/wp\/v2\/comments?post=342471"}],"wp:featuredmedia":[{"embeddable":true,"href":"https:\/\/cipokellekek.hu\/en\/wp-json\/wp\/v2\/media\/351366"}],"wp:attachment":[{"href":"https:\/\/cipokellekek.hu\/en\/wp-json\/wp\/v2\/media?parent=342471"}],"wp:term":[{"taxonomy":"product_brand","embeddable":true,"href":"https:\/\/cipokellekek.hu\/en\/wp-json\/wp\/v2\/product_brand?post=342471"},{"taxonomy":"product_cat","embeddable":true,"href":"https:\/\/cipokellekek.hu\/en\/wp-json\/wp\/v2\/product_cat?post=342471"},{"taxonomy":"product_tag","embeddable":true,"href":"https:\/\/cipokellekek.hu\/en\/wp-json\/wp\/v2\/product_tag?post=342471"}],"curies":[{"name":"wp","href":"https:\/\/api.w.org\/{rel}","templated":true}]}}