{"id":342470,"date":"2023-09-11T16:52:56","date_gmt":"2023-09-11T14:52:56","guid":{"rendered":"https:\/\/dev.sysvol.hu\/belso\/termek\/gomb-alaku-zsinorszorito-1-lyukas-c-10643\/"},"modified":"2025-10-11T21:37:42","modified_gmt":"2025-10-11T19:37:42","slug":"gomb-alaku-zsinorszorito-1-lyukas-c-10643","status":"publish","type":"product","link":"https:\/\/cipokellekek.hu\/en\/uzlet\/muanyagok\/gomb-alaku-zsinorszorito-1-lyukas-c-10643\/","title":{"rendered":"G\u00f6mb alak\u00fa zsin\u00f3rszor\u00edt\u00f3 1 lyukas (C-10643)"},"content":{"rendered":"<div class=\"note note-1\">G\u00f6mb alak\u00fa zsin\u00f3rszor\u00edt\u00f3 fekete sz\u00ednben. M\u00e9rete: \u00e1tm\u00e9r\u0151 20 mm, furat 7 mm.<\/div>\n<div class=\"note note-2\"><\/div>\n<div class=\"note note-3\"><\/div>","protected":false},"excerpt":{"rendered":"<p>G\u00f6mb alak\u00fa zsin\u00f3rszor\u00edt\u00f3 fekete sz\u00ednben. M\u00e9rete: \u00e1tm\u00e9r\u0151 20 mm, furat 7 mm.<\/p>","protected":false},"featured_media":351365,"comment_status":"closed","ping_status":"closed","template":"","meta":{"_seopress_robots_primary_cat":"none","_seopress_titles_title":"G\u00f6mb alak\u00fa zsin\u00f3rszor\u00edt\u00f3 1 lyukas (C-10643)","_seopress_titles_desc":"G\u00f6mb alak\u00fa zsin\u00f3rszor\u00edt\u00f3 fekete sz\u00ednben. M\u00e9rete: \u00e1tm\u00e9r\u0151 20 mm, furat 7 mm.","_seopress_robots_index":""},"product_brand":[],"product_cat":[2170],"product_tag":[2364,2363],"class_list":{"0":"post-342470","1":"product","2":"type-product","3":"status-publish","4":"has-post-thumbnail","6":"product_cat-muanyagok","7":"product_tag-bordiszmu-es-ruhagyartas","8":"product_tag-cipogyartas-es-cipojavitas","10":"first","11":"instock","12":"purchasable","13":"product-type-simple"},"_links":{"self":[{"href":"https:\/\/cipokellekek.hu\/en\/wp-json\/wp\/v2\/product\/342470","targetHints":{"allow":["GET"]}}],"collection":[{"href":"https:\/\/cipokellekek.hu\/en\/wp-json\/wp\/v2\/product"}],"about":[{"href":"https:\/\/cipokellekek.hu\/en\/wp-json\/wp\/v2\/types\/product"}],"replies":[{"embeddable":true,"href":"https:\/\/cipokellekek.hu\/en\/wp-json\/wp\/v2\/comments?post=342470"}],"wp:featuredmedia":[{"embeddable":true,"href":"https:\/\/cipokellekek.hu\/en\/wp-json\/wp\/v2\/media\/351365"}],"wp:attachment":[{"href":"https:\/\/cipokellekek.hu\/en\/wp-json\/wp\/v2\/media?parent=342470"}],"wp:term":[{"taxonomy":"product_brand","embeddable":true,"href":"https:\/\/cipokellekek.hu\/en\/wp-json\/wp\/v2\/product_brand?post=342470"},{"taxonomy":"product_cat","embeddable":true,"href":"https:\/\/cipokellekek.hu\/en\/wp-json\/wp\/v2\/product_cat?post=342470"},{"taxonomy":"product_tag","embeddable":true,"href":"https:\/\/cipokellekek.hu\/en\/wp-json\/wp\/v2\/product_tag?post=342470"}],"curies":[{"name":"wp","href":"https:\/\/api.w.org\/{rel}","templated":true}]}}