{"id":342379,"date":"2023-09-11T16:52:56","date_gmt":"2023-09-11T14:52:56","guid":{"rendered":"https:\/\/dev.sysvol.hu\/belso\/termek\/normal-kulcskarika-50012\/"},"modified":"2025-10-11T21:03:16","modified_gmt":"2025-10-11T19:03:16","slug":"normal-kulcskarika-50012","status":"publish","type":"product","link":"https:\/\/cipokellekek.hu\/en\/uzlet\/karikak-d-karikak-kulcskarikak\/normal-kulcskarika-50012\/","title":{"rendered":"Norm\u00e1l kulcskarika (50012)"},"content":{"rendered":"<div class=\"note note-1\">Kulcskarika prom\u00f3ci\u00f3s term\u00e9kekhez, vagy b\u00e1rmely b\u0151rd\u00edszm\u0171ipari term\u00e9khez.<\/div>\n<div class=\"note note-2\">A minim\u00e1lisan rendelhet\u0151 mennyis\u00e9g bizonyos sz\u00edn vagy m\u00e9ret eset\u00e9n, a gy\u00e1rt\u00e1si minimum figyelembev\u00e9tele miatt v\u00e1ltozhat.<\/div>\n<div class=\"note note-3\"><\/div>","protected":false},"excerpt":{"rendered":"<p>Kulcskarika prom\u00f3ci\u00f3s term\u00e9kekhez, vagy b\u00e1rmely b\u0151rd\u00edszm\u0171ipari term\u00e9khez.<\/p>","protected":false},"featured_media":351364,"comment_status":"closed","ping_status":"closed","template":"","meta":{"_seopress_robots_primary_cat":"none","_seopress_titles_title":"Norm\u00e1l kulcskarika (50012)","_seopress_titles_desc":"Kulcskarika prom\u00f3ci\u00f3s term\u00e9kekhez, vagy b\u00e1rmely b\u0151rd\u00edszm\u0171ipari term\u00e9khez.","_seopress_robots_index":""},"product_brand":[],"product_cat":[2167],"product_tag":[2364],"class_list":{"0":"post-342379","1":"product","2":"type-product","3":"status-publish","4":"has-post-thumbnail","6":"product_cat-karikak-d-karikak-kulcskarikak","7":"product_tag-bordiszmu-es-ruhagyartas","8":"pa_meret-1898","9":"pa_meret-1899","10":"pa_meret-1900","11":"pa_meret-1901","12":"pa_meret-1902","13":"pa_meret-1903","14":"pa_meret-1904","15":"pa_meret-1906","16":"pa_meret-1870","17":"pa_szin-arany","18":"pa_szin-bronz-antik","19":"pa_szin-bronzex","20":"pa_szin-ezust-antik","21":"pa_szin-fekete-nikkel","22":"pa_szin-fenyes-sargarez","23":"pa_szin-nikkel","24":"pa_szin-nikkelmentes-nikkel","25":"pa_szin-rozsaszin-arany","26":"pa_szin-sargarez-antik","28":"first","29":"instock","30":"purchasable","31":"product-type-variable"},"_links":{"self":[{"href":"https:\/\/cipokellekek.hu\/en\/wp-json\/wp\/v2\/product\/342379","targetHints":{"allow":["GET"]}}],"collection":[{"href":"https:\/\/cipokellekek.hu\/en\/wp-json\/wp\/v2\/product"}],"about":[{"href":"https:\/\/cipokellekek.hu\/en\/wp-json\/wp\/v2\/types\/product"}],"replies":[{"embeddable":true,"href":"https:\/\/cipokellekek.hu\/en\/wp-json\/wp\/v2\/comments?post=342379"}],"wp:featuredmedia":[{"embeddable":true,"href":"https:\/\/cipokellekek.hu\/en\/wp-json\/wp\/v2\/media\/351364"}],"wp:attachment":[{"href":"https:\/\/cipokellekek.hu\/en\/wp-json\/wp\/v2\/media?parent=342379"}],"wp:term":[{"taxonomy":"product_brand","embeddable":true,"href":"https:\/\/cipokellekek.hu\/en\/wp-json\/wp\/v2\/product_brand?post=342379"},{"taxonomy":"product_cat","embeddable":true,"href":"https:\/\/cipokellekek.hu\/en\/wp-json\/wp\/v2\/product_cat?post=342379"},{"taxonomy":"product_tag","embeddable":true,"href":"https:\/\/cipokellekek.hu\/en\/wp-json\/wp\/v2\/product_tag?post=342379"}],"curies":[{"name":"wp","href":"https:\/\/api.w.org\/{rel}","templated":true}]}}