{"id":342328,"date":"2023-09-11T16:52:56","date_gmt":"2023-09-11T14:52:56","guid":{"rendered":"https:\/\/dev.sysvol.hu\/belso\/termek\/lapos-kulcskarika-50012-l\/"},"modified":"2025-10-11T21:01:22","modified_gmt":"2025-10-11T19:01:22","slug":"lapos-kulcskarika-50012-l","status":"publish","type":"product","link":"https:\/\/cipokellekek.hu\/en\/uzlet\/karikak-d-karikak-kulcskarikak\/lapos-kulcskarika-50012-l\/","title":{"rendered":"Lapos kulcskarika (50012\/L)"},"content":{"rendered":"<div class=\"note note-1\">Kulcskarika prom\u00f3ci\u00f3s term\u00e9kekhez, vagy b\u00e1rmely b\u0151rd\u00edszm\u0171ipari term\u00e9khez.<\/div>\n<div class=\"note note-2\">A minim\u00e1lisan rendelhet\u0151 mennyis\u00e9g bizonyos sz\u00edn vagy m\u00e9ret eset\u00e9n, a gy\u00e1rt\u00e1si minimum figyelembev\u00e9tele miatt v\u00e1ltozhat.<\/div>\n<div class=\"note note-3\"><\/div>","protected":false},"excerpt":{"rendered":"<p>Kulcskarika prom\u00f3ci\u00f3s term\u00e9kekhez, vagy b\u00e1rmely b\u0151rd\u00edszm\u0171ipari term\u00e9khez.<\/p>","protected":false},"featured_media":351363,"comment_status":"closed","ping_status":"closed","template":"","meta":{"_seopress_robots_primary_cat":"none","_seopress_titles_title":"Lapos kulcskarika (50012\/L)","_seopress_titles_desc":"Kulcskarika prom\u00f3ci\u00f3s term\u00e9kekhez, vagy b\u00e1rmely b\u0151rd\u00edszm\u0171ipari term\u00e9khez.","_seopress_robots_index":""},"product_brand":[],"product_cat":[2167],"product_tag":[2364],"class_list":{"0":"post-342328","1":"product","2":"type-product","3":"status-publish","4":"has-post-thumbnail","6":"product_cat-karikak-d-karikak-kulcskarikak","7":"product_tag-bordiszmu-es-ruhagyartas","8":"pa_meret-1903","9":"pa_meret-1904","10":"pa_meret-1906","11":"pa_meret-1870","12":"pa_meret-1909","13":"pa_szin-arany","14":"pa_szin-bronz-antik","15":"pa_szin-bronzex","16":"pa_szin-ezust-antik","17":"pa_szin-fekete-nikkel","18":"pa_szin-fenyes-sargarez","19":"pa_szin-nikkel","20":"pa_szin-nikkelmentes-nikkel","21":"pa_szin-rozsaszin-arany","22":"pa_szin-sargarez-antik","24":"first","25":"instock","26":"purchasable","27":"product-type-variable"},"_links":{"self":[{"href":"https:\/\/cipokellekek.hu\/en\/wp-json\/wp\/v2\/product\/342328","targetHints":{"allow":["GET"]}}],"collection":[{"href":"https:\/\/cipokellekek.hu\/en\/wp-json\/wp\/v2\/product"}],"about":[{"href":"https:\/\/cipokellekek.hu\/en\/wp-json\/wp\/v2\/types\/product"}],"replies":[{"embeddable":true,"href":"https:\/\/cipokellekek.hu\/en\/wp-json\/wp\/v2\/comments?post=342328"}],"wp:featuredmedia":[{"embeddable":true,"href":"https:\/\/cipokellekek.hu\/en\/wp-json\/wp\/v2\/media\/351363"}],"wp:attachment":[{"href":"https:\/\/cipokellekek.hu\/en\/wp-json\/wp\/v2\/media?parent=342328"}],"wp:term":[{"taxonomy":"product_brand","embeddable":true,"href":"https:\/\/cipokellekek.hu\/en\/wp-json\/wp\/v2\/product_brand?post=342328"},{"taxonomy":"product_cat","embeddable":true,"href":"https:\/\/cipokellekek.hu\/en\/wp-json\/wp\/v2\/product_cat?post=342328"},{"taxonomy":"product_tag","embeddable":true,"href":"https:\/\/cipokellekek.hu\/en\/wp-json\/wp\/v2\/product_tag?post=342328"}],"curies":[{"name":"wp","href":"https:\/\/api.w.org\/{rel}","templated":true}]}}