{"id":342227,"date":"2023-09-11T16:52:56","date_gmt":"2023-09-11T14:52:56","guid":{"rendered":"https:\/\/dev.sysvol.hu\/belso\/termek\/karika-5-40-mm-at-normal\/"},"modified":"2025-10-11T20:58:34","modified_gmt":"2025-10-11T18:58:34","slug":"karika-5-40-mm-at-normal","status":"publish","type":"product","link":"https:\/\/cipokellekek.hu\/en\/uzlet\/karikak-d-karikak-kulcskarikak\/karika-5-40-mm-at-normal\/","title":{"rendered":"Karika (5-40 mm) (AT-NORM\u00c1L)"},"content":{"rendered":"<div class=\"note note-1\">Javasolt b\u0151ripari term\u00e9kekhez, norm\u00e1l intenzit\u00e1s\u00fa h\u00faz\u00f3er\u0151 eset\u00e9n.<\/div>\n<div class=\"note note-2\">A minim\u00e1lisan rendelhet\u0151 mennyis\u00e9g bizonyos sz\u00edn vagy m\u00e9ret eset\u00e9n, a gy\u00e1rt\u00e1si minimum figyelembev\u00e9tele miatt v\u00e1ltozhat.<\/div>\n<div class=\"note note-3\"><\/div>","protected":false},"excerpt":{"rendered":"<p>Javasolt b\u0151ripari term\u00e9kekhez, norm\u00e1l intenzit\u00e1s\u00fa h\u00faz\u00f3er\u0151 eset\u00e9n.<\/p>","protected":false},"featured_media":351362,"comment_status":"closed","ping_status":"closed","template":"","meta":{"_seopress_robots_primary_cat":"none","_seopress_titles_title":"Karika (5-40 mm) (AT-NORM\u00c1L)","_seopress_titles_desc":"Javasolt b\u0151ripari term\u00e9kekhez, norm\u00e1l intenzit\u00e1s\u00fa h\u00faz\u00f3er\u0151 eset\u00e9n.","_seopress_robots_index":""},"product_brand":[],"product_cat":[2167],"product_tag":[2364,2363],"class_list":{"0":"post-342227","1":"product","2":"type-product","3":"status-publish","4":"has-post-thumbnail","6":"product_cat-karikak-d-karikak-kulcskarikak","7":"product_tag-bordiszmu-es-ruhagyartas","8":"product_tag-cipogyartas-es-cipojavitas","9":"pa_meret-2169","10":"pa_meret-2131","11":"pa_meret-1898","12":"pa_meret-1902","13":"pa_meret-1903","14":"pa_meret-1906","15":"pa_meret-1870","16":"pa_meret-1909","17":"pa_meret-1871","18":"pa_meret-2168","19":"pa_szin-arany","20":"pa_szin-bronz-antik","21":"pa_szin-bronzex","22":"pa_szin-ezust-antik","23":"pa_szin-fekete-nikkel","24":"pa_szin-fenyes-sargarez","25":"pa_szin-nikkel","26":"pa_szin-nikkel-antik","27":"pa_szin-rozsaszin-arany","28":"pa_szin-sargarez-antik","30":"first","31":"instock","32":"purchasable","33":"product-type-variable"},"_links":{"self":[{"href":"https:\/\/cipokellekek.hu\/en\/wp-json\/wp\/v2\/product\/342227","targetHints":{"allow":["GET"]}}],"collection":[{"href":"https:\/\/cipokellekek.hu\/en\/wp-json\/wp\/v2\/product"}],"about":[{"href":"https:\/\/cipokellekek.hu\/en\/wp-json\/wp\/v2\/types\/product"}],"replies":[{"embeddable":true,"href":"https:\/\/cipokellekek.hu\/en\/wp-json\/wp\/v2\/comments?post=342227"}],"wp:featuredmedia":[{"embeddable":true,"href":"https:\/\/cipokellekek.hu\/en\/wp-json\/wp\/v2\/media\/351362"}],"wp:attachment":[{"href":"https:\/\/cipokellekek.hu\/en\/wp-json\/wp\/v2\/media?parent=342227"}],"wp:term":[{"taxonomy":"product_brand","embeddable":true,"href":"https:\/\/cipokellekek.hu\/en\/wp-json\/wp\/v2\/product_brand?post=342227"},{"taxonomy":"product_cat","embeddable":true,"href":"https:\/\/cipokellekek.hu\/en\/wp-json\/wp\/v2\/product_cat?post=342227"},{"taxonomy":"product_tag","embeddable":true,"href":"https:\/\/cipokellekek.hu\/en\/wp-json\/wp\/v2\/product_tag?post=342227"}],"curies":[{"name":"wp","href":"https:\/\/api.w.org\/{rel}","templated":true}]}}