{"id":341974,"date":"2023-09-11T16:52:56","date_gmt":"2023-09-11T14:52:56","guid":{"rendered":"https:\/\/dev.sysvol.hu\/belso\/termek\/felkarika-huzalbol-10-40-mm-am-normal\/"},"modified":"2025-10-11T20:50:59","modified_gmt":"2025-10-11T18:50:59","slug":"felkarika-huzalbol-10-40-mm-am-normal","status":"publish","type":"product","link":"https:\/\/cipokellekek.hu\/en\/uzlet\/karikak-d-karikak-kulcskarikak\/felkarika-huzalbol-10-40-mm-am-normal\/","title":{"rendered":"F\u00e9lkarika huzalb\u00f3l (10-40 mm) (AM-NORM\u00c1L)"},"content":{"rendered":"<div class=\"note note-1\">A f\u00e9lkarika vashuzalb\u00f3l k\u00e9sz\u00fcl. A bels\u0151 sz\u00e9less\u00e9g n\u00f6vel\u00e9s\u00e9vel ar\u00e1nyosan, az anyagvastags\u00e1g is n\u00f6vekszik.<\/div>\n<div class=\"note note-2\">A minim\u00e1lisan rendelhet\u0151 mennyis\u00e9g bizonyos sz\u00edn vagy m\u00e9ret eset\u00e9n, a gy\u00e1rt\u00e1si minimum figyelembev\u00e9tele miatt v\u00e1ltozhat.<\/div>\n<div class=\"note note-3\"><\/div>","protected":false},"excerpt":{"rendered":"<p>A f\u00e9lkarika vashuzalb\u00f3l k\u00e9sz\u00fcl. A bels\u0151 sz\u00e9less\u00e9g n\u00f6vel\u00e9s\u00e9vel ar\u00e1nyosan, az anyagvastags\u00e1g is n\u00f6vekszik.<\/p>","protected":false},"featured_media":351359,"comment_status":"closed","ping_status":"closed","template":"","meta":{"_seopress_robots_primary_cat":"none","_seopress_titles_title":"F\u00e9lkarika huzalb\u00f3l (10-40 mm) (AM-NORM\u00c1L)","_seopress_titles_desc":"A f\u00e9lkarika vashuzalb\u00f3l k\u00e9sz\u00fcl. A bels\u0151 sz\u00e9less\u00e9g n\u00f6vel\u00e9s\u00e9vel ar\u00e1nyosan, az anyagvastags\u00e1g is n\u00f6vekszik.","_seopress_robots_index":""},"product_brand":[],"product_cat":[2167],"product_tag":[2364,2363],"class_list":{"0":"post-341974","1":"product","2":"type-product","3":"status-publish","4":"has-post-thumbnail","6":"product_cat-karikak-d-karikak-kulcskarikak","7":"product_tag-bordiszmu-es-ruhagyartas","8":"product_tag-cipogyartas-es-cipojavitas","9":"pa_meret-1898","10":"pa_meret-1899","11":"pa_meret-1900","12":"pa_meret-1901","13":"pa_meret-1902","14":"pa_meret-1903","15":"pa_meret-1906","16":"pa_meret-1870","17":"pa_meret-1909","18":"pa_meret-1871","19":"pa_szin-arany","20":"pa_szin-bronz-antik","21":"pa_szin-bronzex","22":"pa_szin-ezust-antik","23":"pa_szin-fekete-nikkel","24":"pa_szin-fenyes-sargarez","25":"pa_szin-nikkel","26":"pa_szin-nikkel-antik","27":"pa_szin-rozsaszin-arany","28":"pa_szin-sargarez-antik","30":"first","31":"instock","32":"purchasable","33":"product-type-variable"},"_links":{"self":[{"href":"https:\/\/cipokellekek.hu\/en\/wp-json\/wp\/v2\/product\/341974","targetHints":{"allow":["GET"]}}],"collection":[{"href":"https:\/\/cipokellekek.hu\/en\/wp-json\/wp\/v2\/product"}],"about":[{"href":"https:\/\/cipokellekek.hu\/en\/wp-json\/wp\/v2\/types\/product"}],"replies":[{"embeddable":true,"href":"https:\/\/cipokellekek.hu\/en\/wp-json\/wp\/v2\/comments?post=341974"}],"wp:featuredmedia":[{"embeddable":true,"href":"https:\/\/cipokellekek.hu\/en\/wp-json\/wp\/v2\/media\/351359"}],"wp:attachment":[{"href":"https:\/\/cipokellekek.hu\/en\/wp-json\/wp\/v2\/media?parent=341974"}],"wp:term":[{"taxonomy":"product_brand","embeddable":true,"href":"https:\/\/cipokellekek.hu\/en\/wp-json\/wp\/v2\/product_brand?post=341974"},{"taxonomy":"product_cat","embeddable":true,"href":"https:\/\/cipokellekek.hu\/en\/wp-json\/wp\/v2\/product_cat?post=341974"},{"taxonomy":"product_tag","embeddable":true,"href":"https:\/\/cipokellekek.hu\/en\/wp-json\/wp\/v2\/product_tag?post=341974"}],"curies":[{"name":"wp","href":"https:\/\/api.w.org\/{rel}","templated":true}]}}