{"id":341878,"date":"2023-09-11T16:52:56","date_gmt":"2023-09-11T14:52:56","guid":{"rendered":"https:\/\/dev.sysvol.hu\/belso\/termek\/ontott-felkarika-10-40-mm-am-b\/"},"modified":"2025-10-11T19:59:25","modified_gmt":"2025-10-11T17:59:25","slug":"ontott-felkarika-10-40-mm-am-b","status":"publish","type":"product","link":"https:\/\/cipokellekek.hu\/en\/uzlet\/karikak-d-karikak-kulcskarikak\/ontott-felkarika-10-40-mm-am-b\/","title":{"rendered":"\u00d6nt\u00f6tt f\u00e9lkarika (10-40 mm) (AM\/B)"},"content":{"rendered":"<div class=\"note note-1\">Rozsdamentes f\u00e9m \u00f6tv\u00f6zet, melyb\u0151l ad\u00f3d\u00f3an t\u00f6k\u00e9letes v\u00e1laszt\u00e1s ruhanem\u0171k, p\u00e1ntok szab\u00e1lyoz\u00e1s\u00e1ra.<\/div>\n<div class=\"note note-2\">A minim\u00e1lisan rendelhet\u0151 mennyis\u00e9g bizonyos sz\u00edn vagy m\u00e9ret eset\u00e9n, a gy\u00e1rt\u00e1si minimum figyelembev\u00e9tele miatt v\u00e1ltozhat.<\/div>\n<div class=\"note note-3\"><\/div>","protected":false},"excerpt":{"rendered":"<p>Rozsdamentes f\u00e9m \u00f6tv\u00f6zet, melyb\u0151l ad\u00f3d\u00f3an t\u00f6k\u00e9letes v\u00e1laszt\u00e1s ruhanem\u0171k, p\u00e1ntok szab\u00e1lyoz\u00e1s\u00e1ra.<\/p>","protected":false},"featured_media":351358,"comment_status":"closed","ping_status":"closed","template":"","meta":{"_seopress_robots_primary_cat":"none","_seopress_titles_title":"\u00d6nt\u00f6tt f\u00e9lkarika (10-40 mm) (AM\/B)","_seopress_titles_desc":"Rozsdamentes f\u00e9m \u00f6tv\u00f6zet, melyb\u0151l ad\u00f3d\u00f3an t\u00f6k\u00e9letes v\u00e1laszt\u00e1s ruhanem\u0171k, p\u00e1ntok szab\u00e1lyoz\u00e1s\u00e1ra.","_seopress_robots_index":""},"product_brand":[],"product_cat":[2167],"product_tag":[2364,2363],"class_list":{"0":"post-341878","1":"product","2":"type-product","3":"status-publish","4":"has-post-thumbnail","6":"product_cat-karikak-d-karikak-kulcskarikak","7":"product_tag-bordiszmu-es-ruhagyartas","8":"product_tag-cipogyartas-es-cipojavitas","9":"pa_meret-1898","10":"pa_meret-1903","11":"pa_meret-1906","12":"pa_meret-1870","13":"pa_meret-1871","14":"pa_szin-arany","15":"pa_szin-bronz-antik","16":"pa_szin-bronzex","17":"pa_szin-fekete-nikkel","18":"pa_szin-fenyes-sargarez","19":"pa_szin-kezi-szatinalt-sargarez-antik","20":"pa_szin-matt-nikkel","21":"pa_szin-nikkel","22":"pa_szin-nikkel-antik","23":"pa_szin-nikkelmentes-arany","24":"pa_szin-nikkelmentes-fekete-nikkel","25":"pa_szin-nikkelmentes-matt-nikkel","26":"pa_szin-nikkelmentes-nikkel","27":"pa_szin-nikkelmentes-nikkel-antik","28":"pa_szin-nikkelmentes-vilagos-arany","29":"pa_szin-rozsaszin-arany","30":"pa_szin-sargarez-antik","31":"pa_szin-vilagos-arany","32":"pa_szin-vilagos-sargarez-antik","34":"first","35":"instock","36":"purchasable","37":"product-type-variable"},"_links":{"self":[{"href":"https:\/\/cipokellekek.hu\/en\/wp-json\/wp\/v2\/product\/341878","targetHints":{"allow":["GET"]}}],"collection":[{"href":"https:\/\/cipokellekek.hu\/en\/wp-json\/wp\/v2\/product"}],"about":[{"href":"https:\/\/cipokellekek.hu\/en\/wp-json\/wp\/v2\/types\/product"}],"replies":[{"embeddable":true,"href":"https:\/\/cipokellekek.hu\/en\/wp-json\/wp\/v2\/comments?post=341878"}],"wp:featuredmedia":[{"embeddable":true,"href":"https:\/\/cipokellekek.hu\/en\/wp-json\/wp\/v2\/media\/351358"}],"wp:attachment":[{"href":"https:\/\/cipokellekek.hu\/en\/wp-json\/wp\/v2\/media?parent=341878"}],"wp:term":[{"taxonomy":"product_brand","embeddable":true,"href":"https:\/\/cipokellekek.hu\/en\/wp-json\/wp\/v2\/product_brand?post=341878"},{"taxonomy":"product_cat","embeddable":true,"href":"https:\/\/cipokellekek.hu\/en\/wp-json\/wp\/v2\/product_cat?post=341878"},{"taxonomy":"product_tag","embeddable":true,"href":"https:\/\/cipokellekek.hu\/en\/wp-json\/wp\/v2\/product_tag?post=341878"}],"curies":[{"name":"wp","href":"https:\/\/api.w.org\/{rel}","templated":true}]}}