{"id":341858,"date":"2023-09-11T16:52:56","date_gmt":"2023-09-11T14:52:56","guid":{"rendered":"https:\/\/dev.sysvol.hu\/belso\/termek\/taskabujtato-d-karika-50417\/"},"modified":"2025-10-11T19:50:43","modified_gmt":"2025-10-11T17:50:43","slug":"taskabujtato-d-karika-50417","status":"publish","type":"product","link":"https:\/\/cipokellekek.hu\/en\/uzlet\/karikak-d-karikak-kulcskarikak\/taskabujtato-d-karika-50417\/","title":{"rendered":"T\u00e1skab\u00fajtat\u00f3 (D karika) (50417)"},"content":{"rendered":"<div class=\"note note-1\">D alak\u00fa b\u00fajtat\u00f3 nikkel sz\u00ednben, t\u00f6bb m\u00e9retben (p\u00e1nt sz\u00e9less\u00e9g). Vastags\u00e1g: 6 mm<\/div>\n<div class=\"note note-2\"><\/div>\n<div class=\"note note-3\"><\/div>","protected":false},"excerpt":{"rendered":"<p>D alak\u00fa b\u00fajtat\u00f3 nikkel sz\u00ednben, t\u00f6bb m\u00e9retben (p\u00e1nt sz\u00e9less\u00e9g). Vastags\u00e1g: 6 mm<\/p>","protected":false},"featured_media":351356,"comment_status":"closed","ping_status":"closed","template":"","meta":{"_seopress_robots_primary_cat":"none","_seopress_titles_title":"T\u00e1skab\u00fajtat\u00f3 (D karika) (50417)","_seopress_titles_desc":"D alak\u00fa b\u00fajtat\u00f3 nikkel sz\u00ednben, t\u00f6bb m\u00e9retben (p\u00e1nt sz\u00e9less\u00e9g). Vastags\u00e1g: 6 mm","_seopress_robots_index":""},"product_brand":[],"product_cat":[2167],"product_tag":[2364],"class_list":{"0":"post-341858","1":"product","2":"type-product","3":"status-publish","4":"has-post-thumbnail","6":"product_cat-karikak-d-karikak-kulcskarikak","7":"product_tag-bordiszmu-es-ruhagyartas","8":"pa_meret-1903","9":"pa_meret-1906","10":"pa_meret-1870","12":"first","13":"instock","14":"purchasable","15":"product-type-variable"},"_links":{"self":[{"href":"https:\/\/cipokellekek.hu\/en\/wp-json\/wp\/v2\/product\/341858","targetHints":{"allow":["GET"]}}],"collection":[{"href":"https:\/\/cipokellekek.hu\/en\/wp-json\/wp\/v2\/product"}],"about":[{"href":"https:\/\/cipokellekek.hu\/en\/wp-json\/wp\/v2\/types\/product"}],"replies":[{"embeddable":true,"href":"https:\/\/cipokellekek.hu\/en\/wp-json\/wp\/v2\/comments?post=341858"}],"wp:featuredmedia":[{"embeddable":true,"href":"https:\/\/cipokellekek.hu\/en\/wp-json\/wp\/v2\/media\/351356"}],"wp:attachment":[{"href":"https:\/\/cipokellekek.hu\/en\/wp-json\/wp\/v2\/media?parent=341858"}],"wp:term":[{"taxonomy":"product_brand","embeddable":true,"href":"https:\/\/cipokellekek.hu\/en\/wp-json\/wp\/v2\/product_brand?post=341858"},{"taxonomy":"product_cat","embeddable":true,"href":"https:\/\/cipokellekek.hu\/en\/wp-json\/wp\/v2\/product_cat?post=341858"},{"taxonomy":"product_tag","embeddable":true,"href":"https:\/\/cipokellekek.hu\/en\/wp-json\/wp\/v2\/product_tag?post=341858"}],"curies":[{"name":"wp","href":"https:\/\/api.w.org\/{rel}","templated":true}]}}