{"id":341853,"date":"2023-09-11T16:52:40","date_gmt":"2023-09-11T14:52:40","guid":{"rendered":"https:\/\/dev.sysvol.hu\/belso\/termek\/delfin-kapocs-50324\/"},"modified":"2025-10-11T19:39:10","modified_gmt":"2025-10-11T17:39:10","slug":"delfin-kapocs-50324","status":"publish","type":"product","link":"https:\/\/cipokellekek.hu\/en\/uzlet\/karabinerek\/delfin-kapocs-50324\/","title":{"rendered":"Delfin kapocs (50324)"},"content":{"rendered":"<div class=\"note note-1\">\u00c9kszerkapocs nikkel sz\u00ednben. M\u00e9rete: 15&#215;8 mm<\/div>\n<div class=\"note note-2\">A minim\u00e1lisan rendelhet\u0151 mennyis\u00e9g bizonyos sz\u00edn vagy m\u00e9ret eset\u00e9n, a gy\u00e1rt\u00e1si minimum figyelembev\u00e9tele miatt v\u00e1ltozhat.<\/div>\n<div class=\"note note-3\"><\/div>","protected":false},"excerpt":{"rendered":"<p>\u00c9kszerkapocs nikkel sz\u00ednben. M\u00e9rete: 15\u00d78 mm<\/p>","protected":false},"featured_media":351354,"comment_status":"closed","ping_status":"closed","template":"","meta":{"_seopress_robots_primary_cat":"none","_seopress_titles_title":"Delfin kapocs (50324)","_seopress_titles_desc":"\u00c9kszerkapocs nikkel sz\u00ednben. M\u00e9rete: 15\u00d78 mm","_seopress_robots_index":""},"product_brand":[],"product_cat":[2166],"product_tag":[2364],"class_list":{"0":"post-341853","1":"product","2":"type-product","3":"status-publish","4":"has-post-thumbnail","6":"product_cat-karabinerek","7":"product_tag-bordiszmu-es-ruhagyartas","8":"pa_szin-fekete-nikkel","9":"pa_szin-fenyes-sargarez","10":"pa_szin-nikkel","12":"first","13":"instock","14":"purchasable","15":"product-type-variable"},"_links":{"self":[{"href":"https:\/\/cipokellekek.hu\/en\/wp-json\/wp\/v2\/product\/341853","targetHints":{"allow":["GET"]}}],"collection":[{"href":"https:\/\/cipokellekek.hu\/en\/wp-json\/wp\/v2\/product"}],"about":[{"href":"https:\/\/cipokellekek.hu\/en\/wp-json\/wp\/v2\/types\/product"}],"replies":[{"embeddable":true,"href":"https:\/\/cipokellekek.hu\/en\/wp-json\/wp\/v2\/comments?post=341853"}],"wp:featuredmedia":[{"embeddable":true,"href":"https:\/\/cipokellekek.hu\/en\/wp-json\/wp\/v2\/media\/351354"}],"wp:attachment":[{"href":"https:\/\/cipokellekek.hu\/en\/wp-json\/wp\/v2\/media?parent=341853"}],"wp:term":[{"taxonomy":"product_brand","embeddable":true,"href":"https:\/\/cipokellekek.hu\/en\/wp-json\/wp\/v2\/product_brand?post=341853"},{"taxonomy":"product_cat","embeddable":true,"href":"https:\/\/cipokellekek.hu\/en\/wp-json\/wp\/v2\/product_cat?post=341853"},{"taxonomy":"product_tag","embeddable":true,"href":"https:\/\/cipokellekek.hu\/en\/wp-json\/wp\/v2\/product_tag?post=341853"}],"curies":[{"name":"wp","href":"https:\/\/api.w.org\/{rel}","templated":true}]}}