{"id":341794,"date":"2023-09-11T16:52:40","date_gmt":"2023-09-11T14:52:40","guid":{"rendered":"https:\/\/dev.sysvol.hu\/belso\/termek\/poraz-karabiner-hp-520\/"},"modified":"2025-10-11T19:26:34","modified_gmt":"2025-10-11T17:26:34","slug":"poraz-karabiner-hp-520","status":"publish","type":"product","link":"https:\/\/cipokellekek.hu\/en\/uzlet\/karabinerek\/poraz-karabiner-hp-520\/","title":{"rendered":"P\u00f3r\u00e1z karab\u00edner (HP-520)"},"content":{"rendered":"<div class=\"note note-1\">\u00d6nt\u00f6tt karab\u00edner kutyafelszerel\u00e9shez. M\u00e9retek (hossz x bels\u0151 sz\u00e9less\u00e9g: 73&#215;20 mm, 73&#215;25 mm, 72&#215;40 mm, 75&#215;50 mm)<\/div>\n<div class=\"note note-2\">A minim\u00e1lisan rendelhet\u0151 mennyis\u00e9g bizonyos sz\u00edn vagy m\u00e9ret eset\u00e9n, a gy\u00e1rt\u00e1si minimum figyelembev\u00e9tele miatt v\u00e1ltozhat.<\/div>\n<div class=\"note note-3\"><\/div>","protected":false},"excerpt":{"rendered":"<p>\u00d6nt\u00f6tt karab\u00edner kutyafelszerel\u00e9shez. M\u00e9retek (hossz x bels\u0151 sz\u00e9less\u00e9g: 73&#215;20 mm, 73&#215;25 mm, 72&#215;40 mm, 75&#215;50 mm)<\/p>","protected":false},"featured_media":351350,"comment_status":"closed","ping_status":"closed","template":"","meta":{"_seopress_robots_primary_cat":"none","_seopress_titles_title":"P\u00f3r\u00e1z karab\u00edner (HP-520)","_seopress_titles_desc":"\u00d6nt\u00f6tt karab\u00edner kutyafelszerel\u00e9shez. M\u00e9retek (hossz x bels\u0151 sz\u00e9less\u00e9g: 73x20 mm, 73x25 mm, 72x40 mm, 75x50 mm)","_seopress_robots_index":""},"product_brand":[],"product_cat":[2166],"product_tag":[2364],"class_list":{"0":"post-341794","1":"product","2":"type-product","3":"status-publish","4":"has-post-thumbnail","6":"product_cat-karabinerek","7":"product_tag-bordiszmu-es-ruhagyartas","8":"pa_meret-1903","9":"pa_meret-1906","10":"pa_meret-1871","11":"pa_meret-1872","12":"pa_szin-arany","13":"pa_szin-ezust-antik","14":"pa_szin-fekete-nikkel","15":"pa_szin-nikkel","16":"pa_szin-sargarez-antik","18":"first","19":"instock","20":"purchasable","21":"product-type-variable"},"_links":{"self":[{"href":"https:\/\/cipokellekek.hu\/en\/wp-json\/wp\/v2\/product\/341794","targetHints":{"allow":["GET"]}}],"collection":[{"href":"https:\/\/cipokellekek.hu\/en\/wp-json\/wp\/v2\/product"}],"about":[{"href":"https:\/\/cipokellekek.hu\/en\/wp-json\/wp\/v2\/types\/product"}],"replies":[{"embeddable":true,"href":"https:\/\/cipokellekek.hu\/en\/wp-json\/wp\/v2\/comments?post=341794"}],"wp:featuredmedia":[{"embeddable":true,"href":"https:\/\/cipokellekek.hu\/en\/wp-json\/wp\/v2\/media\/351350"}],"wp:attachment":[{"href":"https:\/\/cipokellekek.hu\/en\/wp-json\/wp\/v2\/media?parent=341794"}],"wp:term":[{"taxonomy":"product_brand","embeddable":true,"href":"https:\/\/cipokellekek.hu\/en\/wp-json\/wp\/v2\/product_brand?post=341794"},{"taxonomy":"product_cat","embeddable":true,"href":"https:\/\/cipokellekek.hu\/en\/wp-json\/wp\/v2\/product_cat?post=341794"},{"taxonomy":"product_tag","embeddable":true,"href":"https:\/\/cipokellekek.hu\/en\/wp-json\/wp\/v2\/product_tag?post=341794"}],"curies":[{"name":"wp","href":"https:\/\/api.w.org\/{rel}","templated":true}]}}