{"id":341783,"date":"2023-09-11T16:52:40","date_gmt":"2023-09-11T14:52:40","guid":{"rendered":"https:\/\/dev.sysvol.hu\/belso\/termek\/karabiner-reklamtargyakhoz-hp-1062\/"},"modified":"2025-10-11T18:13:26","modified_gmt":"2025-10-11T16:13:26","slug":"karabiner-reklamtargyakhoz-hp-1062","status":"publish","type":"product","link":"https:\/\/cipokellekek.hu\/en\/uzlet\/karabinerek\/karabiner-reklamtargyakhoz-hp-1062\/","title":{"rendered":"Karab\u00edner rekl\u00e1mt\u00e1rgyakhoz (HP-1062)"},"content":{"rendered":"<div class=\"note note-1\">Karab\u00edner prom\u00f3ci\u00f3s term\u00e9kekhez, nyakp\u00e1ntokhoz.<\/div>\n<div class=\"note note-2\">A minim\u00e1lisan rendelhet\u0151 mennyis\u00e9g bizonyos sz\u00edn vagy m\u00e9ret eset\u00e9n, a gy\u00e1rt\u00e1si minimum figyelembev\u00e9tele miatt v\u00e1ltozhat.<\/div>\n<div class=\"note note-3\"><\/div>","protected":false},"excerpt":{"rendered":"<p>Karab\u00edner prom\u00f3ci\u00f3s term\u00e9kekhez, nyakp\u00e1ntokhoz.<\/p>","protected":false},"featured_media":351349,"comment_status":"closed","ping_status":"closed","template":"","meta":{"_seopress_robots_primary_cat":"none","_seopress_titles_title":"Karab\u00edner rekl\u00e1mt\u00e1rgyakhoz (HP-1062)","_seopress_titles_desc":"Karab\u00edner prom\u00f3ci\u00f3s term\u00e9kekhez, nyakp\u00e1ntokhoz.","_seopress_robots_index":""},"product_brand":[],"product_cat":[2166],"product_tag":[2364],"class_list":{"0":"post-341783","1":"product","2":"type-product","3":"status-publish","4":"has-post-thumbnail","6":"product_cat-karabinerek","7":"product_tag-bordiszmu-es-ruhagyartas","8":"pa_meret-1901","9":"pa_meret-1903","10":"pa_szin-arany","11":"pa_szin-ezust-antik","12":"pa_szin-fekete-nikkel","13":"pa_szin-nikkel","14":"pa_szin-sargarez-antik","16":"first","17":"instock","18":"purchasable","19":"product-type-variable"},"_links":{"self":[{"href":"https:\/\/cipokellekek.hu\/en\/wp-json\/wp\/v2\/product\/341783","targetHints":{"allow":["GET"]}}],"collection":[{"href":"https:\/\/cipokellekek.hu\/en\/wp-json\/wp\/v2\/product"}],"about":[{"href":"https:\/\/cipokellekek.hu\/en\/wp-json\/wp\/v2\/types\/product"}],"replies":[{"embeddable":true,"href":"https:\/\/cipokellekek.hu\/en\/wp-json\/wp\/v2\/comments?post=341783"}],"wp:featuredmedia":[{"embeddable":true,"href":"https:\/\/cipokellekek.hu\/en\/wp-json\/wp\/v2\/media\/351349"}],"wp:attachment":[{"href":"https:\/\/cipokellekek.hu\/en\/wp-json\/wp\/v2\/media?parent=341783"}],"wp:term":[{"taxonomy":"product_brand","embeddable":true,"href":"https:\/\/cipokellekek.hu\/en\/wp-json\/wp\/v2\/product_brand?post=341783"},{"taxonomy":"product_cat","embeddable":true,"href":"https:\/\/cipokellekek.hu\/en\/wp-json\/wp\/v2\/product_cat?post=341783"},{"taxonomy":"product_tag","embeddable":true,"href":"https:\/\/cipokellekek.hu\/en\/wp-json\/wp\/v2\/product_tag?post=341783"}],"curies":[{"name":"wp","href":"https:\/\/api.w.org\/{rel}","templated":true}]}}