{"id":341763,"date":"2023-09-11T16:52:40","date_gmt":"2023-09-11T14:52:40","guid":{"rendered":"https:\/\/dev.sysvol.hu\/belso\/termek\/taska-karabiner-50420\/"},"modified":"2025-10-11T18:03:06","modified_gmt":"2025-10-11T16:03:06","slug":"taska-karabiner-50420","status":"publish","type":"product","link":"https:\/\/cipokellekek.hu\/en\/uzlet\/karabinerek\/taska-karabiner-50420\/","title":{"rendered":"T\u00e1ska karab\u00edner (50420)"},"content":{"rendered":"<div class=\"note note-1\">\u00d6nt\u00f6tt karab\u00edner t\u00e1sk\u00e1khoz, s\u00e1rgar\u00e9z sz\u00ednben, t\u00f6bb m\u00e9retben. A k\u00e9p mellett szerepl\u0151 m\u00e9retek a bels\u0151 sz\u00e9less\u00e9ghez, a p\u00e1nthoz tartoznak.<\/div>\n<div class=\"note note-2\"><\/div>\n<div class=\"note note-3\"><\/div>","protected":false},"excerpt":{"rendered":"<p>\u00d6nt\u00f6tt karab\u00edner t\u00e1sk\u00e1khoz, s\u00e1rgar\u00e9z sz\u00ednben, t\u00f6bb m\u00e9retben. A k\u00e9p mellett szerepl\u0151 m\u00e9retek a bels\u0151 sz\u00e9less\u00e9ghez, a p\u00e1nthoz tartoznak.<\/p>","protected":false},"featured_media":351346,"comment_status":"closed","ping_status":"closed","template":"","meta":{"_seopress_robots_primary_cat":"none","_seopress_titles_title":"T\u00e1ska karab\u00edner (50420)","_seopress_titles_desc":"\u00d6nt\u00f6tt karab\u00edner t\u00e1sk\u00e1khoz, s\u00e1rgar\u00e9z sz\u00ednben, t\u00f6bb m\u00e9retben. A k\u00e9p mellett szerepl\u0151 m\u00e9retek a bels\u0151 sz\u00e9less\u00e9ghez, a p\u00e1nthoz tartoznak.","_seopress_robots_index":""},"product_brand":[],"product_cat":[2166],"product_tag":[2364],"class_list":{"0":"post-341763","1":"product","2":"type-product","3":"status-publish","4":"has-post-thumbnail","6":"product_cat-karabinerek","7":"product_tag-bordiszmu-es-ruhagyartas","8":"pa_meret-1903","9":"pa_meret-1906","10":"pa_szin-fenyes-sargarez","12":"first","13":"instock","14":"purchasable","15":"product-type-variable"},"_links":{"self":[{"href":"https:\/\/cipokellekek.hu\/en\/wp-json\/wp\/v2\/product\/341763","targetHints":{"allow":["GET"]}}],"collection":[{"href":"https:\/\/cipokellekek.hu\/en\/wp-json\/wp\/v2\/product"}],"about":[{"href":"https:\/\/cipokellekek.hu\/en\/wp-json\/wp\/v2\/types\/product"}],"replies":[{"embeddable":true,"href":"https:\/\/cipokellekek.hu\/en\/wp-json\/wp\/v2\/comments?post=341763"}],"wp:featuredmedia":[{"embeddable":true,"href":"https:\/\/cipokellekek.hu\/en\/wp-json\/wp\/v2\/media\/351346"}],"wp:attachment":[{"href":"https:\/\/cipokellekek.hu\/en\/wp-json\/wp\/v2\/media?parent=341763"}],"wp:term":[{"taxonomy":"product_brand","embeddable":true,"href":"https:\/\/cipokellekek.hu\/en\/wp-json\/wp\/v2\/product_brand?post=341763"},{"taxonomy":"product_cat","embeddable":true,"href":"https:\/\/cipokellekek.hu\/en\/wp-json\/wp\/v2\/product_cat?post=341763"},{"taxonomy":"product_tag","embeddable":true,"href":"https:\/\/cipokellekek.hu\/en\/wp-json\/wp\/v2\/product_tag?post=341763"}],"curies":[{"name":"wp","href":"https:\/\/api.w.org\/{rel}","templated":true}]}}