{"id":341669,"date":"2023-09-11T16:52:12","date_gmt":"2023-09-11T14:52:12","guid":{"rendered":"https:\/\/dev.sysvol.hu\/belso\/termek\/csatgumi-mbs-3914\/"},"modified":"2025-10-11T17:58:32","modified_gmt":"2025-10-11T15:58:32","slug":"csatgumi-mbs-3914","status":"publish","type":"product","link":"https:\/\/cipokellekek.hu\/en\/uzlet\/gumirugany-csatgumi\/csatgumi-mbs-3914\/","title":{"rendered":"Csatgumi (MBS-3914)"},"content":{"rendered":"<div class=\"note note-1\">Csatgumi, szand\u00e1lcsatok, cip\u0151csatok r\u00f6gz\u00edt\u00e9s\u00e9hez.<\/div>\n<div class=\"note note-2\">A minim\u00e1lisan rendelhet\u0151 mennyis\u00e9g bizonyos sz\u00edn vagy m\u00e9ret eset\u00e9n, a gy\u00e1rt\u00e1si minimum figyelembev\u00e9tele miatt v\u00e1ltozhat.<\/div>\n<div class=\"note note-3\"><\/div>","protected":false},"excerpt":{"rendered":"<p>Csatgumi, szand\u00e1lcsatok, cip\u0151csatok r\u00f6gz\u00edt\u00e9s\u00e9hez.<\/p>","protected":false},"featured_media":352906,"comment_status":"closed","ping_status":"closed","template":"","meta":{"_seopress_robots_primary_cat":"none","_seopress_titles_title":"Csatgumi (MBS-3914)","_seopress_titles_desc":"Csatgumi, szand\u00e1lcsatok, cip\u0151csatok r\u00f6gz\u00edt\u00e9s\u00e9hez.","_seopress_robots_index":""},"product_brand":[],"product_cat":[2159],"product_tag":[2363],"class_list":{"0":"post-341669","1":"product","2":"type-product","3":"status-publish","4":"has-post-thumbnail","6":"product_cat-gumirugany-csatgumi","7":"product_tag-cipogyartas-es-cipojavitas","8":"pa_meret-8-mm","9":"pa_meret-10-mm","10":"pa_meret-12-mm","11":"pa_meret-14-mm","12":"pa_meret-16-mm","13":"pa_meret-18-mm","14":"pa_meret-20-mm","15":"pa_meret-22-mm","16":"pa_meret-25-mm","17":"pa_meret-30-mm","18":"pa_szin-barna","19":"pa_szin-bezs","20":"pa_szin-feher","21":"pa_szin-fekete","22":"pa_szin-szines","24":"first","25":"instock","26":"purchasable","27":"product-type-variable"},"_links":{"self":[{"href":"https:\/\/cipokellekek.hu\/en\/wp-json\/wp\/v2\/product\/341669","targetHints":{"allow":["GET"]}}],"collection":[{"href":"https:\/\/cipokellekek.hu\/en\/wp-json\/wp\/v2\/product"}],"about":[{"href":"https:\/\/cipokellekek.hu\/en\/wp-json\/wp\/v2\/types\/product"}],"replies":[{"embeddable":true,"href":"https:\/\/cipokellekek.hu\/en\/wp-json\/wp\/v2\/comments?post=341669"}],"wp:featuredmedia":[{"embeddable":true,"href":"https:\/\/cipokellekek.hu\/en\/wp-json\/wp\/v2\/media\/352906"}],"wp:attachment":[{"href":"https:\/\/cipokellekek.hu\/en\/wp-json\/wp\/v2\/media?parent=341669"}],"wp:term":[{"taxonomy":"product_brand","embeddable":true,"href":"https:\/\/cipokellekek.hu\/en\/wp-json\/wp\/v2\/product_brand?post=341669"},{"taxonomy":"product_cat","embeddable":true,"href":"https:\/\/cipokellekek.hu\/en\/wp-json\/wp\/v2\/product_cat?post=341669"},{"taxonomy":"product_tag","embeddable":true,"href":"https:\/\/cipokellekek.hu\/en\/wp-json\/wp\/v2\/product_tag?post=341669"}],"curies":[{"name":"wp","href":"https:\/\/api.w.org\/{rel}","templated":true}]}}