{"id":341613,"date":"2023-09-11T16:52:12","date_gmt":"2023-09-11T14:52:12","guid":{"rendered":"https:\/\/dev.sysvol.hu\/belso\/termek\/gumirugany-mbs-3250\/"},"modified":"2025-10-11T17:54:00","modified_gmt":"2025-10-11T15:54:00","slug":"gumirugany-mbs-3250","status":"publish","type":"product","link":"https:\/\/cipokellekek.hu\/en\/uzlet\/gumirugany-csatgumi\/gumirugany-mbs-3250\/","title":{"rendered":"Gumirugany (MBS-3250)"},"content":{"rendered":"<div class=\"note note-1\">Gumirugany, cuggumi cip\u0151kh\u00f6z csizm\u00e1khoz.<\/div>\n<div class=\"note note-2\">A minim\u00e1lisan rendelhet\u0151 mennyis\u00e9g bizonyos sz\u00edn vagy m\u00e9ret eset\u00e9n, a gy\u00e1rt\u00e1si minimum figyelembev\u00e9tele miatt v\u00e1ltozhat.<\/div>\n<div class=\"note note-3\"><\/div>","protected":false},"excerpt":{"rendered":"<p>Gumirugany, cuggumi cip\u0151kh\u00f6z csizm\u00e1khoz.<\/p>","protected":false},"featured_media":351341,"comment_status":"closed","ping_status":"closed","template":"","meta":{"_seopress_robots_primary_cat":"none","_seopress_titles_title":"Gumirugany (MBS-3250)","_seopress_titles_desc":"Gumirugany, cuggumi cip\u0151kh\u00f6z csizm\u00e1khoz.","_seopress_robots_index":""},"product_brand":[],"product_cat":[2159],"product_tag":[2363],"class_list":{"0":"post-341613","1":"product","2":"type-product","3":"status-publish","4":"has-post-thumbnail","6":"product_cat-gumirugany-csatgumi","7":"product_tag-cipogyartas-es-cipojavitas","8":"pa_meret-8-mm","9":"pa_meret-10-mm","10":"pa_meret-20-mm","11":"pa_meret-30-mm","12":"pa_meret-40-mm","13":"pa_meret-50-mm","14":"pa_meret-60-mm","15":"pa_meret-70-mm","16":"pa_meret-80-mm","17":"pa_meret-90-mm","18":"pa_meret-100-mm","19":"pa_szin-barna","20":"pa_szin-bezs","21":"pa_szin-feher","22":"pa_szin-fekete","23":"pa_szin-szines","25":"first","26":"instock","27":"purchasable","28":"product-type-variable"},"_links":{"self":[{"href":"https:\/\/cipokellekek.hu\/en\/wp-json\/wp\/v2\/product\/341613","targetHints":{"allow":["GET"]}}],"collection":[{"href":"https:\/\/cipokellekek.hu\/en\/wp-json\/wp\/v2\/product"}],"about":[{"href":"https:\/\/cipokellekek.hu\/en\/wp-json\/wp\/v2\/types\/product"}],"replies":[{"embeddable":true,"href":"https:\/\/cipokellekek.hu\/en\/wp-json\/wp\/v2\/comments?post=341613"}],"wp:featuredmedia":[{"embeddable":true,"href":"https:\/\/cipokellekek.hu\/en\/wp-json\/wp\/v2\/media\/351341"}],"wp:attachment":[{"href":"https:\/\/cipokellekek.hu\/en\/wp-json\/wp\/v2\/media?parent=341613"}],"wp:term":[{"taxonomy":"product_brand","embeddable":true,"href":"https:\/\/cipokellekek.hu\/en\/wp-json\/wp\/v2\/product_brand?post=341613"},{"taxonomy":"product_cat","embeddable":true,"href":"https:\/\/cipokellekek.hu\/en\/wp-json\/wp\/v2\/product_cat?post=341613"},{"taxonomy":"product_tag","embeddable":true,"href":"https:\/\/cipokellekek.hu\/en\/wp-json\/wp\/v2\/product_tag?post=341613"}],"curies":[{"name":"wp","href":"https:\/\/api.w.org\/{rel}","templated":true}]}}