{"id":341592,"date":"2023-09-11T16:52:12","date_gmt":"2023-09-11T14:52:12","guid":{"rendered":"https:\/\/dev.sysvol.hu\/belso\/termek\/5-os-ringli-barazdalt-hof03-29\/"},"modified":"2025-10-11T13:18:06","modified_gmt":"2025-10-11T11:18:06","slug":"5-os-ringli-barazdalt-hof03-29","status":"publish","type":"product","link":"https:\/\/cipokellekek.hu\/en\/uzlet\/fuzoszemek\/5-os-ringli-barazdalt-hof03-29\/","title":{"rendered":"5-\u00f6s f\u0171z\u0151szem (ringli) bar\u00e1zd\u00e1lt (HOF03\/29) r\u00e9z"},"content":{"rendered":"<div class=\"note note-1\">R\u00e9z alap\u00fa f\u0171z\u0151szem (ringli): A: 9,5 mm B: 5,5 mm C: 5,2<\/div>\n<div class=\"note note-2\">A minim\u00e1lisan rendelhet\u0151 mennyis\u00e9g bizonyos sz\u00edn vagy m\u00e9ret eset\u00e9n, a gy\u00e1rt\u00e1si minimum figyelembev\u00e9tele miatt v\u00e1ltozhat.<\/div>\n<div class=\"note note-3\"><\/div>","protected":false},"excerpt":{"rendered":"<p>R\u00e9z alap\u00fa f\u0171z\u0151szem (ringli): A: 9,5 mm B: 5,5 mm C: 5,2<\/p>","protected":false},"featured_media":351337,"comment_status":"closed","ping_status":"closed","template":"","meta":{"_seopress_robots_primary_cat":"none","_seopress_titles_title":"5-\u00f6s f\u0171z\u0151szem (ringli) bar\u00e1zd\u00e1lt (HOF03\/29) r\u00e9z","_seopress_titles_desc":"R\u00e9z alap\u00fa f\u0171z\u0151szem (ringli): A: 9,5 mm B: 5,5 mm C: 5,2","_seopress_robots_index":""},"product_brand":[],"product_cat":[2144],"product_tag":[2364,2363,2295],"class_list":{"0":"post-341592","1":"product","2":"type-product","3":"status-publish","4":"has-post-thumbnail","6":"product_cat-fuzoszemek","7":"product_tag-bordiszmu-es-ruhagyartas","8":"product_tag-cipogyartas-es-cipojavitas","9":"product_tag-nyomdaipar","10":"pa_szin-arany","11":"pa_szin-bronz-antik","12":"pa_szin-bronzex","13":"pa_szin-ezust-antik","14":"pa_szin-fekete-nikkel","15":"pa_szin-fenyes-sargarez","16":"pa_szin-festett-ral","17":"pa_szin-matt-nikkel","18":"pa_szin-nikkel","19":"pa_szin-nikkelmentes-nikkel","20":"pa_szin-rozsaszin-arany","21":"pa_szin-sargarez-antik","23":"first","24":"instock","25":"purchasable","26":"product-type-variable"},"_links":{"self":[{"href":"https:\/\/cipokellekek.hu\/en\/wp-json\/wp\/v2\/product\/341592","targetHints":{"allow":["GET"]}}],"collection":[{"href":"https:\/\/cipokellekek.hu\/en\/wp-json\/wp\/v2\/product"}],"about":[{"href":"https:\/\/cipokellekek.hu\/en\/wp-json\/wp\/v2\/types\/product"}],"replies":[{"embeddable":true,"href":"https:\/\/cipokellekek.hu\/en\/wp-json\/wp\/v2\/comments?post=341592"}],"wp:featuredmedia":[{"embeddable":true,"href":"https:\/\/cipokellekek.hu\/en\/wp-json\/wp\/v2\/media\/351337"}],"wp:attachment":[{"href":"https:\/\/cipokellekek.hu\/en\/wp-json\/wp\/v2\/media?parent=341592"}],"wp:term":[{"taxonomy":"product_brand","embeddable":true,"href":"https:\/\/cipokellekek.hu\/en\/wp-json\/wp\/v2\/product_brand?post=341592"},{"taxonomy":"product_cat","embeddable":true,"href":"https:\/\/cipokellekek.hu\/en\/wp-json\/wp\/v2\/product_cat?post=341592"},{"taxonomy":"product_tag","embeddable":true,"href":"https:\/\/cipokellekek.hu\/en\/wp-json\/wp\/v2\/product_tag?post=341592"}],"curies":[{"name":"wp","href":"https:\/\/api.w.org\/{rel}","templated":true}]}}