{"id":341583,"date":"2023-09-11T16:52:12","date_gmt":"2023-09-11T14:52:12","guid":{"rendered":"https:\/\/dev.sysvol.hu\/belso\/termek\/alatet-4-es-ringlihez-root54\/"},"modified":"2025-10-11T13:21:51","modified_gmt":"2025-10-11T11:21:51","slug":"alatet-4-es-ringlihez-root54","status":"publish","type":"product","link":"https:\/\/cipokellekek.hu\/en\/uzlet\/fuzoszemek\/alatet-4-es-ringlihez-root54\/","title":{"rendered":"Al\u00e1t\u00e9t 4-es f\u0171z\u0151szemhez (ringlihez) (ROOT54)"},"content":{"rendered":"<div class=\"note note-1\">Al\u00e1t\u00e9t a 4X4 cikksz\u00e1m\u00fa f\u0171z\u0151szemhez (ringlihez). M\u00e9rete: 7,5&#215;5 mm<\/div>\n<div class=\"note note-2\"><\/div>\n<div class=\"note note-3\"><\/div>","protected":false},"excerpt":{"rendered":"<p>Al\u00e1t\u00e9t a 4X4 cikksz\u00e1m\u00fa f\u0171z\u0151szemhez (ringlihez). M\u00e9rete: 7,5&#215;5 mm<\/p>","protected":false},"featured_media":351336,"comment_status":"closed","ping_status":"closed","template":"","meta":{"_seopress_robots_primary_cat":"none","_seopress_titles_title":"Al\u00e1t\u00e9t 4-es f\u0171z\u0151szemhez (ringlihez) (ROOT54)","_seopress_titles_desc":"Al\u00e1t\u00e9t a 4X4 cikksz\u00e1m\u00fa f\u0171z\u0151szemhez (ringlihez). M\u00e9rete: 7,5x5 mm","_seopress_robots_index":""},"product_brand":[],"product_cat":[2144],"product_tag":[2364,2363,2295],"class_list":{"0":"post-341583","1":"product","2":"type-product","3":"status-publish","4":"has-post-thumbnail","6":"product_cat-fuzoszemek","7":"product_tag-bordiszmu-es-ruhagyartas","8":"product_tag-cipogyartas-es-cipojavitas","9":"product_tag-nyomdaipar","10":"pa_anyag-rez","11":"pa_anyag-vas","12":"pa_szin-bronz-antik","13":"pa_szin-fenyes-sargarez","14":"pa_szin-nikkel","15":"pa_szin-sargarez-antik","17":"first","18":"instock","19":"purchasable","20":"product-type-variable"},"_links":{"self":[{"href":"https:\/\/cipokellekek.hu\/en\/wp-json\/wp\/v2\/product\/341583","targetHints":{"allow":["GET"]}}],"collection":[{"href":"https:\/\/cipokellekek.hu\/en\/wp-json\/wp\/v2\/product"}],"about":[{"href":"https:\/\/cipokellekek.hu\/en\/wp-json\/wp\/v2\/types\/product"}],"replies":[{"embeddable":true,"href":"https:\/\/cipokellekek.hu\/en\/wp-json\/wp\/v2\/comments?post=341583"}],"wp:featuredmedia":[{"embeddable":true,"href":"https:\/\/cipokellekek.hu\/en\/wp-json\/wp\/v2\/media\/351336"}],"wp:attachment":[{"href":"https:\/\/cipokellekek.hu\/en\/wp-json\/wp\/v2\/media?parent=341583"}],"wp:term":[{"taxonomy":"product_brand","embeddable":true,"href":"https:\/\/cipokellekek.hu\/en\/wp-json\/wp\/v2\/product_brand?post=341583"},{"taxonomy":"product_cat","embeddable":true,"href":"https:\/\/cipokellekek.hu\/en\/wp-json\/wp\/v2\/product_cat?post=341583"},{"taxonomy":"product_tag","embeddable":true,"href":"https:\/\/cipokellekek.hu\/en\/wp-json\/wp\/v2\/product_tag?post=341583"}],"curies":[{"name":"wp","href":"https:\/\/api.w.org\/{rel}","templated":true}]}}