{"id":341572,"date":"2023-09-11T16:52:12","date_gmt":"2023-09-11T14:52:12","guid":{"rendered":"https:\/\/dev.sysvol.hu\/belso\/termek\/alatet-5-os-ringlihez-root51\/"},"modified":"2025-10-11T13:25:37","modified_gmt":"2025-10-11T11:25:37","slug":"alatet-5-os-ringlihez-root51","status":"publish","type":"product","link":"https:\/\/cipokellekek.hu\/en\/uzlet\/fuzoszemek\/alatet-5-os-ringlihez-root51\/","title":{"rendered":"Al\u00e1t\u00e9t 5-\u00f6s f\u0171z\u0151szemhez (ringlihez) (ROOT51)"},"content":{"rendered":"<div class=\"note note-1\">Al\u00e1t\u00e9t az 5X5 cikksz\u0171m\u00fa f\u0171z\u0151szemhez (ringlihez). M\u00e9rete: 9,5&#215;6 mm<\/div>\n<div class=\"note note-2\"><\/div>\n<div class=\"note note-3\"><\/div>","protected":false},"excerpt":{"rendered":"<p>Al\u00e1t\u00e9t az 5X5 cikksz\u0171m\u00fa f\u0171z\u0151szemhez (ringlihez). M\u00e9rete: 9,5&#215;6 mm<\/p>","protected":false},"featured_media":351335,"comment_status":"closed","ping_status":"closed","template":"","meta":{"_seopress_robots_primary_cat":"none","_seopress_titles_title":"Al\u00e1t\u00e9t 5-\u00f6s f\u0171z\u0151szemhez (ringlihez) (ROOT51)","_seopress_titles_desc":"Al\u00e1t\u00e9t az 5X5 cikksz\u0171m\u00fa f\u0171z\u0151szemhez (ringlihez). M\u00e9rete: 9,5x6 mm","_seopress_robots_index":""},"product_brand":[],"product_cat":[2144],"product_tag":[2364,2363,2295],"class_list":{"0":"post-341572","1":"product","2":"type-product","3":"status-publish","4":"has-post-thumbnail","6":"product_cat-fuzoszemek","7":"product_tag-bordiszmu-es-ruhagyartas","8":"product_tag-cipogyartas-es-cipojavitas","9":"product_tag-nyomdaipar","10":"pa_anyag-rez","11":"pa_anyag-vas","12":"pa_szin-bronz-antik","13":"pa_szin-fekete-nikkel","14":"pa_szin-fenyes-sargarez","15":"pa_szin-nikkel","16":"pa_szin-sargarez-antik","18":"first","19":"instock","20":"purchasable","21":"product-type-variable"},"_links":{"self":[{"href":"https:\/\/cipokellekek.hu\/en\/wp-json\/wp\/v2\/product\/341572","targetHints":{"allow":["GET"]}}],"collection":[{"href":"https:\/\/cipokellekek.hu\/en\/wp-json\/wp\/v2\/product"}],"about":[{"href":"https:\/\/cipokellekek.hu\/en\/wp-json\/wp\/v2\/types\/product"}],"replies":[{"embeddable":true,"href":"https:\/\/cipokellekek.hu\/en\/wp-json\/wp\/v2\/comments?post=341572"}],"wp:featuredmedia":[{"embeddable":true,"href":"https:\/\/cipokellekek.hu\/en\/wp-json\/wp\/v2\/media\/351335"}],"wp:attachment":[{"href":"https:\/\/cipokellekek.hu\/en\/wp-json\/wp\/v2\/media?parent=341572"}],"wp:term":[{"taxonomy":"product_brand","embeddable":true,"href":"https:\/\/cipokellekek.hu\/en\/wp-json\/wp\/v2\/product_brand?post=341572"},{"taxonomy":"product_cat","embeddable":true,"href":"https:\/\/cipokellekek.hu\/en\/wp-json\/wp\/v2\/product_cat?post=341572"},{"taxonomy":"product_tag","embeddable":true,"href":"https:\/\/cipokellekek.hu\/en\/wp-json\/wp\/v2\/product_tag?post=341572"}],"curies":[{"name":"wp","href":"https:\/\/api.w.org\/{rel}","templated":true}]}}