{"id":341504,"date":"2023-09-11T16:51:38","date_gmt":"2023-09-11T14:51:38","guid":{"rendered":"https:\/\/dev.sysvol.hu\/belso\/termek\/16-os-ringli-p-16-talatet\/"},"modified":"2025-11-03T23:32:36","modified_gmt":"2025-11-03T21:32:36","slug":"16-os-ringli-p-16-talatet","status":"publish","type":"product","link":"https:\/\/cipokellekek.hu\/en\/uzlet\/fuzoszemek\/16-os-ringli-p-16-talatet\/","title":{"rendered":"16-os f\u0171z\u0151szem (ringli) (P-16\/T+al\u00e1t\u00e9t)"},"content":{"rendered":"<div class=\"note note-1\">F\u0171z\u0151szem (ringli): A: 31 mm B: 16 mm C: 5,5 mm Al\u00e1t\u00e9t: 31x18x1,7 mm<\/div>\n<div class=\"note note-2\">A minim\u00e1lisan rendelhet\u0151 mennyis\u00e9g bizonyos sz\u00edn vagy m\u00e9ret eset\u00e9n, a gy\u00e1rt\u00e1si minimum figyelembev\u00e9tele miatt v\u00e1ltozhat.<\/div>\n<div class=\"note note-3\"><\/div>","protected":false},"excerpt":{"rendered":"<p>F\u0171z\u0151szem (ringli): A: 31 mm B: 16 mm C: 5,5 mm Al\u00e1t\u00e9t: 31x18x1,7 mm<\/p>","protected":false},"featured_media":351328,"comment_status":"closed","ping_status":"closed","template":"","meta":{"_seopress_robots_primary_cat":"none","_seopress_titles_title":"16-os f\u0171z\u0151szem (ringli) (P-16\/T+al\u00e1t\u00e9t)","_seopress_titles_desc":"F\u0171z\u0151szem (ringli): A: 31 mm B: 16 mm C: 5,5 mm Al\u00e1t\u00e9t: 31x18x1,7 mm","_seopress_robots_index":""},"product_brand":[],"product_cat":[2144],"product_tag":[2364,2363,2295],"class_list":{"0":"post-341504","1":"product","2":"type-product","3":"status-publish","4":"has-post-thumbnail","6":"product_cat-fuzoszemek","7":"product_tag-bordiszmu-es-ruhagyartas","8":"product_tag-cipogyartas-es-cipojavitas","9":"product_tag-nyomdaipar","10":"pa_anyag-rez","11":"pa_anyag-vas","12":"pa_szin-bronz-antik","13":"pa_szin-fenyes-sargarez","14":"pa_szin-nikkel","15":"pa_szin-sargarez-antik","17":"first","18":"instock","19":"purchasable","20":"product-type-variable"},"_links":{"self":[{"href":"https:\/\/cipokellekek.hu\/en\/wp-json\/wp\/v2\/product\/341504","targetHints":{"allow":["GET"]}}],"collection":[{"href":"https:\/\/cipokellekek.hu\/en\/wp-json\/wp\/v2\/product"}],"about":[{"href":"https:\/\/cipokellekek.hu\/en\/wp-json\/wp\/v2\/types\/product"}],"replies":[{"embeddable":true,"href":"https:\/\/cipokellekek.hu\/en\/wp-json\/wp\/v2\/comments?post=341504"}],"wp:featuredmedia":[{"embeddable":true,"href":"https:\/\/cipokellekek.hu\/en\/wp-json\/wp\/v2\/media\/351328"}],"wp:attachment":[{"href":"https:\/\/cipokellekek.hu\/en\/wp-json\/wp\/v2\/media?parent=341504"}],"wp:term":[{"taxonomy":"product_brand","embeddable":true,"href":"https:\/\/cipokellekek.hu\/en\/wp-json\/wp\/v2\/product_brand?post=341504"},{"taxonomy":"product_cat","embeddable":true,"href":"https:\/\/cipokellekek.hu\/en\/wp-json\/wp\/v2\/product_cat?post=341504"},{"taxonomy":"product_tag","embeddable":true,"href":"https:\/\/cipokellekek.hu\/en\/wp-json\/wp\/v2\/product_tag?post=341504"}],"curies":[{"name":"wp","href":"https:\/\/api.w.org\/{rel}","templated":true}]}}