{"id":341479,"date":"2023-09-11T16:51:38","date_gmt":"2023-09-11T14:51:38","guid":{"rendered":"https:\/\/dev.sysvol.hu\/belso\/termek\/12-es-ringli-lapos-p-12-lalatet\/"},"modified":"2025-11-03T23:30:04","modified_gmt":"2025-11-03T21:30:04","slug":"12-es-ringli-lapos-p-12-lalatet","status":"publish","type":"product","link":"https:\/\/cipokellekek.hu\/en\/uzlet\/fuzoszemek\/12-es-ringli-lapos-p-12-lalatet\/","title":{"rendered":"12-es f\u0171z\u0151szem (ringli) lapos (P-12\/L+al\u00e1t\u00e9t)"},"content":{"rendered":"<div class=\"note note-1\">F\u0171z\u0151szem (ringli): A: 22,5 mm B: 12 mm C: 7,3 mm Al\u00e1t\u00e9t: 22x12x1,5 mm<\/div>\n<div class=\"note note-2\">A minim\u00e1lisan rendelhet\u0151 mennyis\u00e9g bizonyos sz\u00edn vagy m\u00e9ret eset\u00e9n, a gy\u00e1rt\u00e1si minimum figyelembev\u00e9tele miatt v\u00e1ltozhat.<\/div>\n<div class=\"note note-3\"><\/div>","protected":false},"excerpt":{"rendered":"<p>F\u0171z\u0151szem (ringli): A: 22,5 mm B: 12 mm C: 7,3 mm Al\u00e1t\u00e9t: 22x12x1,5 mm<\/p>","protected":false},"featured_media":351326,"comment_status":"closed","ping_status":"closed","template":"","meta":{"_seopress_robots_primary_cat":"none","_seopress_titles_title":"12-es f\u0171z\u0151szem (ringli) lapos (P-12\/L+al\u00e1t\u00e9t)","_seopress_titles_desc":"F\u0171z\u0151szem (ringli): A: 22,5 mm B: 12 mm C: 7,3 mm Al\u00e1t\u00e9t: 22x12x1,5 mm","_seopress_robots_index":""},"product_brand":[],"product_cat":[2144],"product_tag":[2364,2363,2295],"class_list":{"0":"post-341479","1":"product","2":"type-product","3":"status-publish","4":"has-post-thumbnail","6":"product_cat-fuzoszemek","7":"product_tag-bordiszmu-es-ruhagyartas","8":"product_tag-cipogyartas-es-cipojavitas","9":"product_tag-nyomdaipar","10":"pa_anyag-rez","11":"pa_anyag-vas","12":"pa_szin-arany","13":"pa_szin-bronz-antik","14":"pa_szin-bronzex","15":"pa_szin-ezust-antik","16":"pa_szin-fekete-nikkel","17":"pa_szin-fenyes-sargarez","18":"pa_szin-festett-ral","19":"pa_szin-matt-nikkel","20":"pa_szin-nikkel","21":"pa_szin-nikkelmentes-nikkel","22":"pa_szin-rozsaszin-arany","23":"pa_szin-sargarez-antik","25":"first","26":"instock","27":"purchasable","28":"product-type-variable"},"_links":{"self":[{"href":"https:\/\/cipokellekek.hu\/en\/wp-json\/wp\/v2\/product\/341479","targetHints":{"allow":["GET"]}}],"collection":[{"href":"https:\/\/cipokellekek.hu\/en\/wp-json\/wp\/v2\/product"}],"about":[{"href":"https:\/\/cipokellekek.hu\/en\/wp-json\/wp\/v2\/types\/product"}],"replies":[{"embeddable":true,"href":"https:\/\/cipokellekek.hu\/en\/wp-json\/wp\/v2\/comments?post=341479"}],"wp:featuredmedia":[{"embeddable":true,"href":"https:\/\/cipokellekek.hu\/en\/wp-json\/wp\/v2\/media\/351326"}],"wp:attachment":[{"href":"https:\/\/cipokellekek.hu\/en\/wp-json\/wp\/v2\/media?parent=341479"}],"wp:term":[{"taxonomy":"product_brand","embeddable":true,"href":"https:\/\/cipokellekek.hu\/en\/wp-json\/wp\/v2\/product_brand?post=341479"},{"taxonomy":"product_cat","embeddable":true,"href":"https:\/\/cipokellekek.hu\/en\/wp-json\/wp\/v2\/product_cat?post=341479"},{"taxonomy":"product_tag","embeddable":true,"href":"https:\/\/cipokellekek.hu\/en\/wp-json\/wp\/v2\/product_tag?post=341479"}],"curies":[{"name":"wp","href":"https:\/\/api.w.org\/{rel}","templated":true}]}}