{"id":341345,"date":"2023-09-11T16:51:38","date_gmt":"2023-09-11T14:51:38","guid":{"rendered":"https:\/\/dev.sysvol.hu\/belso\/termek\/6-os-ringli-6x5vz\/"},"modified":"2025-10-11T16:33:28","modified_gmt":"2025-10-11T14:33:28","slug":"6-os-ringli-6x5vz","status":"publish","type":"product","link":"https:\/\/cipokellekek.hu\/en\/uzlet\/fuzoszemek\/6-os-ringli-6x5vz\/","title":{"rendered":"6-os f\u0171z\u0151szem (ringli) (6x5VZ)"},"content":{"rendered":"<div class=\"note note-1\">Vas alap\u00fa f\u0171z\u0151szem (ringli). A: 12,3 mm B: 6 mm C: 4 mm<\/div>\n<div class=\"note note-2\">A minim\u00e1lisan rendelhet\u0151 mennyis\u00e9g bizonyos sz\u00edn vagy m\u00e9ret eset\u00e9n, a gy\u00e1rt\u00e1si minimum figyelembev\u00e9tele miatt v\u00e1ltozhat.<\/div>\n<div class=\"note note-3\"><\/div>","protected":false},"excerpt":{"rendered":"<p>Vas alap\u00fa f\u0171z\u0151szem (ringli). A: 12,3 mm B: 6 mm C: 4 mm<\/p>","protected":false},"featured_media":351314,"comment_status":"closed","ping_status":"closed","template":"","meta":{"_seopress_robots_primary_cat":"none","_seopress_titles_title":"6-os f\u0171z\u0151szem (ringli) (6x5VZ)","_seopress_titles_desc":"Vas alap\u00fa f\u0171z\u0151szem (ringli). A: 12,3 mm B: 6 mm C: 4 mm","_seopress_robots_index":""},"product_brand":[],"product_cat":[2144],"product_tag":[2364,2363,2295],"class_list":{"0":"post-341345","1":"product","2":"type-product","3":"status-publish","4":"has-post-thumbnail","6":"product_cat-fuzoszemek","7":"product_tag-bordiszmu-es-ruhagyartas","8":"product_tag-cipogyartas-es-cipojavitas","9":"product_tag-nyomdaipar","10":"pa_anyag-rez","11":"pa_anyag-vas","12":"pa_szin-bronz-antik","13":"pa_szin-fenyes-sargarez","14":"pa_szin-nikkel","15":"pa_szin-sargarez-antik","17":"first","18":"instock","19":"purchasable","20":"product-type-variable"},"_links":{"self":[{"href":"https:\/\/cipokellekek.hu\/en\/wp-json\/wp\/v2\/product\/341345","targetHints":{"allow":["GET"]}}],"collection":[{"href":"https:\/\/cipokellekek.hu\/en\/wp-json\/wp\/v2\/product"}],"about":[{"href":"https:\/\/cipokellekek.hu\/en\/wp-json\/wp\/v2\/types\/product"}],"replies":[{"embeddable":true,"href":"https:\/\/cipokellekek.hu\/en\/wp-json\/wp\/v2\/comments?post=341345"}],"wp:featuredmedia":[{"embeddable":true,"href":"https:\/\/cipokellekek.hu\/en\/wp-json\/wp\/v2\/media\/351314"}],"wp:attachment":[{"href":"https:\/\/cipokellekek.hu\/en\/wp-json\/wp\/v2\/media?parent=341345"}],"wp:term":[{"taxonomy":"product_brand","embeddable":true,"href":"https:\/\/cipokellekek.hu\/en\/wp-json\/wp\/v2\/product_brand?post=341345"},{"taxonomy":"product_cat","embeddable":true,"href":"https:\/\/cipokellekek.hu\/en\/wp-json\/wp\/v2\/product_cat?post=341345"},{"taxonomy":"product_tag","embeddable":true,"href":"https:\/\/cipokellekek.hu\/en\/wp-json\/wp\/v2\/product_tag?post=341345"}],"curies":[{"name":"wp","href":"https:\/\/api.w.org\/{rel}","templated":true}]}}