{"id":341322,"date":"2023-09-11T16:51:18","date_gmt":"2023-09-11T14:51:18","guid":{"rendered":"https:\/\/dev.sysvol.hu\/belso\/termek\/5-os-ringli-hosszu-5x5vk\/"},"modified":"2025-10-11T16:50:00","modified_gmt":"2025-10-11T14:50:00","slug":"5-os-ringli-hosszu-5x5vk","status":"publish","type":"product","link":"https:\/\/cipokellekek.hu\/en\/uzlet\/fuzoszemek\/5-os-ringli-hosszu-5x5vk\/","title":{"rendered":"5-\u00f6s f\u0171z\u0151szem (ringli) hossz\u00fa (5X5VK)"},"content":{"rendered":"<div class=\"note note-1\">Vas alap\u00fa f\u0171z\u0151szem (ringli). A: 9,5 mm B: 5,1 mm C: 5,4 mm<\/div>\n<div class=\"note note-2\">A minim\u00e1lisan rendelhet\u0151 mennyis\u00e9g bizonyos sz\u00edn vagy m\u00e9ret eset\u00e9n, a gy\u00e1rt\u00e1si minimum figyelembev\u00e9tele miatt v\u00e1ltozhat.<\/div>\n<div class=\"note note-3\"><\/div>","protected":false},"excerpt":{"rendered":"<p>Vas alap\u00fa f\u0171z\u0151szem (ringli). A: 9,5 mm B: 5,1 mm C: 5,4 mm<\/p>","protected":false},"featured_media":351308,"comment_status":"closed","ping_status":"closed","template":"","meta":{"_seopress_robots_primary_cat":"none","_seopress_titles_title":"5-\u00f6s f\u0171z\u0151szem (ringli) hossz\u00fa (5X5VK)","_seopress_titles_desc":"Vas alap\u00fa f\u0171z\u0151szem (ringli). A: 9,5 mm B: 5,1 mm C: 5,4 mm","_seopress_robots_index":""},"product_brand":[],"product_cat":[2144],"product_tag":[2364,2363,2295],"class_list":{"0":"post-341322","1":"product","2":"type-product","3":"status-publish","4":"has-post-thumbnail","6":"product_cat-fuzoszemek","7":"product_tag-bordiszmu-es-ruhagyartas","8":"product_tag-cipogyartas-es-cipojavitas","9":"product_tag-nyomdaipar","10":"pa_szin-bronz-antik","11":"pa_szin-fenyes-sargarez","12":"pa_szin-nikkel","13":"pa_szin-sargarez-antik","15":"first","16":"instock","17":"purchasable","18":"product-type-variable"},"_links":{"self":[{"href":"https:\/\/cipokellekek.hu\/en\/wp-json\/wp\/v2\/product\/341322","targetHints":{"allow":["GET"]}}],"collection":[{"href":"https:\/\/cipokellekek.hu\/en\/wp-json\/wp\/v2\/product"}],"about":[{"href":"https:\/\/cipokellekek.hu\/en\/wp-json\/wp\/v2\/types\/product"}],"replies":[{"embeddable":true,"href":"https:\/\/cipokellekek.hu\/en\/wp-json\/wp\/v2\/comments?post=341322"}],"wp:featuredmedia":[{"embeddable":true,"href":"https:\/\/cipokellekek.hu\/en\/wp-json\/wp\/v2\/media\/351308"}],"wp:attachment":[{"href":"https:\/\/cipokellekek.hu\/en\/wp-json\/wp\/v2\/media?parent=341322"}],"wp:term":[{"taxonomy":"product_brand","embeddable":true,"href":"https:\/\/cipokellekek.hu\/en\/wp-json\/wp\/v2\/product_brand?post=341322"},{"taxonomy":"product_cat","embeddable":true,"href":"https:\/\/cipokellekek.hu\/en\/wp-json\/wp\/v2\/product_cat?post=341322"},{"taxonomy":"product_tag","embeddable":true,"href":"https:\/\/cipokellekek.hu\/en\/wp-json\/wp\/v2\/product_tag?post=341322"}],"curies":[{"name":"wp","href":"https:\/\/api.w.org\/{rel}","templated":true}]}}