{"id":341235,"date":"2023-09-11T16:51:18","date_gmt":"2023-09-11T14:51:18","guid":{"rendered":"https:\/\/dev.sysvol.hu\/belso\/termek\/3-mas-ringli-hosszu-p-602-h\/"},"modified":"2025-10-11T17:08:48","modified_gmt":"2025-10-11T15:08:48","slug":"3-mas-ringli-hosszu-p-602-h","status":"publish","type":"product","link":"https:\/\/cipokellekek.hu\/en\/uzlet\/fuzoszemek\/3-mas-ringli-hosszu-p-602-h\/","title":{"rendered":"3-mas f\u0171z\u0151szem (ringli) hossz\u00fa (P-602\/H)"},"content":{"rendered":"<div class=\"note note-1\">3-mas f\u0171z\u0151szem (ringli) hossz\u00fa. A: 6,2 mm B: 3,4 mm C: 4,3<\/div>\n<div class=\"note note-2\">A minim\u00e1lisan rendelhet\u0151 mennyis\u00e9g bizonyos sz\u00edn vagy m\u00e9ret eset\u00e9n, a gy\u00e1rt\u00e1si minimum figyelembev\u00e9tele miatt v\u00e1ltozhat.<\/div>\n<div class=\"note note-3\"><\/div>","protected":false},"excerpt":{"rendered":"<p>3-mas f\u0171z\u0151szem (ringli) hossz\u00fa. A: 6,2 mm B: 3,4 mm C: 4,3<\/p>","protected":false},"featured_media":351298,"comment_status":"closed","ping_status":"closed","template":"","meta":{"_seopress_robots_primary_cat":"none","_seopress_titles_title":"3-mas f\u0171z\u0151szem (ringli) hossz\u00fa (P-602\/H)","_seopress_titles_desc":"3-mas f\u0171z\u0151szem (ringli) hossz\u00fa. A: 6,2 mm B: 3,4 mm C: 4,3","_seopress_robots_index":""},"product_brand":[],"product_cat":[2144],"product_tag":[2364,2363,2295],"class_list":{"0":"post-341235","1":"product","2":"type-product","3":"status-publish","4":"has-post-thumbnail","6":"product_cat-fuzoszemek","7":"product_tag-bordiszmu-es-ruhagyartas","8":"product_tag-cipogyartas-es-cipojavitas","9":"product_tag-nyomdaipar","10":"pa_szin-bronz-antik","11":"pa_szin-fekete-nikkel","12":"pa_szin-fenyes-sargarez","13":"pa_szin-nikkel","14":"pa_szin-sargarez-antik","16":"first","17":"instock","18":"purchasable","19":"product-type-variable"},"_links":{"self":[{"href":"https:\/\/cipokellekek.hu\/en\/wp-json\/wp\/v2\/product\/341235","targetHints":{"allow":["GET"]}}],"collection":[{"href":"https:\/\/cipokellekek.hu\/en\/wp-json\/wp\/v2\/product"}],"about":[{"href":"https:\/\/cipokellekek.hu\/en\/wp-json\/wp\/v2\/types\/product"}],"replies":[{"embeddable":true,"href":"https:\/\/cipokellekek.hu\/en\/wp-json\/wp\/v2\/comments?post=341235"}],"wp:featuredmedia":[{"embeddable":true,"href":"https:\/\/cipokellekek.hu\/en\/wp-json\/wp\/v2\/media\/351298"}],"wp:attachment":[{"href":"https:\/\/cipokellekek.hu\/en\/wp-json\/wp\/v2\/media?parent=341235"}],"wp:term":[{"taxonomy":"product_brand","embeddable":true,"href":"https:\/\/cipokellekek.hu\/en\/wp-json\/wp\/v2\/product_brand?post=341235"},{"taxonomy":"product_cat","embeddable":true,"href":"https:\/\/cipokellekek.hu\/en\/wp-json\/wp\/v2\/product_cat?post=341235"},{"taxonomy":"product_tag","embeddable":true,"href":"https:\/\/cipokellekek.hu\/en\/wp-json\/wp\/v2\/product_tag?post=341235"}],"curies":[{"name":"wp","href":"https:\/\/api.w.org\/{rel}","templated":true}]}}