{"id":341231,"date":"2023-09-11T16:51:18","date_gmt":"2023-09-11T14:51:18","guid":{"rendered":"https:\/\/dev.sysvol.hu\/belso\/termek\/3-mas-ringli-normal-p-600\/"},"modified":"2025-10-11T16:39:13","modified_gmt":"2025-10-11T14:39:13","slug":"3-mas-ringli-normal-p-600","status":"publish","type":"product","link":"https:\/\/cipokellekek.hu\/en\/uzlet\/fuzoszemek\/3-mas-ringli-normal-p-600\/","title":{"rendered":"3-mas f\u0171z\u0151szem (ringli) norm\u00e1l (P-600)"},"content":{"rendered":"<div class=\"note note-1\">Bels\u0151 f\u0171z\u0151szem (ringli), haszn\u00e1lata javasolt eleg\u00e1ns cip\u0151kbe, vagy olyan term\u00e9kekbe, ahol nem szeretn\u00e9nk l\u00e1ttatni a f\u0171z\u0151szemet, de fontos sz\u00e1l stabil vezet\u00e9se. A: 6 mm B: 3,3 mm C: 2,8 mm<\/div>\n<div class=\"note note-2\">A minim\u00e1lisan rendelhet\u0151 mennyis\u00e9g bizonyos sz\u00edn vagy m\u00e9ret eset\u00e9n, a gy\u00e1rt\u00e1si minimum figyelembev\u00e9tele miatt v\u00e1ltozhat.<\/div>\n<div class=\"note note-3\"><\/div>","protected":false},"excerpt":{"rendered":"<p>Bels\u0151 f\u0171z\u0151szem (ringli), haszn\u00e1lata javasolt eleg\u00e1ns cip\u0151kbe, vagy olyan term\u00e9kekbe, ahol nem szeretn\u00e9nk l\u00e1ttatni a f\u0171z\u0151szemet, de fontos sz\u00e1l stabil vezet\u00e9se. A: 6 mm B: 3,3 mm C: 2,8 mm<\/p>","protected":false},"featured_media":351296,"comment_status":"closed","ping_status":"closed","template":"","meta":{"_seopress_robots_primary_cat":"none","_seopress_titles_title":"3-mas f\u0171z\u0151szem (ringli) norm\u00e1l (P-600)","_seopress_titles_desc":"Bels\u0151 f\u0171z\u0151szem (ringli). Eleg\u00e1ns cip\u0151kh\u00f6z aj\u00e1nlott, ahol rejtett f\u0171z\u0151szem \u00e9s stabil sz\u00e1lvezet\u00e9s sz\u00fcks\u00e9ges. A: 6 mm B: 3,3 mm C: 2,8 mm","_seopress_robots_index":""},"product_brand":[],"product_cat":[2144],"product_tag":[2364,2363,2295],"class_list":{"0":"post-341231","1":"product","2":"type-product","3":"status-publish","4":"has-post-thumbnail","6":"product_cat-fuzoszemek","7":"product_tag-bordiszmu-es-ruhagyartas","8":"product_tag-cipogyartas-es-cipojavitas","9":"product_tag-nyomdaipar","10":"pa_szin-bronz-antik","11":"pa_szin-nikkel","12":"pa_szin-sargarez-antik","14":"first","15":"instock","16":"purchasable","17":"product-type-variable"},"_links":{"self":[{"href":"https:\/\/cipokellekek.hu\/en\/wp-json\/wp\/v2\/product\/341231","targetHints":{"allow":["GET"]}}],"collection":[{"href":"https:\/\/cipokellekek.hu\/en\/wp-json\/wp\/v2\/product"}],"about":[{"href":"https:\/\/cipokellekek.hu\/en\/wp-json\/wp\/v2\/types\/product"}],"replies":[{"embeddable":true,"href":"https:\/\/cipokellekek.hu\/en\/wp-json\/wp\/v2\/comments?post=341231"}],"wp:featuredmedia":[{"embeddable":true,"href":"https:\/\/cipokellekek.hu\/en\/wp-json\/wp\/v2\/media\/351296"}],"wp:attachment":[{"href":"https:\/\/cipokellekek.hu\/en\/wp-json\/wp\/v2\/media?parent=341231"}],"wp:term":[{"taxonomy":"product_brand","embeddable":true,"href":"https:\/\/cipokellekek.hu\/en\/wp-json\/wp\/v2\/product_brand?post=341231"},{"taxonomy":"product_cat","embeddable":true,"href":"https:\/\/cipokellekek.hu\/en\/wp-json\/wp\/v2\/product_cat?post=341231"},{"taxonomy":"product_tag","embeddable":true,"href":"https:\/\/cipokellekek.hu\/en\/wp-json\/wp\/v2\/product_tag?post=341231"}],"curies":[{"name":"wp","href":"https:\/\/api.w.org\/{rel}","templated":true}]}}