{"id":341147,"date":"2023-09-11T16:51:02","date_gmt":"2023-09-11T14:51:02","guid":{"rendered":"https:\/\/dev.sysvol.hu\/belso\/termek\/fuzokapocs-p-521-te\/"},"modified":"2025-10-06T16:34:19","modified_gmt":"2025-10-06T14:34:19","slug":"fuzokapocs-p-521-te","status":"publish","type":"product","link":"https:\/\/cipokellekek.hu\/en\/uzlet\/fuzokapcsok\/vas\/fuzokapocs-p-521-te\/","title":{"rendered":"F\u0171z\u0151kapocs (P-521\/TE)"},"content":{"rendered":"<div class=\"note note-1\">A kapocs az SL3,0V06, 08 vagy 10 mm-es szegecsl\u00e1bbal r\u00f6gz\u00edthet\u0151.<\/div>\n<div class=\"note note-2\">A minim\u00e1lisan rendelhet\u0151 mennyis\u00e9g bizonyos sz\u00edn vagy m\u00e9ret eset\u00e9n, a gy\u00e1rt\u00e1si minimum figyelembev\u00e9tele miatt v\u00e1ltozhat.<\/div>\n<div class=\"note note-3\"><\/div>","protected":false},"excerpt":{"rendered":"<p>A kapocs az SL3,0V06, 08 vagy 10 mm-es szegecsl\u00e1bbal r\u00f6gz\u00edthet\u0151.<\/p>","protected":false},"featured_media":351286,"comment_status":"closed","ping_status":"closed","template":"","meta":{"_seopress_robots_primary_cat":"none","_seopress_titles_title":"F\u0171z\u0151kapocs (P-521\/TE)","_seopress_titles_desc":"A kapocs az SL3,0V06, 08 vagy 10 mm-es szegecsl\u00e1bbal r\u00f6gz\u00edthet\u0151.","_seopress_robots_index":""},"product_brand":[],"product_cat":[2141,2142],"product_tag":[2363],"class_list":{"0":"post-341147","1":"product","2":"type-product","3":"status-publish","4":"has-post-thumbnail","6":"product_cat-fuzokapcsok","7":"product_cat-vas","8":"product_tag-cipogyartas-es-cipojavitas","9":"pa_szin-barna","10":"pa_szin-bezs","11":"pa_szin-bronz-antik","12":"pa_szin-ezust-antik","13":"pa_szin-feher","14":"pa_szin-fekete","15":"pa_szin-fekete-nikkel","16":"pa_szin-fenyes-sargarez","17":"pa_szin-nikkel","18":"pa_szin-nikkelmentes-nikkel","19":"pa_szin-sargarez-antik","21":"first","22":"instock","23":"purchasable","24":"product-type-variable"},"_links":{"self":[{"href":"https:\/\/cipokellekek.hu\/en\/wp-json\/wp\/v2\/product\/341147","targetHints":{"allow":["GET"]}}],"collection":[{"href":"https:\/\/cipokellekek.hu\/en\/wp-json\/wp\/v2\/product"}],"about":[{"href":"https:\/\/cipokellekek.hu\/en\/wp-json\/wp\/v2\/types\/product"}],"replies":[{"embeddable":true,"href":"https:\/\/cipokellekek.hu\/en\/wp-json\/wp\/v2\/comments?post=341147"}],"wp:featuredmedia":[{"embeddable":true,"href":"https:\/\/cipokellekek.hu\/en\/wp-json\/wp\/v2\/media\/351286"}],"wp:attachment":[{"href":"https:\/\/cipokellekek.hu\/en\/wp-json\/wp\/v2\/media?parent=341147"}],"wp:term":[{"taxonomy":"product_brand","embeddable":true,"href":"https:\/\/cipokellekek.hu\/en\/wp-json\/wp\/v2\/product_brand?post=341147"},{"taxonomy":"product_cat","embeddable":true,"href":"https:\/\/cipokellekek.hu\/en\/wp-json\/wp\/v2\/product_cat?post=341147"},{"taxonomy":"product_tag","embeddable":true,"href":"https:\/\/cipokellekek.hu\/en\/wp-json\/wp\/v2\/product_tag?post=341147"}],"curies":[{"name":"wp","href":"https:\/\/api.w.org\/{rel}","templated":true}]}}