{"id":341123,"date":"2023-09-11T16:50:41","date_gmt":"2023-09-11T14:50:41","guid":{"rendered":"https:\/\/dev.sysvol.hu\/belso\/termek\/fuzokapocs-hgo-60\/"},"modified":"2025-10-06T19:05:41","modified_gmt":"2025-10-06T17:05:41","slug":"fuzokapocs-hgo-60","status":"publish","type":"product","link":"https:\/\/cipokellekek.hu\/en\/uzlet\/fuzokapcsok\/vas\/fuzokapocs-hgo-60\/","title":{"rendered":"F\u0171z\u0151kapocs (HGO-60)"},"content":{"rendered":"<div class=\"note note-1\">A kapocs a saj\u00e1t szegecsl\u00e1b\u00e1val r\u00f6gz\u00edthet\u0151, melynek hossza 8 mm.<\/div>\n<div class=\"note note-2\">A minim\u00e1lisan rendelhet\u0151 mennyis\u00e9g bizonyos sz\u00edn vagy m\u00e9ret eset\u00e9n, a gy\u00e1rt\u00e1si minimum figyelembev\u00e9tele miatt v\u00e1ltozhat.<\/div>\n<div class=\"note note-3\"><\/div>","protected":false},"excerpt":{"rendered":"<p>A kapocs a saj\u00e1t szegecsl\u00e1b\u00e1val r\u00f6gz\u00edthet\u0151, melynek hossza 8 mm.<\/p>","protected":false},"featured_media":351283,"comment_status":"closed","ping_status":"closed","template":"","meta":{"_seopress_robots_primary_cat":"none","_seopress_titles_title":"F\u0171z\u0151kapocs (HGO-60)","_seopress_titles_desc":"A kapocs a saj\u00e1t szegecsl\u00e1b\u00e1val r\u00f6gz\u00edthet\u0151, melynek hossza 8 mm.","_seopress_robots_index":""},"product_brand":[],"product_cat":[2141,2142],"product_tag":[2363],"class_list":{"0":"post-341123","1":"product","2":"type-product","3":"status-publish","4":"has-post-thumbnail","6":"product_cat-fuzokapcsok","7":"product_cat-vas","8":"product_tag-cipogyartas-es-cipojavitas","9":"pa_szin-bronz-antik","10":"pa_szin-ezust-antik","11":"pa_szin-fekete-nikkel","12":"pa_szin-fenyes-sargarez","13":"pa_szin-nikkel","14":"pa_szin-nikkelmentes-nikkel","15":"pa_szin-sargarez-antik","17":"first","18":"instock","19":"purchasable","20":"product-type-variable"},"_links":{"self":[{"href":"https:\/\/cipokellekek.hu\/en\/wp-json\/wp\/v2\/product\/341123","targetHints":{"allow":["GET"]}}],"collection":[{"href":"https:\/\/cipokellekek.hu\/en\/wp-json\/wp\/v2\/product"}],"about":[{"href":"https:\/\/cipokellekek.hu\/en\/wp-json\/wp\/v2\/types\/product"}],"replies":[{"embeddable":true,"href":"https:\/\/cipokellekek.hu\/en\/wp-json\/wp\/v2\/comments?post=341123"}],"wp:featuredmedia":[{"embeddable":true,"href":"https:\/\/cipokellekek.hu\/en\/wp-json\/wp\/v2\/media\/351283"}],"wp:attachment":[{"href":"https:\/\/cipokellekek.hu\/en\/wp-json\/wp\/v2\/media?parent=341123"}],"wp:term":[{"taxonomy":"product_brand","embeddable":true,"href":"https:\/\/cipokellekek.hu\/en\/wp-json\/wp\/v2\/product_brand?post=341123"},{"taxonomy":"product_cat","embeddable":true,"href":"https:\/\/cipokellekek.hu\/en\/wp-json\/wp\/v2\/product_cat?post=341123"},{"taxonomy":"product_tag","embeddable":true,"href":"https:\/\/cipokellekek.hu\/en\/wp-json\/wp\/v2\/product_tag?post=341123"}],"curies":[{"name":"wp","href":"https:\/\/api.w.org\/{rel}","templated":true}]}}