{"id":341091,"date":"2023-09-11T16:50:41","date_gmt":"2023-09-11T14:50:41","guid":{"rendered":"https:\/\/dev.sysvol.hu\/belso\/termek\/fuzokapocs-hgo-21-h\/"},"modified":"2025-10-06T18:56:38","modified_gmt":"2025-10-06T16:56:38","slug":"fuzokapocs-hgo-21-h","status":"publish","type":"product","link":"https:\/\/cipokellekek.hu\/en\/uzlet\/fuzokapcsok\/vas\/fuzokapocs-hgo-21-h\/","title":{"rendered":"F\u0171z\u0151kapocs (HGO-21\/H)"},"content":{"rendered":"<div class=\"note note-1\">A kapocs fel\u00fct\u00e9skor \u00f6nmag\u00e1ba peremez\u0151dik vissza.<\/div>\n<div class=\"note note-2\">A minim\u00e1lisan rendelhet\u0151 mennyis\u00e9g bizonyos sz\u00edn vagy m\u00e9ret eset\u00e9n, a gy\u00e1rt\u00e1si minimum figyelembev\u00e9tele miatt v\u00e1ltozhat.<\/div>\n<div class=\"note note-3\"><\/div>","protected":false},"excerpt":{"rendered":"<p>A kapocs fel\u00fct\u00e9skor \u00f6nmag\u00e1ba peremez\u0151dik vissza.<\/p>","protected":false},"featured_media":351279,"comment_status":"closed","ping_status":"closed","template":"","meta":{"_seopress_robots_primary_cat":"none","_seopress_titles_title":"F\u0171z\u0151kapocs (HGO-21\/H)","_seopress_titles_desc":"A kapocs fel\u00fct\u00e9skor \u00f6nmag\u00e1ba peremez\u0151dik vissza.","_seopress_robots_index":""},"product_brand":[],"product_cat":[2141,2142],"product_tag":[2363],"class_list":{"0":"post-341091","1":"product","2":"type-product","3":"status-publish","4":"has-post-thumbnail","6":"product_cat-fuzokapcsok","7":"product_cat-vas","8":"product_tag-cipogyartas-es-cipojavitas","9":"pa_szin-bronz-antik","10":"pa_szin-ezust-antik","11":"pa_szin-fekete-nikkel","12":"pa_szin-fenyes-sargarez","13":"pa_szin-nikkel","14":"pa_szin-nikkelmentes-nikkel","15":"pa_szin-sargarez-antik","17":"first","18":"instock","19":"purchasable","20":"product-type-variable"},"_links":{"self":[{"href":"https:\/\/cipokellekek.hu\/en\/wp-json\/wp\/v2\/product\/341091","targetHints":{"allow":["GET"]}}],"collection":[{"href":"https:\/\/cipokellekek.hu\/en\/wp-json\/wp\/v2\/product"}],"about":[{"href":"https:\/\/cipokellekek.hu\/en\/wp-json\/wp\/v2\/types\/product"}],"replies":[{"embeddable":true,"href":"https:\/\/cipokellekek.hu\/en\/wp-json\/wp\/v2\/comments?post=341091"}],"wp:featuredmedia":[{"embeddable":true,"href":"https:\/\/cipokellekek.hu\/en\/wp-json\/wp\/v2\/media\/351279"}],"wp:attachment":[{"href":"https:\/\/cipokellekek.hu\/en\/wp-json\/wp\/v2\/media?parent=341091"}],"wp:term":[{"taxonomy":"product_brand","embeddable":true,"href":"https:\/\/cipokellekek.hu\/en\/wp-json\/wp\/v2\/product_brand?post=341091"},{"taxonomy":"product_cat","embeddable":true,"href":"https:\/\/cipokellekek.hu\/en\/wp-json\/wp\/v2\/product_cat?post=341091"},{"taxonomy":"product_tag","embeddable":true,"href":"https:\/\/cipokellekek.hu\/en\/wp-json\/wp\/v2\/product_tag?post=341091"}],"curies":[{"name":"wp","href":"https:\/\/api.w.org\/{rel}","templated":true}]}}