{"id":340921,"date":"2023-09-11T16:50:19","date_gmt":"2023-09-11T14:50:19","guid":{"rendered":"https:\/\/dev.sysvol.hu\/belso\/termek\/ontott-disz-6018\/"},"modified":"2025-10-04T20:28:10","modified_gmt":"2025-10-04T18:28:10","slug":"ontott-disz-6018","status":"publish","type":"product","link":"https:\/\/cipokellekek.hu\/en\/uzlet\/diszek\/ontott-disz-6018\/","title":{"rendered":"\u00d6nt\u00f6tt d\u00edsz (6018)"},"content":{"rendered":"<div class=\"note note-1\">\u00d6nt\u00f6tt d\u00edsz b\u00fajtat\u00f3val. M\u00e9retek: 65 mm x 26 mm, p\u00e1ntsz\u00e9less\u00e9g 15 mm<\/div>\n<div class=\"note note-2\"><\/div>\n<div class=\"note note-3\"><\/div>","protected":false},"excerpt":{"rendered":"<p>\u00d6nt\u00f6tt d\u00edsz b\u00fajtat\u00f3val. M\u00e9retek: 65 mm x 26 mm, p\u00e1ntsz\u00e9less\u00e9g 15 mm<\/p>","protected":false},"featured_media":351268,"comment_status":"closed","ping_status":"closed","template":"","meta":{"_seopress_robots_primary_cat":"none","_seopress_titles_title":"\u00d6nt\u00f6tt d\u00edsz (6018)","_seopress_titles_desc":"\u00d6nt\u00f6tt d\u00edsz b\u00fajtat\u00f3val. M\u00e9retek: 65 mm x 26 mm, p\u00e1ntsz\u00e9less\u00e9g 15 mm","_seopress_robots_index":""},"product_brand":[],"product_cat":[2140],"product_tag":[2364,2363],"class_list":{"0":"post-340921","1":"product","2":"type-product","3":"status-publish","4":"has-post-thumbnail","6":"product_cat-diszek","7":"product_tag-bordiszmu-es-ruhagyartas","8":"product_tag-cipogyartas-es-cipojavitas","9":"pa_szin-fekete-nikkel","11":"first","12":"instock","13":"purchasable","14":"product-type-simple"},"_links":{"self":[{"href":"https:\/\/cipokellekek.hu\/en\/wp-json\/wp\/v2\/product\/340921","targetHints":{"allow":["GET"]}}],"collection":[{"href":"https:\/\/cipokellekek.hu\/en\/wp-json\/wp\/v2\/product"}],"about":[{"href":"https:\/\/cipokellekek.hu\/en\/wp-json\/wp\/v2\/types\/product"}],"replies":[{"embeddable":true,"href":"https:\/\/cipokellekek.hu\/en\/wp-json\/wp\/v2\/comments?post=340921"}],"wp:featuredmedia":[{"embeddable":true,"href":"https:\/\/cipokellekek.hu\/en\/wp-json\/wp\/v2\/media\/351268"}],"wp:attachment":[{"href":"https:\/\/cipokellekek.hu\/en\/wp-json\/wp\/v2\/media?parent=340921"}],"wp:term":[{"taxonomy":"product_brand","embeddable":true,"href":"https:\/\/cipokellekek.hu\/en\/wp-json\/wp\/v2\/product_brand?post=340921"},{"taxonomy":"product_cat","embeddable":true,"href":"https:\/\/cipokellekek.hu\/en\/wp-json\/wp\/v2\/product_cat?post=340921"},{"taxonomy":"product_tag","embeddable":true,"href":"https:\/\/cipokellekek.hu\/en\/wp-json\/wp\/v2\/product_tag?post=340921"}],"curies":[{"name":"wp","href":"https:\/\/api.w.org\/{rel}","templated":true}]}}