{"id":340794,"date":"2023-09-11T16:50:00","date_gmt":"2023-09-11T14:50:00","guid":{"rendered":"https:\/\/dev.sysvol.hu\/belso\/termek\/ontott-disz-2702\/"},"modified":"2025-10-06T00:24:10","modified_gmt":"2025-10-05T22:24:10","slug":"ontott-disz-2702","status":"publish","type":"product","link":"https:\/\/cipokellekek.hu\/en\/uzlet\/diszek\/ontott-disz-2702\/","title":{"rendered":"\u00d6nt\u00f6tt d\u00edsz (2702)"},"content":{"rendered":"<div class=\"note note-1\">\u00d6nt\u00f6tt d\u00edsz ruh\u00e1k mellr\u00e9szn\u00e9l t\u00f6rt\u00e9n\u0151 merev\u00edt\u00e9s\u00e9hez. M\u00e9rete: 65 mm x 45 mm<\/div>\n<div class=\"note note-2\"><\/div>\n<div class=\"note note-3\"><\/div>","protected":false},"excerpt":{"rendered":"<p>\u00d6nt\u00f6tt d\u00edsz ruh\u00e1k mellr\u00e9szn\u00e9l t\u00f6rt\u00e9n\u0151 merev\u00edt\u00e9s\u00e9hez. M\u00e9rete: 65 mm x 45 mm<\/p>","protected":false},"featured_media":351257,"comment_status":"closed","ping_status":"closed","template":"","meta":{"_seopress_robots_primary_cat":"none","_seopress_titles_title":"\u00d6nt\u00f6tt d\u00edsz (2702)","_seopress_titles_desc":"\u00d6nt\u00f6tt d\u00edsz ruh\u00e1k mellr\u00e9szn\u00e9l t\u00f6rt\u00e9n\u0151 merev\u00edt\u00e9s\u00e9hez. M\u00e9rete: 65 mm x 45 mm","_seopress_robots_index":""},"product_brand":[],"product_cat":[2140],"product_tag":[2364,2363],"class_list":{"0":"post-340794","1":"product","2":"type-product","3":"status-publish","4":"has-post-thumbnail","6":"product_cat-diszek","7":"product_tag-bordiszmu-es-ruhagyartas","8":"product_tag-cipogyartas-es-cipojavitas","9":"pa_szin-nikkel","10":"pa_szin-nikkelmentes-nikkel","12":"first","13":"instock","14":"purchasable","15":"product-type-variable"},"_links":{"self":[{"href":"https:\/\/cipokellekek.hu\/en\/wp-json\/wp\/v2\/product\/340794","targetHints":{"allow":["GET"]}}],"collection":[{"href":"https:\/\/cipokellekek.hu\/en\/wp-json\/wp\/v2\/product"}],"about":[{"href":"https:\/\/cipokellekek.hu\/en\/wp-json\/wp\/v2\/types\/product"}],"replies":[{"embeddable":true,"href":"https:\/\/cipokellekek.hu\/en\/wp-json\/wp\/v2\/comments?post=340794"}],"wp:featuredmedia":[{"embeddable":true,"href":"https:\/\/cipokellekek.hu\/en\/wp-json\/wp\/v2\/media\/351257"}],"wp:attachment":[{"href":"https:\/\/cipokellekek.hu\/en\/wp-json\/wp\/v2\/media?parent=340794"}],"wp:term":[{"taxonomy":"product_brand","embeddable":true,"href":"https:\/\/cipokellekek.hu\/en\/wp-json\/wp\/v2\/product_brand?post=340794"},{"taxonomy":"product_cat","embeddable":true,"href":"https:\/\/cipokellekek.hu\/en\/wp-json\/wp\/v2\/product_cat?post=340794"},{"taxonomy":"product_tag","embeddable":true,"href":"https:\/\/cipokellekek.hu\/en\/wp-json\/wp\/v2\/product_tag?post=340794"}],"curies":[{"name":"wp","href":"https:\/\/api.w.org\/{rel}","templated":true}]}}