{"id":340746,"date":"2023-09-11T16:49:44","date_gmt":"2023-09-11T14:49:44","guid":{"rendered":"https:\/\/dev.sysvol.hu\/belso\/termek\/ontott-disz-2620\/"},"modified":"2025-10-06T11:50:43","modified_gmt":"2025-10-06T09:50:43","slug":"ontott-disz-2620","status":"publish","type":"product","link":"https:\/\/cipokellekek.hu\/en\/uzlet\/diszek\/ontott-disz-2620\/","title":{"rendered":"\u00d6nt\u00f6tt d\u00edsz (2620)"},"content":{"rendered":"<div class=\"note note-1\">\u00d6nt\u00f6tt d\u00edsz szegecses r\u00f6gz\u00edt\u00e9ssel a h\u00e1toldal\u00e1n fekete nikkel sz\u00ednben. M\u00e9rete: 10 mm x 10 mm<\/div>\n<div class=\"note note-2\"><\/div>\n<div class=\"note note-3\"><\/div>","protected":false},"excerpt":{"rendered":"<p>\u00d6nt\u00f6tt d\u00edsz szegecses r\u00f6gz\u00edt\u00e9ssel a h\u00e1toldal\u00e1n fekete nikkel sz\u00ednben. M\u00e9rete: 10 mm x 10 mm<\/p>","protected":false},"featured_media":352842,"comment_status":"closed","ping_status":"closed","template":"","meta":{"_seopress_robots_primary_cat":"none","_seopress_titles_title":"\u00d6nt\u00f6tt d\u00edsz (2620)","_seopress_titles_desc":"\u00d6nt\u00f6tt d\u00edsz szegecses r\u00f6gz\u00edt\u00e9ssel a h\u00e1toldal\u00e1n fekete nikkel sz\u00ednben. M\u00e9rete: 10 mm x 10 mm","_seopress_robots_index":""},"product_brand":[],"product_cat":[2140],"product_tag":[2364,2363],"class_list":{"0":"post-340746","1":"product","2":"type-product","3":"status-publish","4":"has-post-thumbnail","6":"product_cat-diszek","7":"product_tag-bordiszmu-es-ruhagyartas","8":"product_tag-cipogyartas-es-cipojavitas","9":"pa_szin-fekete-nikkel","11":"first","12":"instock","13":"purchasable","14":"product-type-simple"},"_links":{"self":[{"href":"https:\/\/cipokellekek.hu\/en\/wp-json\/wp\/v2\/product\/340746","targetHints":{"allow":["GET"]}}],"collection":[{"href":"https:\/\/cipokellekek.hu\/en\/wp-json\/wp\/v2\/product"}],"about":[{"href":"https:\/\/cipokellekek.hu\/en\/wp-json\/wp\/v2\/types\/product"}],"replies":[{"embeddable":true,"href":"https:\/\/cipokellekek.hu\/en\/wp-json\/wp\/v2\/comments?post=340746"}],"wp:featuredmedia":[{"embeddable":true,"href":"https:\/\/cipokellekek.hu\/en\/wp-json\/wp\/v2\/media\/352842"}],"wp:attachment":[{"href":"https:\/\/cipokellekek.hu\/en\/wp-json\/wp\/v2\/media?parent=340746"}],"wp:term":[{"taxonomy":"product_brand","embeddable":true,"href":"https:\/\/cipokellekek.hu\/en\/wp-json\/wp\/v2\/product_brand?post=340746"},{"taxonomy":"product_cat","embeddable":true,"href":"https:\/\/cipokellekek.hu\/en\/wp-json\/wp\/v2\/product_cat?post=340746"},{"taxonomy":"product_tag","embeddable":true,"href":"https:\/\/cipokellekek.hu\/en\/wp-json\/wp\/v2\/product_tag?post=340746"}],"curies":[{"name":"wp","href":"https:\/\/api.w.org\/{rel}","templated":true}]}}