{"id":340705,"date":"2023-09-11T16:49:44","date_gmt":"2023-09-11T14:49:44","guid":{"rendered":"https:\/\/dev.sysvol.hu\/belso\/termek\/ontott-disz-2588-s\/"},"modified":"2025-10-06T11:45:09","modified_gmt":"2025-10-06T09:45:09","slug":"ontott-disz-2588-s","status":"publish","type":"product","link":"https:\/\/cipokellekek.hu\/en\/uzlet\/diszek\/ontott-disz-2588-s\/","title":{"rendered":"\u00d6nt\u00f6tt d\u00edsz (2588\/S)"},"content":{"rendered":"<div class=\"note note-1\">\u00d6nt\u00f6tt d\u00edsz, strassz l\u00e1nccal. M\u00e9retek: 60 mm x 10 mm, 6 mm sz\u00e9les p\u00e1nthoz.<\/div>\n<div class=\"note note-2\">A minim\u00e1lisan rendelhet\u0151 mennyis\u00e9g bizonyos sz\u00ednek eset\u00e9ben, a gy\u00e1rt\u00e1si minimum figyelembev\u00e9tel\u00e9vel v\u00e1ltozhat.<\/div>\n<div class=\"note note-3\"><\/div>","protected":false},"excerpt":{"rendered":"<p>\u00d6nt\u00f6tt d\u00edsz, strassz l\u00e1nccal. M\u00e9retek: 60 mm x 10 mm, 6 mm sz\u00e9les p\u00e1nthoz.<\/p>","protected":false},"featured_media":351246,"comment_status":"closed","ping_status":"closed","template":"","meta":{"_seopress_robots_primary_cat":"none","_seopress_titles_title":"\u00d6nt\u00f6tt d\u00edsz (2588\/S)","_seopress_titles_desc":"\u00d6nt\u00f6tt d\u00edsz, strassz l\u00e1nccal. M\u00e9retek: 60 mm x 10 mm, 6 mm sz\u00e9les p\u00e1nthoz.","_seopress_robots_index":""},"product_brand":[],"product_cat":[2140],"product_tag":[2364,2363],"class_list":{"0":"post-340705","1":"product","2":"type-product","3":"status-publish","4":"has-post-thumbnail","6":"product_cat-diszek","7":"product_tag-bordiszmu-es-ruhagyartas","8":"product_tag-cipogyartas-es-cipojavitas","9":"pa_szin-fekete-nikkel","11":"first","12":"instock","13":"purchasable","14":"product-type-simple"},"_links":{"self":[{"href":"https:\/\/cipokellekek.hu\/en\/wp-json\/wp\/v2\/product\/340705","targetHints":{"allow":["GET"]}}],"collection":[{"href":"https:\/\/cipokellekek.hu\/en\/wp-json\/wp\/v2\/product"}],"about":[{"href":"https:\/\/cipokellekek.hu\/en\/wp-json\/wp\/v2\/types\/product"}],"replies":[{"embeddable":true,"href":"https:\/\/cipokellekek.hu\/en\/wp-json\/wp\/v2\/comments?post=340705"}],"wp:featuredmedia":[{"embeddable":true,"href":"https:\/\/cipokellekek.hu\/en\/wp-json\/wp\/v2\/media\/351246"}],"wp:attachment":[{"href":"https:\/\/cipokellekek.hu\/en\/wp-json\/wp\/v2\/media?parent=340705"}],"wp:term":[{"taxonomy":"product_brand","embeddable":true,"href":"https:\/\/cipokellekek.hu\/en\/wp-json\/wp\/v2\/product_brand?post=340705"},{"taxonomy":"product_cat","embeddable":true,"href":"https:\/\/cipokellekek.hu\/en\/wp-json\/wp\/v2\/product_cat?post=340705"},{"taxonomy":"product_tag","embeddable":true,"href":"https:\/\/cipokellekek.hu\/en\/wp-json\/wp\/v2\/product_tag?post=340705"}],"curies":[{"name":"wp","href":"https:\/\/api.w.org\/{rel}","templated":true}]}}