{"id":340496,"date":"2023-09-11T16:48:58","date_gmt":"2023-09-11T14:48:58","guid":{"rendered":"https:\/\/dev.sysvol.hu\/belso\/termek\/ontott-disz-2468\/"},"modified":"2025-10-06T16:11:06","modified_gmt":"2025-10-06T14:11:06","slug":"ontott-disz-2468","status":"publish","type":"product","link":"https:\/\/cipokellekek.hu\/en\/uzlet\/diszek\/ontott-disz-2468\/","title":{"rendered":"\u00d6nt\u00f6tt d\u00edsz (2468)"},"content":{"rendered":"<div class=\"note note-1\">\u00d6nt\u00f6tt karika k\u00e9t m\u00e9retben.<\/div>\n<div class=\"note note-2\">A minim\u00e1lisan rendelhet\u0151 mennyis\u00e9g bizonyos sz\u00edn vagy m\u00e9ret eset\u00e9n, a gy\u00e1rt\u00e1si minimum figyelembev\u00e9tele miatt v\u00e1ltozhat.<\/div>\n<div class=\"note note-3\"><\/div>","protected":false},"excerpt":{"rendered":"<p>\u00d6nt\u00f6tt karika k\u00e9t m\u00e9retben.<\/p>","protected":false},"featured_media":351234,"comment_status":"closed","ping_status":"closed","template":"","meta":{"_seopress_robots_primary_cat":"none","_seopress_titles_title":"\u00d6nt\u00f6tt d\u00edsz (2468)","_seopress_titles_desc":"\u00d6nt\u00f6tt karika k\u00e9t m\u00e9retben. 12 \u00e9s 14 mm.","_seopress_robots_index":""},"product_brand":[],"product_cat":[2140],"product_tag":[2364,2363],"class_list":{"0":"post-340496","1":"product","2":"type-product","3":"status-publish","4":"has-post-thumbnail","6":"product_cat-diszek","7":"product_tag-bordiszmu-es-ruhagyartas","8":"product_tag-cipogyartas-es-cipojavitas","9":"pa_meret-1899","10":"pa_meret-1900","11":"pa_szin-nikkel","12":"pa_szin-sargarez-antik","14":"first","15":"instock","16":"purchasable","17":"product-type-variable"},"_links":{"self":[{"href":"https:\/\/cipokellekek.hu\/en\/wp-json\/wp\/v2\/product\/340496","targetHints":{"allow":["GET"]}}],"collection":[{"href":"https:\/\/cipokellekek.hu\/en\/wp-json\/wp\/v2\/product"}],"about":[{"href":"https:\/\/cipokellekek.hu\/en\/wp-json\/wp\/v2\/types\/product"}],"replies":[{"embeddable":true,"href":"https:\/\/cipokellekek.hu\/en\/wp-json\/wp\/v2\/comments?post=340496"}],"wp:featuredmedia":[{"embeddable":true,"href":"https:\/\/cipokellekek.hu\/en\/wp-json\/wp\/v2\/media\/351234"}],"wp:attachment":[{"href":"https:\/\/cipokellekek.hu\/en\/wp-json\/wp\/v2\/media?parent=340496"}],"wp:term":[{"taxonomy":"product_brand","embeddable":true,"href":"https:\/\/cipokellekek.hu\/en\/wp-json\/wp\/v2\/product_brand?post=340496"},{"taxonomy":"product_cat","embeddable":true,"href":"https:\/\/cipokellekek.hu\/en\/wp-json\/wp\/v2\/product_cat?post=340496"},{"taxonomy":"product_tag","embeddable":true,"href":"https:\/\/cipokellekek.hu\/en\/wp-json\/wp\/v2\/product_tag?post=340496"}],"curies":[{"name":"wp","href":"https:\/\/api.w.org\/{rel}","templated":true}]}}