{"id":340390,"date":"2023-09-11T16:48:58","date_gmt":"2023-09-11T14:48:58","guid":{"rendered":"https:\/\/dev.sysvol.hu\/belso\/termek\/ontott-disz-2110\/"},"modified":"2025-10-06T14:49:51","modified_gmt":"2025-10-06T12:49:51","slug":"ontott-disz-2110","status":"publish","type":"product","link":"https:\/\/cipokellekek.hu\/en\/uzlet\/diszek\/ontott-disz-2110\/","title":{"rendered":"\u00d6nt\u00f6tt d\u00edsz (2110)"},"content":{"rendered":"<div class=\"note note-1\">R\u00f6gz\u00edt\u00e9s: szegecs M\u00e9ret: 12 mm<\/div>\n<div class=\"note note-2\"><\/div>\n<div class=\"note note-3\"><\/div>","protected":false},"excerpt":{"rendered":"<p>R\u00f6gz\u00edt\u00e9s: szegecs M\u00e9ret: 12 mm<\/p>","protected":false},"featured_media":351225,"comment_status":"closed","ping_status":"closed","template":"","meta":{"_seopress_robots_primary_cat":"none","_seopress_titles_title":"\u00d6nt\u00f6tt d\u00edsz (2110)","_seopress_titles_desc":"R\u00f6gz\u00edt\u00e9s: szegecs M\u00e9ret: 12 mm","_seopress_robots_index":""},"product_brand":[],"product_cat":[2140],"product_tag":[2364,2363],"class_list":{"0":"post-340390","1":"product","2":"type-product","3":"status-publish","4":"has-post-thumbnail","6":"product_cat-diszek","7":"product_tag-bordiszmu-es-ruhagyartas","8":"product_tag-cipogyartas-es-cipojavitas","9":"pa_szin-sargarez-antik","11":"first","12":"instock","13":"purchasable","14":"product-type-simple"},"_links":{"self":[{"href":"https:\/\/cipokellekek.hu\/en\/wp-json\/wp\/v2\/product\/340390","targetHints":{"allow":["GET"]}}],"collection":[{"href":"https:\/\/cipokellekek.hu\/en\/wp-json\/wp\/v2\/product"}],"about":[{"href":"https:\/\/cipokellekek.hu\/en\/wp-json\/wp\/v2\/types\/product"}],"replies":[{"embeddable":true,"href":"https:\/\/cipokellekek.hu\/en\/wp-json\/wp\/v2\/comments?post=340390"}],"wp:featuredmedia":[{"embeddable":true,"href":"https:\/\/cipokellekek.hu\/en\/wp-json\/wp\/v2\/media\/351225"}],"wp:attachment":[{"href":"https:\/\/cipokellekek.hu\/en\/wp-json\/wp\/v2\/media?parent=340390"}],"wp:term":[{"taxonomy":"product_brand","embeddable":true,"href":"https:\/\/cipokellekek.hu\/en\/wp-json\/wp\/v2\/product_brand?post=340390"},{"taxonomy":"product_cat","embeddable":true,"href":"https:\/\/cipokellekek.hu\/en\/wp-json\/wp\/v2\/product_cat?post=340390"},{"taxonomy":"product_tag","embeddable":true,"href":"https:\/\/cipokellekek.hu\/en\/wp-json\/wp\/v2\/product_tag?post=340390"}],"curies":[{"name":"wp","href":"https:\/\/api.w.org\/{rel}","templated":true}]}}