{"id":340387,"date":"2023-09-11T16:48:09","date_gmt":"2023-09-11T14:48:09","guid":{"rendered":"https:\/\/dev.sysvol.hu\/belso\/termek\/ontott-disz-2075-i\/"},"modified":"2025-10-06T16:15:34","modified_gmt":"2025-10-06T14:15:34","slug":"ontott-disz-2075-i","status":"publish","type":"product","link":"https:\/\/cipokellekek.hu\/en\/uzlet\/diszek\/ontott-disz-2075-i\/","title":{"rendered":"\u00d6nt\u00f6tt d\u00edsz (2075\/I)"},"content":{"rendered":"<div class=\"note note-1\">M\u00e9ret: 75 mm x 25 mm, 10 mm sz\u00e9les p\u00e1nthoz.<\/div>\n<div class=\"note note-2\"><\/div>\n<div class=\"note note-3\"><\/div>","protected":false},"excerpt":{"rendered":"<p>M\u00e9ret: 75 mm x 25 mm, 10 mm sz\u00e9les p\u00e1nthoz.<\/p>","protected":false},"featured_media":351224,"comment_status":"closed","ping_status":"closed","template":"","meta":{"_seopress_robots_primary_cat":"none","_seopress_titles_title":"\u00d6nt\u00f6tt d\u00edsz (2075\/I)","_seopress_titles_desc":"M\u00e9ret: 75 mm x 25 mm, 10 mm sz\u00e9les p\u00e1nthoz.","_seopress_robots_index":""},"product_brand":[],"product_cat":[2140],"product_tag":[2364,2363],"class_list":{"0":"post-340387","1":"product","2":"type-product","3":"status-publish","4":"has-post-thumbnail","6":"product_cat-diszek","7":"product_tag-bordiszmu-es-ruhagyartas","8":"product_tag-cipogyartas-es-cipojavitas","9":"pa_szin-fenyes-sargarez","10":"pa_szin-nikkel","12":"first","13":"instock","14":"purchasable","15":"product-type-variable"},"_links":{"self":[{"href":"https:\/\/cipokellekek.hu\/en\/wp-json\/wp\/v2\/product\/340387","targetHints":{"allow":["GET"]}}],"collection":[{"href":"https:\/\/cipokellekek.hu\/en\/wp-json\/wp\/v2\/product"}],"about":[{"href":"https:\/\/cipokellekek.hu\/en\/wp-json\/wp\/v2\/types\/product"}],"replies":[{"embeddable":true,"href":"https:\/\/cipokellekek.hu\/en\/wp-json\/wp\/v2\/comments?post=340387"}],"wp:featuredmedia":[{"embeddable":true,"href":"https:\/\/cipokellekek.hu\/en\/wp-json\/wp\/v2\/media\/351224"}],"wp:attachment":[{"href":"https:\/\/cipokellekek.hu\/en\/wp-json\/wp\/v2\/media?parent=340387"}],"wp:term":[{"taxonomy":"product_brand","embeddable":true,"href":"https:\/\/cipokellekek.hu\/en\/wp-json\/wp\/v2\/product_brand?post=340387"},{"taxonomy":"product_cat","embeddable":true,"href":"https:\/\/cipokellekek.hu\/en\/wp-json\/wp\/v2\/product_cat?post=340387"},{"taxonomy":"product_tag","embeddable":true,"href":"https:\/\/cipokellekek.hu\/en\/wp-json\/wp\/v2\/product_tag?post=340387"}],"curies":[{"name":"wp","href":"https:\/\/api.w.org\/{rel}","templated":true}]}}