{"id":340299,"date":"2023-09-11T16:48:09","date_gmt":"2023-09-11T14:48:09","guid":{"rendered":"https:\/\/dev.sysvol.hu\/belso\/termek\/hegesztett-pergos-csat-50016-h\/"},"modified":"2025-10-01T17:17:46","modified_gmt":"2025-10-01T15:17:46","slug":"hegesztett-pergos-csat-50016-h","status":"publish","type":"product","link":"https:\/\/cipokellekek.hu\/en\/uzlet\/csatok\/pergos-csatok\/hegesztett-pergos-csat-50016-h\/","title":{"rendered":"Hegesztett perg\u0151s csat (50016\/H)"},"content":{"rendered":"<div class=\"note note-1\">Perg\u0151s csat\u00a0 t\u00e1sk\u00e1ra, \u00f6vre, kutyafelszerel\u00e9sre, hegesztett verzi\u00f3ban a nagyobb terhelhet\u0151s\u00e9g \u00e9rdek\u00e9ben.<\/div>\n<div class=\"note note-2\">A minim\u00e1lisan rendelhet\u0151 mennyis\u00e9g bizonyos sz\u00edn vagy m\u00e9ret eset\u00e9n, a gy\u00e1rt\u00e1si minimum figyelembev\u00e9tele miatt v\u00e1ltozhat.<\/div>\n<div class=\"note note-3\"><\/div>","protected":false},"excerpt":{"rendered":"<p>Perg\u0151s csat\u00a0 t\u00e1sk\u00e1ra, \u00f6vre, kutyafelszerel\u00e9sre, hegesztett verzi\u00f3ban a nagyobb terhelhet\u0151s\u00e9g \u00e9rdek\u00e9ben.<\/p>","protected":false},"featured_media":351220,"comment_status":"closed","ping_status":"closed","template":"","meta":{"_seopress_robots_primary_cat":"none","_seopress_titles_title":"Hegesztett perg\u0151s csat (50016\/H)","_seopress_titles_desc":"Perg\u0151s csat  t\u00e1sk\u00e1ra, \u00f6vre, kutyafelszerel\u00e9sre, hegesztett verzi\u00f3ban a nagyobb terhelhet\u0151s\u00e9g \u00e9rdek\u00e9ben.","_seopress_robots_index":""},"product_brand":[],"product_cat":[2102,2139],"product_tag":[2364],"class_list":{"0":"post-340299","1":"product","2":"type-product","3":"status-publish","4":"has-post-thumbnail","6":"product_cat-csatok","7":"product_cat-pergos-csatok","8":"product_tag-bordiszmu-es-ruhagyartas","9":"pa_meret-1903","10":"pa_meret-1904","11":"pa_meret-1906","12":"pa_meret-1870","13":"pa_meret-1909","14":"pa_meret-1871","15":"pa_meret-1872","16":"pa_szin-bronz-antik","17":"pa_szin-bronzex","18":"pa_szin-ezust-antik","19":"pa_szin-fekete-nikkel","20":"pa_szin-fenyes-sargarez","21":"pa_szin-matt-nikkel","22":"pa_szin-nikkel","23":"pa_szin-nikkelmentes-nikkel","24":"pa_szin-sargarez-antik","26":"first","27":"instock","28":"purchasable","29":"product-type-variable"},"_links":{"self":[{"href":"https:\/\/cipokellekek.hu\/en\/wp-json\/wp\/v2\/product\/340299","targetHints":{"allow":["GET"]}}],"collection":[{"href":"https:\/\/cipokellekek.hu\/en\/wp-json\/wp\/v2\/product"}],"about":[{"href":"https:\/\/cipokellekek.hu\/en\/wp-json\/wp\/v2\/types\/product"}],"replies":[{"embeddable":true,"href":"https:\/\/cipokellekek.hu\/en\/wp-json\/wp\/v2\/comments?post=340299"}],"wp:featuredmedia":[{"embeddable":true,"href":"https:\/\/cipokellekek.hu\/en\/wp-json\/wp\/v2\/media\/351220"}],"wp:attachment":[{"href":"https:\/\/cipokellekek.hu\/en\/wp-json\/wp\/v2\/media?parent=340299"}],"wp:term":[{"taxonomy":"product_brand","embeddable":true,"href":"https:\/\/cipokellekek.hu\/en\/wp-json\/wp\/v2\/product_brand?post=340299"},{"taxonomy":"product_cat","embeddable":true,"href":"https:\/\/cipokellekek.hu\/en\/wp-json\/wp\/v2\/product_cat?post=340299"},{"taxonomy":"product_tag","embeddable":true,"href":"https:\/\/cipokellekek.hu\/en\/wp-json\/wp\/v2\/product_tag?post=340299"}],"curies":[{"name":"wp","href":"https:\/\/api.w.org\/{rel}","templated":true}]}}