{"id":340262,"date":"2023-09-11T16:48:09","date_gmt":"2023-09-11T14:48:09","guid":{"rendered":"https:\/\/dev.sysvol.hu\/belso\/termek\/pergos-csat-50016\/"},"modified":"2025-10-01T17:15:22","modified_gmt":"2025-10-01T15:15:22","slug":"pergos-csat-50016","status":"publish","type":"product","link":"https:\/\/cipokellekek.hu\/en\/uzlet\/csatok\/pergos-csatok\/pergos-csat-50016\/","title":{"rendered":"Perg\u0151s csat (50016)"},"content":{"rendered":"<div class=\"note note-1\">Perg\u0151s csat hegeszt\u00e9s n\u00e9lk\u00fcl t\u00e1sk\u00e1ra, \u00f6vre, kutyafelszerel\u00e9sre, k\u00f6nnyebb ig\u00e9nybev\u00e9tel eset\u00e9n.<\/div>\n<div class=\"note note-2\">A minim\u00e1lisan rendelhet\u0151 mennyis\u00e9g bizonyos sz\u00edn vagy m\u00e9ret eset\u00e9n, a gy\u00e1rt\u00e1si minimum figyelembev\u00e9tele miatt v\u00e1ltozhat.<\/div>\n<div class=\"note note-3\"><\/div>","protected":false},"excerpt":{"rendered":"<p>Perg\u0151s csat hegeszt\u00e9s n\u00e9lk\u00fcl t\u00e1sk\u00e1ra, \u00f6vre, kutyafelszerel\u00e9sre, k\u00f6nnyebb ig\u00e9nybev\u00e9tel eset\u00e9n.<\/p>","protected":false},"featured_media":351219,"comment_status":"closed","ping_status":"closed","template":"","meta":{"_seopress_robots_primary_cat":"none","_seopress_titles_title":"Perg\u0151s csat (50016)","_seopress_titles_desc":"Perg\u0151s csat hegeszt\u00e9s n\u00e9lk\u00fcl t\u00e1sk\u00e1ra, \u00f6vre, kutyafelszerel\u00e9sre, k\u00f6nnyebb ig\u00e9nybev\u00e9tel eset\u00e9n.","_seopress_robots_index":""},"product_brand":[],"product_cat":[2102,2139],"product_tag":[2364],"class_list":{"0":"post-340262","1":"product","2":"type-product","3":"status-publish","4":"has-post-thumbnail","6":"product_cat-csatok","7":"product_cat-pergos-csatok","8":"product_tag-bordiszmu-es-ruhagyartas","9":"pa_meret-1900","10":"pa_meret-1901","11":"pa_meret-1902","12":"pa_meret-1903","13":"pa_szin-bronz-antik","14":"pa_szin-bronzex","15":"pa_szin-ezust-antik","16":"pa_szin-fekete-nikkel","17":"pa_szin-fenyes-sargarez","18":"pa_szin-matt-nikkel","19":"pa_szin-nikkel","20":"pa_szin-nikkelmentes-nikkel","21":"pa_szin-sargarez-antik","23":"first","24":"instock","25":"purchasable","26":"product-type-variable"},"_links":{"self":[{"href":"https:\/\/cipokellekek.hu\/en\/wp-json\/wp\/v2\/product\/340262","targetHints":{"allow":["GET"]}}],"collection":[{"href":"https:\/\/cipokellekek.hu\/en\/wp-json\/wp\/v2\/product"}],"about":[{"href":"https:\/\/cipokellekek.hu\/en\/wp-json\/wp\/v2\/types\/product"}],"replies":[{"embeddable":true,"href":"https:\/\/cipokellekek.hu\/en\/wp-json\/wp\/v2\/comments?post=340262"}],"wp:featuredmedia":[{"embeddable":true,"href":"https:\/\/cipokellekek.hu\/en\/wp-json\/wp\/v2\/media\/351219"}],"wp:attachment":[{"href":"https:\/\/cipokellekek.hu\/en\/wp-json\/wp\/v2\/media?parent=340262"}],"wp:term":[{"taxonomy":"product_brand","embeddable":true,"href":"https:\/\/cipokellekek.hu\/en\/wp-json\/wp\/v2\/product_brand?post=340262"},{"taxonomy":"product_cat","embeddable":true,"href":"https:\/\/cipokellekek.hu\/en\/wp-json\/wp\/v2\/product_cat?post=340262"},{"taxonomy":"product_tag","embeddable":true,"href":"https:\/\/cipokellekek.hu\/en\/wp-json\/wp\/v2\/product_tag?post=340262"}],"curies":[{"name":"wp","href":"https:\/\/api.w.org\/{rel}","templated":true}]}}